{"id":9900,"date":"2020-07-16T11:26:17","date_gmt":"2020-07-16T10:26:17","guid":{"rendered":"http:\/\/www.skycam.tn\/?page_id=9900"},"modified":"2022-05-27T13:00:33","modified_gmt":"2022-05-27T12:00:33","slug":"aerial-stock-shoot","status":"publish","type":"page","link":"https:\/\/skycam.tn\/en\/aerial-stock-shoot\/","title":{"rendered":"Aerial Stock Shot"},"content":{"rendered":"<h2>Aerial Video stock shot on Tunisia by drone<\/h2>\n<h2><\/h2>\n\n\n\n<p>&nbsp;<\/p>\n<p>\n<p>We offer a large stock aerial video shoot filmed in 4K by drone throughout Tunisia.<\/p>\n\n\n\n\n\n\n\n\n<figure class=\"wp-block-table\"><table><tbody><tr><td><img loading=\"lazy\" decoding=\"async\" width=\"200\" height=\"200\" class=\"wp-image-9666\" style=\"width: 200px;\" src=\"https:\/\/skycam.tn\/wp-content\/uploads\/2020\/04\/6.gif\" alt=\"\"><\/td><td><img loading=\"lazy\" decoding=\"async\" width=\"200\" height=\"200\" class=\"wp-image-9661\" style=\"width: 200px;\" src=\"https:\/\/skycam.tn\/wp-content\/uploads\/2020\/04\/1.gif\" alt=\"\"><\/td><td><img loading=\"lazy\" decoding=\"async\" width=\"200\" height=\"200\" class=\"wp-image-9665\" style=\"width: 200px;\" src=\"https:\/\/skycam.tn\/wp-content\/uploads\/2020\/04\/5.gif\" alt=\"\"><\/td><\/tr><tr><td><strong>Search &#8211; View<\/strong><\/td><td><strong>100% drone aerial videos<\/strong><\/td><td><strong>Download for pre-assembly<\/strong><\/td><\/tr><tr><td>Discover Tunisia and download your videos with a single click!<\/td><td>Aerial shots by Drones in HD and 4K format<\/td><td>Download our low definition aerial videos for FREE to do your pre-editing.<\/td><\/tr><tr><td><img loading=\"lazy\" decoding=\"async\" width=\"200\" height=\"200\" class=\"wp-image-9664\" style=\"width: 200px;\" src=\"https:\/\/skycam.tn\/wp-content\/uploads\/2020\/04\/4.gif\" alt=\"\"><\/td><td><img loading=\"lazy\" decoding=\"async\" width=\"200\" height=\"200\" class=\"wp-image-9663\" style=\"width: 200px;\" src=\"https:\/\/skycam.tn\/wp-content\/uploads\/2020\/04\/3.gif\" alt=\"\"><\/td><td><img loading=\"lazy\" decoding=\"async\" width=\"200\" height=\"200\" class=\"wp-image-9662\" style=\"width: 200px;\" src=\"https:\/\/skycam.tn\/wp-content\/uploads\/2020\/04\/2.gif\" alt=\"\"><\/td><\/tr><tr><td><strong>Order your plans<\/strong><\/td><td><strong>Decreasing pricing<\/strong><\/td><td><strong>Supplementary plans on request<\/strong><\/td><\/tr><tr><td>Place an order and buy only the plans you need!<\/td><td>We offer you a decreasing price per second. You only pay for the seconds you choose.<\/td><td>Can&#8217;t find your choice? No worries we turn your plans!<\/td><\/tr><\/tbody><\/table><\/figure>\n\n\n\n\n<p>&nbsp;<\/p>\n<h4><\/h4>\n<h2>Request for quotation<\/h2>\n<h4><br>Please fill out the form below, we will then send you the link relating to the regions requested :<\/h4>\n\n<p>&nbsp;<\/p>\n\n\n<div class=\"frm_forms  with_frm_style frm_style_style-formidable\" id=\"frm_form_18_container\" >\n<form enctype=\"multipart\/form-data\" method=\"post\" class=\"frm-show-form \" id=\"form_skycamstockshoot\" >\n<div class=\"frm_form_fields \">\n<fieldset>\n<legend class=\"frm_screen_reader\">Aerial Stock Shoot <\/legend>\r\n\r\n<div class=\"frm_fields_container\">\n<input type=\"hidden\" name=\"frm_action\" value=\"create\" \/>\n<input type=\"hidden\" name=\"form_id\" value=\"18\" \/>\n<input type=\"hidden\" name=\"frm_hide_fields_18\" id=\"frm_hide_fields_18\" value=\"\" \/>\n<input type=\"hidden\" name=\"form_key\" value=\"skycamstockshoot\" \/>\n<input type=\"hidden\" name=\"item_meta[0]\" value=\"\" \/>\n<input type=\"hidden\" id=\"frm_submit_entry_18\" name=\"frm_submit_entry_18\" value=\"8c02264d05\" \/><input type=\"hidden\" name=\"_wp_http_referer\" value=\"\/en\/wp-json\/wp\/v2\/pages\/9900\" \/><div id=\"frm_field_102_container\" class=\"frm_form_field form-field  frm_required_field frm_top_container frm6 frm_first\">\r\n    <label for=\"field_ampcm\" id=\"field_ampcm_label\" class=\"frm_primary_label\">Nom et Pr\u00e9nom\r\n        <span class=\"frm_required\">*<\/span>\r\n    <\/label>\r\n    <input type=\"text\" id=\"field_ampcm\" name=\"item_meta[102]\" value=\"\"  data-reqmsg=\"Ce champ ne peut pas \u00eatre vide\" aria-required=\"true\" data-invmsg=\"texte est non valide\" aria-invalid=\"false\"  \/>\r\n    \r\n    \r\n<\/div>\n<div id=\"frm_field_108_container\" class=\"frm_form_field form-field  frm_required_field frm_top_container frm6\">\r\n    <label for=\"field_765mw\" id=\"field_765mw_label\" class=\"frm_primary_label\">T\u00e9l\u00e9phone\r\n        <span class=\"frm_required\">*<\/span>\r\n    <\/label>\r\n    <input type=\"tel\" id=\"field_765mw\" name=\"item_meta[108]\" value=\"\"  data-reqmsg=\"Ce champ ne peut pas \u00eatre vide\" aria-required=\"true\" data-invmsg=\"Phone est non valide\" aria-invalid=\"false\" pattern=\"((\\+\\d{1,3}(-|.| )?\\(?\\d\\)?(-| |.)?\\d{1,5})|(\\(?\\d{2,6}\\)?))(-|.| )?(\\d{3,4})(-|.| )?(\\d{4})(( x| ext)\\d{1,5}){0,1}$\"  \/>\r\n    \r\n    \r\n<\/div>\n<div id=\"frm_field_105_container\" class=\"frm_form_field form-field  frm_required_field frm_top_container\">\r\n    <label for=\"field_c37ci\" id=\"field_c37ci_label\" class=\"frm_primary_label\">E-mail\r\n        <span class=\"frm_required\">*<\/span>\r\n    <\/label>\r\n    <input type=\"email\" id=\"field_c37ci\" name=\"item_meta[105]\" value=\"\"  data-reqmsg=\"Ce champ ne peut pas \u00eatre vide\" aria-required=\"true\" data-invmsg=\"E-mail est non valide\" aria-invalid=\"false\"  \/>\r\n    \r\n    \r\n<\/div>\n<div id=\"frm_field_107_container\" class=\"frm_form_field form-field  frm_required_field frm_top_container\">\r\n    <label for=\"field_kobrm\" id=\"field_kobrm_label\" class=\"frm_primary_label\">D\u00e9crivez les lieux Demand\u00e9s\r\n        <span class=\"frm_required\">*<\/span>\r\n    <\/label>\r\n    <textarea name=\"item_meta[107]\" id=\"field_kobrm\" rows=\"5\"  data-reqmsg=\"Ce champ ne peut pas \u00eatre vide\" aria-required=\"true\" data-invmsg=\"D\u00e9crivez les lieux Demand\u00e9s is invalid\" aria-invalid=\"false\"  ><\/textarea>\r\n    \r\n    \r\n<\/div>\n<div id=\"frm_field_109_container\" class=\"frm_form_field form-field  frm_none_container\">\r\n    <label for=\"g-recaptcha-response\" id=\"field_or239_label\" class=\"frm_primary_label\">reCAPTCHA\r\n        <span class=\"frm_required\"><\/span>\r\n    <\/label>\r\n    <div  id=\"field_or239\" class=\"g-recaptcha\" data-sitekey=\"6LefeBEUAAAAABr2tdBjI5n_0g36rAcmacpdTmIA\" data-size=\"normal\" data-theme=\"light\"><\/div>\r\n    \r\n    \r\n<\/div>\n\t<input type=\"hidden\" name=\"item_key\" value=\"\" \/>\n\t\t\t<div id=\"frm_field_176_container\">\n\t\t\t<label for=\"field_3x3j0\" >\n\t\t\t\tIf you are human, leave this field blank.\t\t\t<\/label>\n\t\t\t<input  id=\"field_3x3j0\" type=\"text\" class=\"frm_form_field form-field frm_verify\" name=\"item_meta[176]\" value=\"\"  \/>\n\t\t<\/div>\n\t\t<input name=\"frm_state\" type=\"hidden\" value=\"zd6kIK4NjWUHUycFekK9rbGvf5uPop1Orvt04FKMR0E=\" \/><div class=\"frm_submit\">\r\n\r\n<button class=\"frm_button_submit\" type=\"submit\"  >Envoyer<\/button>\r\n\r\n<\/div><\/div>\n<\/fieldset>\n<\/div>\n\n<\/form>\n<\/div>","protected":false},"excerpt":{"rendered":"<p>Aerial Video stock shot on Tunisia by drone &nbsp; We offer a large stock aerial video shoot filmed in 4K by drone throughout Tunisia. Search &#8211; View 100% drone aerial videos Download for pre-assembly Discover Tunisia and download your videos with a single click! Aerial&#8230;<\/p>\n","protected":false},"author":5,"featured_media":0,"parent":0,"menu_order":0,"comment_status":"closed","ping_status":"closed","template":"","meta":{"footnotes":""},"class_list":["post-9900","page","type-page","status-publish","hentry"],"yoast_head":"<!-- This site is optimized with the Yoast SEO plugin v26.9 - https:\/\/yoast.com\/product\/yoast-seo-wordpress\/ -->\n<title>Aerial Stock Shot - Skycam Tunisie - Prise de vue a\u00e9rienne par drone<\/title>\n<meta name=\"description\" content=\"Banque Vid\u00e9o A\u00e9rienne tunisienne r\u00e9alis\u00e9es par drone . Nous proposons des vid\u00e9os a\u00e9riennes film\u00e9es en vid\u00e9os 4K \u00e0 travers toute la Tunisie.\" \/>\n<meta name=\"robots\" content=\"index, follow, max-snippet:-1, max-image-preview:large, max-video-preview:-1\" \/>\n<link rel=\"canonical\" href=\"https:\/\/skycam.tn\/aerial-stock-shoot\/\" \/>\n<meta property=\"og:locale\" content=\"en_US\" \/>\n<meta property=\"og:type\" content=\"article\" \/>\n<meta property=\"og:title\" content=\"Aerial Stock Shot - Skycam Tunisie - Prise de vue a\u00e9rienne par drone\" \/>\n<meta property=\"og:description\" content=\"Banque Vid\u00e9o A\u00e9rienne tunisienne r\u00e9alis\u00e9es par drone . Nous proposons des vid\u00e9os a\u00e9riennes film\u00e9es en vid\u00e9os 4K \u00e0 travers toute la Tunisie.\" \/>\n<meta property=\"og:url\" content=\"https:\/\/skycam.tn\/aerial-stock-shoot\/\" \/>\n<meta property=\"og:site_name\" content=\"Prise de vue aerienne Tunisie, SkyCam, Aerial photography\" \/>\n<meta property=\"article:publisher\" content=\"https:\/\/www.facebook.com\/SkyCam-Tunisia-1558355201123457\/?fref=ts\" \/>\n<meta property=\"article:modified_time\" content=\"2022-05-27T12:00:33+00:00\" \/>\n<meta property=\"og:image\" content=\"https:\/\/skycam.tn\/wp-content\/uploads\/2020\/04\/6.gif\" \/>\n<meta name=\"twitter:card\" content=\"summary_large_image\" \/>\n<meta name=\"twitter:label1\" content=\"Est. reading time\" \/>\n\t<meta name=\"twitter:data1\" content=\"4 minutes\" \/>\n<script type=\"application\/ld+json\" class=\"yoast-schema-graph\">{\"@context\":\"https:\/\/schema.org\",\"@graph\":[{\"@type\":\"WebPage\",\"@id\":\"https:\/\/skycam.tn\/aerial-stock-shoot\/\",\"url\":\"https:\/\/skycam.tn\/aerial-stock-shoot\/\",\"name\":\"Aerial Stock Shot - Skycam Tunisie - Prise de vue a\u00e9rienne par drone\",\"isPartOf\":{\"@id\":\"https:\/\/skycam.tn\/#website\"},\"primaryImageOfPage\":{\"@id\":\"https:\/\/skycam.tn\/aerial-stock-shoot\/#primaryimage\"},\"image\":{\"@id\":\"https:\/\/skycam.tn\/aerial-stock-shoot\/#primaryimage\"},\"thumbnailUrl\":\"https:\/\/skycam.tn\/wp-content\/uploads\/2020\/04\/6.gif\",\"datePublished\":\"2020-07-16T10:26:17+00:00\",\"dateModified\":\"2022-05-27T12:00:33+00:00\",\"description\":\"Banque Vid\u00e9o A\u00e9rienne tunisienne r\u00e9alis\u00e9es par drone . Nous proposons des vid\u00e9os a\u00e9riennes film\u00e9es en vid\u00e9os 4K \u00e0 travers toute la Tunisie.\",\"breadcrumb\":{\"@id\":\"https:\/\/skycam.tn\/aerial-stock-shoot\/#breadcrumb\"},\"inLanguage\":\"en-US\",\"potentialAction\":[{\"@type\":\"ReadAction\",\"target\":[\"https:\/\/skycam.tn\/aerial-stock-shoot\/\"]}]},{\"@type\":\"ImageObject\",\"inLanguage\":\"en-US\",\"@id\":\"https:\/\/skycam.tn\/aerial-stock-shoot\/#primaryimage\",\"url\":\"https:\/\/skycam.tn\/wp-content\/uploads\/2020\/04\/6.gif\",\"contentUrl\":\"https:\/\/skycam.tn\/wp-content\/uploads\/2020\/04\/6.gif\"},{\"@type\":\"BreadcrumbList\",\"@id\":\"https:\/\/skycam.tn\/aerial-stock-shoot\/#breadcrumb\",\"itemListElement\":[{\"@type\":\"ListItem\",\"position\":1,\"name\":\"Accueil\",\"item\":\"https:\/\/skycam.tn\/\"},{\"@type\":\"ListItem\",\"position\":2,\"name\":\"Stock Shot a\u00e9rien\"}]},{\"@type\":\"WebSite\",\"@id\":\"https:\/\/skycam.tn\/#website\",\"url\":\"https:\/\/skycam.tn\/\",\"name\":\"Prise de vue aerienne Tunisie, SkyCam, Aerial photography\",\"description\":\"\",\"potentialAction\":[{\"@type\":\"SearchAction\",\"target\":{\"@type\":\"EntryPoint\",\"urlTemplate\":\"https:\/\/skycam.tn\/?s={search_term_string}\"},\"query-input\":{\"@type\":\"PropertyValueSpecification\",\"valueRequired\":true,\"valueName\":\"search_term_string\"}}],\"inLanguage\":\"en-US\"}]}<\/script>\n<!-- \/ Yoast SEO plugin. -->","yoast_head_json":{"title":"Aerial Stock Shot - Skycam Tunisie - Prise de vue a\u00e9rienne par drone","description":"Banque Vid\u00e9o A\u00e9rienne tunisienne r\u00e9alis\u00e9es par drone . Nous proposons des vid\u00e9os a\u00e9riennes film\u00e9es en vid\u00e9os 4K \u00e0 travers toute la Tunisie.","robots":{"index":"index","follow":"follow","max-snippet":"max-snippet:-1","max-image-preview":"max-image-preview:large","max-video-preview":"max-video-preview:-1"},"canonical":"https:\/\/skycam.tn\/aerial-stock-shoot\/","og_locale":"en_US","og_type":"article","og_title":"Aerial Stock Shot - Skycam Tunisie - Prise de vue a\u00e9rienne par drone","og_description":"Banque Vid\u00e9o A\u00e9rienne tunisienne r\u00e9alis\u00e9es par drone . Nous proposons des vid\u00e9os a\u00e9riennes film\u00e9es en vid\u00e9os 4K \u00e0 travers toute la Tunisie.","og_url":"https:\/\/skycam.tn\/aerial-stock-shoot\/","og_site_name":"Prise de vue aerienne Tunisie, SkyCam, Aerial photography","article_publisher":"https:\/\/www.facebook.com\/SkyCam-Tunisia-1558355201123457\/?fref=ts","article_modified_time":"2022-05-27T12:00:33+00:00","og_image":[{"url":"https:\/\/skycam.tn\/wp-content\/uploads\/2020\/04\/6.gif","type":"","width":"","height":""}],"twitter_card":"summary_large_image","twitter_misc":{"Est. reading time":"4 minutes"},"schema":{"@context":"https:\/\/schema.org","@graph":[{"@type":"WebPage","@id":"https:\/\/skycam.tn\/aerial-stock-shoot\/","url":"https:\/\/skycam.tn\/aerial-stock-shoot\/","name":"Aerial Stock Shot - Skycam Tunisie - Prise de vue a\u00e9rienne par drone","isPartOf":{"@id":"https:\/\/skycam.tn\/#website"},"primaryImageOfPage":{"@id":"https:\/\/skycam.tn\/aerial-stock-shoot\/#primaryimage"},"image":{"@id":"https:\/\/skycam.tn\/aerial-stock-shoot\/#primaryimage"},"thumbnailUrl":"https:\/\/skycam.tn\/wp-content\/uploads\/2020\/04\/6.gif","datePublished":"2020-07-16T10:26:17+00:00","dateModified":"2022-05-27T12:00:33+00:00","description":"Banque Vid\u00e9o A\u00e9rienne tunisienne r\u00e9alis\u00e9es par drone . Nous proposons des vid\u00e9os a\u00e9riennes film\u00e9es en vid\u00e9os 4K \u00e0 travers toute la Tunisie.","breadcrumb":{"@id":"https:\/\/skycam.tn\/aerial-stock-shoot\/#breadcrumb"},"inLanguage":"en-US","potentialAction":[{"@type":"ReadAction","target":["https:\/\/skycam.tn\/aerial-stock-shoot\/"]}]},{"@type":"ImageObject","inLanguage":"en-US","@id":"https:\/\/skycam.tn\/aerial-stock-shoot\/#primaryimage","url":"https:\/\/skycam.tn\/wp-content\/uploads\/2020\/04\/6.gif","contentUrl":"https:\/\/skycam.tn\/wp-content\/uploads\/2020\/04\/6.gif"},{"@type":"BreadcrumbList","@id":"https:\/\/skycam.tn\/aerial-stock-shoot\/#breadcrumb","itemListElement":[{"@type":"ListItem","position":1,"name":"Accueil","item":"https:\/\/skycam.tn\/"},{"@type":"ListItem","position":2,"name":"Stock Shot a\u00e9rien"}]},{"@type":"WebSite","@id":"https:\/\/skycam.tn\/#website","url":"https:\/\/skycam.tn\/","name":"Prise de vue aerienne Tunisie, SkyCam, Aerial photography","description":"","potentialAction":[{"@type":"SearchAction","target":{"@type":"EntryPoint","urlTemplate":"https:\/\/skycam.tn\/?s={search_term_string}"},"query-input":{"@type":"PropertyValueSpecification","valueRequired":true,"valueName":"search_term_string"}}],"inLanguage":"en-US"}]}},"_links":{"self":[{"href":"https:\/\/skycam.tn\/en\/wp-json\/wp\/v2\/pages\/9900"}],"collection":[{"href":"https:\/\/skycam.tn\/en\/wp-json\/wp\/v2\/pages"}],"about":[{"href":"https:\/\/skycam.tn\/en\/wp-json\/wp\/v2\/types\/page"}],"author":[{"embeddable":true,"href":"https:\/\/skycam.tn\/en\/wp-json\/wp\/v2\/users\/5"}],"replies":[{"embeddable":true,"href":"https:\/\/skycam.tn\/en\/wp-json\/wp\/v2\/comments?post=9900"}],"version-history":[{"count":21,"href":"https:\/\/skycam.tn\/en\/wp-json\/wp\/v2\/pages\/9900\/revisions"}],"predecessor-version":[{"id":11802,"href":"https:\/\/skycam.tn\/en\/wp-json\/wp\/v2\/pages\/9900\/revisions\/11802"}],"wp:attachment":[{"href":"https:\/\/skycam.tn\/en\/wp-json\/wp\/v2\/media?parent=9900"}],"curies":[{"name":"wp","href":"https:\/\/api.w.org\/{rel}","templated":true}]}}