{"id":8880,"date":"2020-03-04T11:56:59","date_gmt":"2020-03-04T10:56:59","guid":{"rendered":"http:\/\/www.skycam.tn\/?page_id=8880"},"modified":"2022-05-17T10:35:39","modified_gmt":"2022-05-17T09:35:39","slug":"visite-virtuelle-360","status":"publish","type":"page","link":"https:\/\/skycam.tn\/en\/visite-virtuelle-360\/","title":{"rendered":"Virtual tour"},"content":{"rendered":"<div style=\"text-align: justify;\">\n<\/h2>\n\n<h2>Virtual tour 360\u00b0 to stand out and gain height<\/h2>\n<p>&nbsp;<\/p>\n\n\n\n<\/p>\n\n<p>The aerial virtual tour allows you to have a 360 \u00b0 view over a wide geographical area, a district, a city, etc.<\/p>\n<p>The virtual visit offers a unique experience and enhances your spaces and establishment.<\/p>\n<p>The visitor is immersed in your place and interacts in the spaces as they please. The virtual tour allows you to differentiate yourself and attract your customers.<\/p>\n<p>&nbsp;<\/p>\n\n\n\n<\/p>\n\n\n\n\n<p>We create interactive content with our virtual tours by integrating (texts, images, videos, sounds) where the user can evolve at will. Our virtual tours are multi-device access: computer, tablet, smartphone, virtual reality headset, TV.\n<br> <\/p><\/div>\n\n\n\n<p><iframe loading=\"lazy\" src=\"https:\/\/samyfrikha.com\/DemoVR\/DemoVrTunisie_Skycam\/\" allowfullscreen=\"allowfullscreen\" width=\"900\" height=\"700\"><\/iframe><\/p>\n\n\n\n<p>&nbsp;<\/p>\n\n\n\n<div class=\"wp-block-spacer\" style=\"height: 100px;\" aria-hidden=\"true\">&nbsp;<\/div>\n\n\n\n<p>&nbsp;<\/p>\n\n\n\n<p>&nbsp;<\/p>","protected":false},"excerpt":{"rendered":"<p>Virtual tour 360\u00b0 to stand out and gain height &nbsp; The aerial virtual tour allows you to have a 360 \u00b0 view over a wide geographical area, a district, a city, etc. The virtual visit offers a unique experience and enhances your spaces and establishment&#8230;.<\/p>\n","protected":false},"author":5,"featured_media":0,"parent":0,"menu_order":0,"comment_status":"closed","ping_status":"closed","template":"","meta":{"footnotes":""},"class_list":["post-8880","page","type-page","status-publish","hentry"],"yoast_head":"<!-- This site is optimized with the Yoast SEO plugin v26.9 - https:\/\/yoast.com\/product\/yoast-seo-wordpress\/ -->\n<title>Visite virtuelle 360 Tunisie : Skycam Tunisia prise de vue a\u00e9rienne<\/title>\n<meta name=\"description\" content=\"Skycam Tunisie r\u00e9alise du contenu interactif avec les visites virtuelle en int\u00e9grant (textes, images, vid\u00e9os, sons) o\u00f9 l\u2019internaute peut \u00e9voluer \u00e0 sa guise,\" \/>\n<meta name=\"robots\" content=\"index, follow, max-snippet:-1, max-image-preview:large, max-video-preview:-1\" \/>\n<link rel=\"canonical\" href=\"https:\/\/skycam.tn\/visite-virtuelle-360\/\" \/>\n<meta property=\"og:locale\" content=\"en_US\" \/>\n<meta property=\"og:type\" content=\"article\" \/>\n<meta property=\"og:title\" content=\"Visite virtuelle 360 Tunisie : Skycam Tunisia prise de vue a\u00e9rienne\" \/>\n<meta property=\"og:description\" content=\"Skycam Tunisie r\u00e9alise du contenu interactif avec les visites virtuelle en int\u00e9grant (textes, images, vid\u00e9os, sons) o\u00f9 l\u2019internaute peut \u00e9voluer \u00e0 sa guise,\" \/>\n<meta property=\"og:url\" content=\"https:\/\/skycam.tn\/visite-virtuelle-360\/\" \/>\n<meta property=\"og:site_name\" content=\"Prise de vue aerienne Tunisie, SkyCam, Aerial photography\" \/>\n<meta property=\"article:publisher\" content=\"https:\/\/www.facebook.com\/SkyCam-Tunisia-1558355201123457\/?fref=ts\" \/>\n<meta property=\"article:modified_time\" content=\"2022-05-17T09:35:39+00:00\" \/>\n<meta name=\"twitter:card\" content=\"summary_large_image\" \/>\n<meta name=\"twitter:label1\" content=\"Est. reading time\" \/>\n\t<meta name=\"twitter:data1\" content=\"2 minutes\" \/>\n<script type=\"application\/ld+json\" class=\"yoast-schema-graph\">{\"@context\":\"https:\/\/schema.org\",\"@graph\":[{\"@type\":\"WebPage\",\"@id\":\"https:\/\/skycam.tn\/visite-virtuelle-360\/\",\"url\":\"https:\/\/skycam.tn\/visite-virtuelle-360\/\",\"name\":\"Visite virtuelle 360 Tunisie : Skycam Tunisia prise de vue a\u00e9rienne\",\"isPartOf\":{\"@id\":\"https:\/\/skycam.tn\/#website\"},\"datePublished\":\"2020-03-04T10:56:59+00:00\",\"dateModified\":\"2022-05-17T09:35:39+00:00\",\"description\":\"Skycam Tunisie r\u00e9alise du contenu interactif avec les visites virtuelle en int\u00e9grant (textes, images, vid\u00e9os, sons) o\u00f9 l\u2019internaute peut \u00e9voluer \u00e0 sa guise,\",\"breadcrumb\":{\"@id\":\"https:\/\/skycam.tn\/visite-virtuelle-360\/#breadcrumb\"},\"inLanguage\":\"en-US\",\"potentialAction\":[{\"@type\":\"ReadAction\",\"target\":[\"https:\/\/skycam.tn\/visite-virtuelle-360\/\"]}]},{\"@type\":\"BreadcrumbList\",\"@id\":\"https:\/\/skycam.tn\/visite-virtuelle-360\/#breadcrumb\",\"itemListElement\":[{\"@type\":\"ListItem\",\"position\":1,\"name\":\"Accueil\",\"item\":\"https:\/\/skycam.tn\/\"},{\"@type\":\"ListItem\",\"position\":2,\"name\":\"Visite virtuelle 360\u00b0\"}]},{\"@type\":\"WebSite\",\"@id\":\"https:\/\/skycam.tn\/#website\",\"url\":\"https:\/\/skycam.tn\/\",\"name\":\"Prise de vue aerienne Tunisie, SkyCam, Aerial photography\",\"description\":\"\",\"potentialAction\":[{\"@type\":\"SearchAction\",\"target\":{\"@type\":\"EntryPoint\",\"urlTemplate\":\"https:\/\/skycam.tn\/?s={search_term_string}\"},\"query-input\":{\"@type\":\"PropertyValueSpecification\",\"valueRequired\":true,\"valueName\":\"search_term_string\"}}],\"inLanguage\":\"en-US\"}]}<\/script>\n<!-- \/ Yoast SEO plugin. -->","yoast_head_json":{"title":"Visite virtuelle 360 Tunisie : Skycam Tunisia prise de vue a\u00e9rienne","description":"Skycam Tunisie r\u00e9alise du contenu interactif avec les visites virtuelle en int\u00e9grant (textes, images, vid\u00e9os, sons) o\u00f9 l\u2019internaute peut \u00e9voluer \u00e0 sa guise,","robots":{"index":"index","follow":"follow","max-snippet":"max-snippet:-1","max-image-preview":"max-image-preview:large","max-video-preview":"max-video-preview:-1"},"canonical":"https:\/\/skycam.tn\/visite-virtuelle-360\/","og_locale":"en_US","og_type":"article","og_title":"Visite virtuelle 360 Tunisie : Skycam Tunisia prise de vue a\u00e9rienne","og_description":"Skycam Tunisie r\u00e9alise du contenu interactif avec les visites virtuelle en int\u00e9grant (textes, images, vid\u00e9os, sons) o\u00f9 l\u2019internaute peut \u00e9voluer \u00e0 sa guise,","og_url":"https:\/\/skycam.tn\/visite-virtuelle-360\/","og_site_name":"Prise de vue aerienne Tunisie, SkyCam, Aerial photography","article_publisher":"https:\/\/www.facebook.com\/SkyCam-Tunisia-1558355201123457\/?fref=ts","article_modified_time":"2022-05-17T09:35:39+00:00","twitter_card":"summary_large_image","twitter_misc":{"Est. reading time":"2 minutes"},"schema":{"@context":"https:\/\/schema.org","@graph":[{"@type":"WebPage","@id":"https:\/\/skycam.tn\/visite-virtuelle-360\/","url":"https:\/\/skycam.tn\/visite-virtuelle-360\/","name":"Visite virtuelle 360 Tunisie : Skycam Tunisia prise de vue a\u00e9rienne","isPartOf":{"@id":"https:\/\/skycam.tn\/#website"},"datePublished":"2020-03-04T10:56:59+00:00","dateModified":"2022-05-17T09:35:39+00:00","description":"Skycam Tunisie r\u00e9alise du contenu interactif avec les visites virtuelle en int\u00e9grant (textes, images, vid\u00e9os, sons) o\u00f9 l\u2019internaute peut \u00e9voluer \u00e0 sa guise,","breadcrumb":{"@id":"https:\/\/skycam.tn\/visite-virtuelle-360\/#breadcrumb"},"inLanguage":"en-US","potentialAction":[{"@type":"ReadAction","target":["https:\/\/skycam.tn\/visite-virtuelle-360\/"]}]},{"@type":"BreadcrumbList","@id":"https:\/\/skycam.tn\/visite-virtuelle-360\/#breadcrumb","itemListElement":[{"@type":"ListItem","position":1,"name":"Accueil","item":"https:\/\/skycam.tn\/"},{"@type":"ListItem","position":2,"name":"Visite virtuelle 360\u00b0"}]},{"@type":"WebSite","@id":"https:\/\/skycam.tn\/#website","url":"https:\/\/skycam.tn\/","name":"Prise de vue aerienne Tunisie, SkyCam, Aerial photography","description":"","potentialAction":[{"@type":"SearchAction","target":{"@type":"EntryPoint","urlTemplate":"https:\/\/skycam.tn\/?s={search_term_string}"},"query-input":{"@type":"PropertyValueSpecification","valueRequired":true,"valueName":"search_term_string"}}],"inLanguage":"en-US"}]}},"_links":{"self":[{"href":"https:\/\/skycam.tn\/en\/wp-json\/wp\/v2\/pages\/8880"}],"collection":[{"href":"https:\/\/skycam.tn\/en\/wp-json\/wp\/v2\/pages"}],"about":[{"href":"https:\/\/skycam.tn\/en\/wp-json\/wp\/v2\/types\/page"}],"author":[{"embeddable":true,"href":"https:\/\/skycam.tn\/en\/wp-json\/wp\/v2\/users\/5"}],"replies":[{"embeddable":true,"href":"https:\/\/skycam.tn\/en\/wp-json\/wp\/v2\/comments?post=8880"}],"version-history":[{"count":91,"href":"https:\/\/skycam.tn\/en\/wp-json\/wp\/v2\/pages\/8880\/revisions"}],"predecessor-version":[{"id":11736,"href":"https:\/\/skycam.tn\/en\/wp-json\/wp\/v2\/pages\/8880\/revisions\/11736"}],"wp:attachment":[{"href":"https:\/\/skycam.tn\/en\/wp-json\/wp\/v2\/media?parent=8880"}],"curies":[{"name":"wp","href":"https:\/\/api.w.org\/{rel}","templated":true}]}}