{"id":8757,"date":"2020-02-15T22:46:35","date_gmt":"2020-02-15T21:46:35","guid":{"rendered":"http:\/\/www.skycam.tn\/?page_id=8757"},"modified":"2022-05-11T08:39:42","modified_gmt":"2022-05-11T07:39:42","slug":"politique-de-confidentialite","status":"publish","type":"page","link":"https:\/\/skycam.tn\/en\/politique-de-confidentialite\/","title":{"rendered":"Privacy policy"},"content":{"rendered":"<p>&nbsp;<\/p>\n\n<h2><b>Who are we ?<\/b><\/h2>\n\n\n\n\n\n<p>Our website address is: https:\/\/www.skycam.tn.<\/p>\n\n\n\n\n\n<h2><b>Use of personal data collected<\/b><\/h2>\n<p>&nbsp;<\/p>\n\n\n\n\n<p>&nbsp;<\/p>\n\n\n\n\n<h3><b>comments<\/b><\/h3>\n\n\n\n\n\n<p>When you leave a comment on our website, the data entered in the comment form, but also your IP address and the user agent of your browser are collected to help us detect unwanted comments.<\/p>\n\n\n\n\n\n<p>An anonymized string created from your email address (also called a hash) can be sent to the Gravatar service to check if you are using it. The confidentiality clauses of the Gravatar service are available here: https:\/\/automattic.com\/privacy\/. After validation of your comment, your profile photo will be publicly visible next to your comment.<\/p>\n\n\n\n\n\n<h3><b>Media<\/b><\/h3>\n\n\n\n\n\n<p>If you are a registered user and upload images to the website, we advise you to avoid uploading images containing EXIF \u200b\u200bGPS coordinate data. Visitors to your website can download and extract location data from these images.<\/p>\n\n\n\n\n\n<h3><b>Contact forms<\/b><\/h3>\n\n\n\n\n\n<h3><b>Cookies<\/b><\/h3>\n\n\n\n\n\n<p id=\"\">If you leave a comment on our site, you will be offered to save your name, email address and website in cookies. This is only for your convenience so that you do not have to enter this information if you leave another comment later. These cookies expire after one year. <br>If you go to the login page, a temporary cookie will be created to determine if your browser accepts cookies. It does not contain personal data and will be deleted automatically when you close your browser. <br>When you log in, we will set a number of cookies to save your login information and screen preferences. The lifetime of a connection cookie is two days, that of a screen option cookie is one year. If you check \u201cRemember me\u201d, your login cookie will be kept for two weeks. If you log out of your account, the login cookie will be erased. <br>By editing or publishing a post, an additional cookie will be saved in your browser. This cookie does not include any personal data. It just shows the ID of the post you just edited. It expires after one day.<\/p>\n\n\n\n\n<h3 class=\"wp-block-heading\"><b>Contenu embarqu\u00e9 depuis d\u2019autres sites<\/b><\/h3>\n\n\n\n<p>Les articles de ce site peuvent inclure des contenus int\u00e9gr\u00e9s (par exemple des vid\u00e9os, images, articles\u2026). Le contenu int\u00e9gr\u00e9 depuis d\u2019autres sites se comporte de la m\u00eame mani\u00e8re que si le visiteur se rendait sur cet autre site.<br>Ces sites web pourraient collecter des donn\u00e9es sur vous, utiliser des cookies, embarquer des outils de suivis tiers, suivre vos interactions avec ces contenus embarqu\u00e9s si vous disposez d\u2019un compte connect\u00e9 sur leur site web.<\/p>\n\n\n\n<h3><b>Statistiques et mesures d\u2019audience<\/b><\/h3>\n<p>&nbsp;<\/p>\n\n\n\n<h2><b>Utilisation et transmission de vos donn\u00e9es personnelles<\/b><\/h2>\n<p>&nbsp;<\/p>\n\n\n\n<h3><b>Dur\u00e9es de stockage de vos donn\u00e9es<b><\/b><\/b><\/h3>\n\n\n\n<p><p>Si vous laissez un commentaire, le commentaire et ses m\u00e9tadonn\u00e9es sont conserv\u00e9s ind\u00e9finiment. Cela permet de reconna\u00eetre et approuver automatiquement les commentaires suivants au lieu de les laisser dans la file de mod\u00e9ration.<\/p>\n<p>&nbsp;<\/p><\/p>\n\n\n\n<p>Pour les utilisateurs et utilisatrices qui s\u2019enregistrent sur notre site (si cela est possible), nous stockons \u00e9galement les donn\u00e9es personnelles indiqu\u00e9es dans leur profil. Tous les utilisateurs et utilisatrices peuvent voir, modifier ou supprimer leurs informations personnelles \u00e0 tout moment (\u00e0 l\u2019exception de leur nom d\u2019utilisateur\u00b7ice). Les gestionnaires du site peuvent aussi voir et modifier ces informations.<\/p>\n\n\n\n<h3><b>Les droits que vous avez sur vos donn\u00e9es<\/b><\/h3>\n\n\n\n<p>Si vous avez un compte ou si vous avez laiss\u00e9 des commentaires sur le site, vous pouvez demander \u00e0 recevoir un fichier contenant toutes les donn\u00e9es personnelles que nous poss\u00e9dons \u00e0 votre sujet, incluant celles que vous nous avez fournies. Vous pouvez \u00e9galement demander la suppression des donn\u00e9es personnelles vous concernant. Cela ne prend pas en compte les donn\u00e9es stock\u00e9es \u00e0 des fins administratives, l\u00e9gales ou pour des raisons de s\u00e9curit\u00e9.<\/p>\n\n\n\n<h3 class=\"wp-block-heading\"><b>Transmission de vos donn\u00e9es personnelles<\/b><\/h3>\n\n\n\n<p>Les commentaires des visiteurs peuvent \u00eatre v\u00e9rifi\u00e9s \u00e0 l\u2019aide d\u2019un service automatis\u00e9 de d\u00e9tection des commentaires ind\u00e9sirables.<\/p>\n\n\n\n<p>Informations de contact<\/p>\n\n\n\n<p>Informations suppl\u00e9mentaires<\/p>\n\n\n\n<p>Comment nous prot\u00e9geons vos donn\u00e9es<\/p>\n\n\n\n<p>Proc\u00e9dures mises en \u0153uvre en cas de fuite de donn\u00e9es<\/p>\n\n\n\n<p>Les services tiers qui nous transmettent des donn\u00e9es<\/p>\n\n\n\n<p>Op\u00e9rations de marketing automatis\u00e9 et\/ou de profilage r\u00e9alis\u00e9es \u00e0 l\u2019aide des donn\u00e9es personnelles<\/p>\n\n\n\n<p>Affichage des informations li\u00e9es aux secteurs soumis \u00e0 des r\u00e9gulations sp\u00e9cifiques<\/p>\n\n\n\n<h4 class=\"wp-block-heading\">&nbsp;<\/h4>\n\n\n\n<h4 class=\"wp-block-heading\">&nbsp;<\/h4>\n\n\n\n<h4 class=\"wp-block-heading\">&nbsp;<\/h4>\n\n\n\n<h4 class=\"has-text-align-left wp-block-heading\">&nbsp;<\/h4>\n\n\n\n<h4 class=\"wp-block-heading\">&nbsp;<\/h4>\n\n\n\n<h4 class=\"wp-block-heading\">&nbsp;<\/h4>\n\n\n\n<h4 class=\"wp-block-heading\">&nbsp;<\/h4>","protected":false},"excerpt":{"rendered":"<p>&nbsp; Who are we ? Our website address is: https:\/\/www.skycam.tn. Use of personal data collected &nbsp; &nbsp; comments When you leave a comment on our website, the data entered in the comment form, but also your IP address and the user agent of your browser&#8230;<\/p>\n","protected":false},"author":2,"featured_media":0,"parent":0,"menu_order":0,"comment_status":"closed","ping_status":"closed","template":"","meta":{"footnotes":""},"class_list":["post-8757","page","type-page","status-publish","hentry"],"yoast_head":"<!-- This site is optimized with the Yoast SEO plugin v26.9 - https:\/\/yoast.com\/product\/yoast-seo-wordpress\/ -->\n<title>Politique de Confidentialit\u00e9Privacy policy - Prise de vue aerienne Tunisie, SkyCam, Aerial photography<\/title>\n<meta name=\"robots\" content=\"index, follow, max-snippet:-1, max-image-preview:large, max-video-preview:-1\" \/>\n<link rel=\"canonical\" href=\"https:\/\/skycam.tn\/politique-de-confidentialite\/\" \/>\n<meta property=\"og:locale\" content=\"en_US\" \/>\n<meta property=\"og:type\" content=\"article\" \/>\n<meta property=\"og:title\" content=\"Politique de Confidentialit\u00e9Privacy policy - Prise de vue aerienne Tunisie, SkyCam, Aerial photography\" \/>\n<meta property=\"og:description\" content=\"&nbsp; Who are we ? Our website address is: https:\/\/www.skycam.tn. Use of personal data collected &nbsp; &nbsp; comments When you leave a comment on our website, the data entered in the comment form, but also your IP address and the user agent of your browser...\" \/>\n<meta property=\"og:url\" content=\"https:\/\/skycam.tn\/politique-de-confidentialite\/\" \/>\n<meta property=\"og:site_name\" content=\"Prise de vue aerienne Tunisie, SkyCam, Aerial photography\" \/>\n<meta property=\"article:publisher\" content=\"https:\/\/www.facebook.com\/SkyCam-Tunisia-1558355201123457\/?fref=ts\" \/>\n<meta property=\"article:modified_time\" content=\"2022-05-11T07:39:42+00:00\" \/>\n<meta name=\"twitter:card\" content=\"summary_large_image\" \/>\n<meta name=\"twitter:label1\" content=\"Est. reading time\" \/>\n\t<meta name=\"twitter:data1\" content=\"4 minutes\" \/>\n<script type=\"application\/ld+json\" class=\"yoast-schema-graph\">{\"@context\":\"https:\/\/schema.org\",\"@graph\":[{\"@type\":\"WebPage\",\"@id\":\"https:\/\/skycam.tn\/politique-de-confidentialite\/\",\"url\":\"https:\/\/skycam.tn\/politique-de-confidentialite\/\",\"name\":\"Politique de Confidentialit\u00e9Privacy policy - Prise de vue aerienne Tunisie, SkyCam, Aerial photography\",\"isPartOf\":{\"@id\":\"https:\/\/skycam.tn\/#website\"},\"datePublished\":\"2020-02-15T21:46:35+00:00\",\"dateModified\":\"2022-05-11T07:39:42+00:00\",\"breadcrumb\":{\"@id\":\"https:\/\/skycam.tn\/politique-de-confidentialite\/#breadcrumb\"},\"inLanguage\":\"en-US\",\"potentialAction\":[{\"@type\":\"ReadAction\",\"target\":[\"https:\/\/skycam.tn\/politique-de-confidentialite\/\"]}]},{\"@type\":\"BreadcrumbList\",\"@id\":\"https:\/\/skycam.tn\/politique-de-confidentialite\/#breadcrumb\",\"itemListElement\":[{\"@type\":\"ListItem\",\"position\":1,\"name\":\"Accueil\",\"item\":\"https:\/\/skycam.tn\/\"},{\"@type\":\"ListItem\",\"position\":2,\"name\":\"Politique de Confidentialit\u00e9\"}]},{\"@type\":\"WebSite\",\"@id\":\"https:\/\/skycam.tn\/#website\",\"url\":\"https:\/\/skycam.tn\/\",\"name\":\"Prise de vue aerienne Tunisie, SkyCam, Aerial photography\",\"description\":\"\",\"potentialAction\":[{\"@type\":\"SearchAction\",\"target\":{\"@type\":\"EntryPoint\",\"urlTemplate\":\"https:\/\/skycam.tn\/?s={search_term_string}\"},\"query-input\":{\"@type\":\"PropertyValueSpecification\",\"valueRequired\":true,\"valueName\":\"search_term_string\"}}],\"inLanguage\":\"en-US\"}]}<\/script>\n<!-- \/ Yoast SEO plugin. -->","yoast_head_json":{"title":"Politique de Confidentialit\u00e9Privacy policy - Prise de vue aerienne Tunisie, SkyCam, Aerial photography","robots":{"index":"index","follow":"follow","max-snippet":"max-snippet:-1","max-image-preview":"max-image-preview:large","max-video-preview":"max-video-preview:-1"},"canonical":"https:\/\/skycam.tn\/politique-de-confidentialite\/","og_locale":"en_US","og_type":"article","og_title":"Politique de Confidentialit\u00e9Privacy policy - Prise de vue aerienne Tunisie, SkyCam, Aerial photography","og_description":"&nbsp; Who are we ? Our website address is: https:\/\/www.skycam.tn. Use of personal data collected &nbsp; &nbsp; comments When you leave a comment on our website, the data entered in the comment form, but also your IP address and the user agent of your browser...","og_url":"https:\/\/skycam.tn\/politique-de-confidentialite\/","og_site_name":"Prise de vue aerienne Tunisie, SkyCam, Aerial photography","article_publisher":"https:\/\/www.facebook.com\/SkyCam-Tunisia-1558355201123457\/?fref=ts","article_modified_time":"2022-05-11T07:39:42+00:00","twitter_card":"summary_large_image","twitter_misc":{"Est. reading time":"4 minutes"},"schema":{"@context":"https:\/\/schema.org","@graph":[{"@type":"WebPage","@id":"https:\/\/skycam.tn\/politique-de-confidentialite\/","url":"https:\/\/skycam.tn\/politique-de-confidentialite\/","name":"Politique de Confidentialit\u00e9Privacy policy - Prise de vue aerienne Tunisie, SkyCam, Aerial photography","isPartOf":{"@id":"https:\/\/skycam.tn\/#website"},"datePublished":"2020-02-15T21:46:35+00:00","dateModified":"2022-05-11T07:39:42+00:00","breadcrumb":{"@id":"https:\/\/skycam.tn\/politique-de-confidentialite\/#breadcrumb"},"inLanguage":"en-US","potentialAction":[{"@type":"ReadAction","target":["https:\/\/skycam.tn\/politique-de-confidentialite\/"]}]},{"@type":"BreadcrumbList","@id":"https:\/\/skycam.tn\/politique-de-confidentialite\/#breadcrumb","itemListElement":[{"@type":"ListItem","position":1,"name":"Accueil","item":"https:\/\/skycam.tn\/"},{"@type":"ListItem","position":2,"name":"Politique de Confidentialit\u00e9"}]},{"@type":"WebSite","@id":"https:\/\/skycam.tn\/#website","url":"https:\/\/skycam.tn\/","name":"Prise de vue aerienne Tunisie, SkyCam, Aerial photography","description":"","potentialAction":[{"@type":"SearchAction","target":{"@type":"EntryPoint","urlTemplate":"https:\/\/skycam.tn\/?s={search_term_string}"},"query-input":{"@type":"PropertyValueSpecification","valueRequired":true,"valueName":"search_term_string"}}],"inLanguage":"en-US"}]}},"_links":{"self":[{"href":"https:\/\/skycam.tn\/en\/wp-json\/wp\/v2\/pages\/8757"}],"collection":[{"href":"https:\/\/skycam.tn\/en\/wp-json\/wp\/v2\/pages"}],"about":[{"href":"https:\/\/skycam.tn\/en\/wp-json\/wp\/v2\/types\/page"}],"author":[{"embeddable":true,"href":"https:\/\/skycam.tn\/en\/wp-json\/wp\/v2\/users\/2"}],"replies":[{"embeddable":true,"href":"https:\/\/skycam.tn\/en\/wp-json\/wp\/v2\/comments?post=8757"}],"version-history":[{"count":149,"href":"https:\/\/skycam.tn\/en\/wp-json\/wp\/v2\/pages\/8757\/revisions"}],"predecessor-version":[{"id":11684,"href":"https:\/\/skycam.tn\/en\/wp-json\/wp\/v2\/pages\/8757\/revisions\/11684"}],"wp:attachment":[{"href":"https:\/\/skycam.tn\/en\/wp-json\/wp\/v2\/media?parent=8757"}],"curies":[{"name":"wp","href":"https:\/\/api.w.org\/{rel}","templated":true}]}}