{"id":8503,"date":"2019-03-14T15:02:32","date_gmt":"2019-03-14T14:02:32","guid":{"rendered":"http:\/\/www.skycam.tn\/?page_id=8503"},"modified":"2023-06-09T10:21:45","modified_gmt":"2023-06-09T09:21:45","slug":"drone-topography","status":"publish","type":"page","link":"https:\/\/skycam.tn\/en\/drone-topography\/","title":{"rendered":"Drone Topography"},"content":{"rendered":"<div class=\"wpb-content-wrapper\">\r\n<h4><strong><\/strong><\/h4>\r\n<div id=\"tw-target-text-container\" class=\"tw-ta-container F0azHf tw-nfl\" tabindex=\"0\">\r\n<h4 id=\"tw-target-text\" class=\"tw-data-text tw-text-large tw-ta\" dir=\"ltr\" data-placeholder=\"Traduction\"><span class=\"Y2IQFc\" lang=\"en\">SKYCAM TUNISIE is one of the first companies to offer innovative solutions for topography and 3D modeling by drone at a lower cost.<\/span><\/h4>\r\n<\/div>\r\n<p>&nbsp;<\/p>\r\n[vc_row row_type=&#8221;row&#8221; text_align=&#8221;left&#8221; css_animation=&#8221;&#8221;][vc_column][vc_column_text]\r\n[vc_row row_type=&#8221;row&#8221; text_align=&#8221;left&#8221; css_animation=&#8221;&#8221;][vc_column][vc_video link=&#8221;https:\/\/youtu.be\/Pkkb813L65w&#8221; align=&#8221;center&#8221;][\/vc_column][\/vc_row]\r\n[vc_row row_type=&#8221;row&#8221; text_align=&#8221;left&#8221; css_animation=&#8221;&#8221;][\/vc_row]\r\n[vc_column_text] <\/strong><\/h4>\r\n<\/div>\r\n<div>[vc_row row_type=&#8221;row&#8221; text_align=&#8221;left&#8221; css_animation=&#8221;&#8221;][vc_column][vc_column_text] [\/vc_column][\/vc_row]<\/div>\r\n<div>\u00a0<\/div>\r\n<div class=\"sketchfab-embed-wrapper\"><iframe loading=\"lazy\" title=\"Modelisation 3D du Terrain El Agba\" src=\"https:\/\/sketchfab.com\/models\/20d48a158a4143fe8b95f0ea0a464865\/embed\" width=\"1100\" height=\"500\" frameborder=\"0\" allowfullscreen=\"allowfullscreen\"> <\/iframe><\/div>\r\n<p>&nbsp;<\/p>\r\n<p><\/p>\r\n<p><\/p>\r\n<p class=\"wp-block-gallery-1 is-layout-flex wp-block-gallery-is-layout-flex\"><\/p>\r\n<p><\/p>\r\n<p>&nbsp;<\/p>\r\n<h2 id=\"tw-target-text\" class=\"tw-data-text tw-text-large tw-ta\" dir=\"ltr\" data-placeholder=\"Traduction\"><span class=\"Y2IQFc\" lang=\"en\">3D aerial modeling service<\/span><\/h2>\r\n<p>&nbsp;<\/p>\r\n<h4 align=\"justify\">We realize building capture by drone to allow us to determine the volumes and dimensions of a structure. The capture is then analyzed and processed and reconstructed in 3D, mesh and texturization and 3D digital model. 3D modeling allows applications as diverse as the creation of plans, assistance with renovation projects, the integration of elements into a film or animation, the creation of objects with a 3D printer, the integration of future work in a project, etc.<\/h4>\r\n<p>&nbsp;<\/p>\r\n<p><\/p>\r\n<p>&nbsp;<\/p>\r\n<p><\/p>\r\n<div class=\"sketchfab-embed-wrapper\"><iframe loading=\"lazy\" title=\"Sketchfab\" src=\"https:\/\/sketchfab.com\/models\/4e4f1c732c4f4a0bb79e6ca3044f0835\/embed\" width=\"1100\" height=\"550\" frameborder=\"0\" allowfullscreen=\"allowfullscreen\"> <\/iframe><\/div>\r\n<div>\u00a0<\/div>\r\n<p><\/p>\r\n<p><\/p>\r\n<p>&nbsp;<\/p>\r\n<p><\/p>\r\n<p><\/p>\r\n<figure class=\"wp-block-gallery has-nested-images columns-default is-cropped\"><\/figure>\r\n<p><\/p>\r\n<p><\/p>\r\n<div class=\"wp-block-media-text alignwide is-stacked-on-mobile\">\r\n<figure class=\"wp-block-media-text__media\"><img decoding=\"async\" class=\"wp-image-11069 size-full\" src=\"https:\/\/www.skycam.tn\/wp-content\/uploads\/2022\/04\/Capture-d\u00e9cran-2022-03-04-\u00e0-12.34.36-PM-1024x597.jpg\" alt=\"\" \/><\/figure>\r\n<div class=\"wp-block-media-text__content\">\r\n<p>&nbsp;<\/p>\r\n<p>&nbsp;<\/p>\r\n<p>&nbsp;<\/p>\r\n<div class=\"wp-block-columns is-layout-flex wp-container-core-columns-is-layout-1 wp-block-columns-is-layout-flex\">\r\n<p>&nbsp;<\/p>\r\n<p>&nbsp;<\/p>\r\n<p>&nbsp;<\/p>\r\n<div class=\"wp-block-column is-layout-flow wp-block-column-is-layout-flow\" style=\"flex-basis: 100%;\">\r\n<p>&nbsp;<\/p>\r\n<p>&nbsp;<\/p>\r\n<p>&nbsp;<\/p>\r\n<h2>Post Treatment<\/h2>\r\n<ul class=\"b\">\r\n<li class=\"a\">Dataset quality control<\/li>\r\n<li class=\"a\">Shooting System Calibration<\/li>\r\n<li class=\"a\">Correlation of pairs of images Aerial triangulation<\/li>\r\n<li class=\"a\">Implementation of checkpoints<\/li>\r\n<li class=\"a\">Control and manual retouching of cutting lines<\/li>\r\n<li class=\"a\">Radiometric and geographical quality control<\/li>\r\n<li class=\"a\">Cropping<\/li>\r\n<li class=\"a\">Editions of a processing report<\/li>\r\n<li class=\"a\">Delivery various formats<\/li>\r\n<\/ul>\r\n<p><\/p>\r\n<\/div>\r\n<p><\/p>\r\n<\/div>\r\n<p><\/p>\r\n<\/div>\r\n<\/div>\r\n<p><\/p>\r\n<p><\/p>\r\n[vc_empty_space height=&#8221;20px&#8221;]\r\n<p><\/p>\r\n<p><\/p>\r\n<h2>Quote request<\/h2>\r\n<p>&nbsp;<\/p>\r\n<p><\/p>\r\n<p><\/p>\r\n<h4>Fill out this form with as much information as possible so that we can make you an offer.<\/h4>\r\n<p><\/p>\r\n<div class=\"frm_forms  with_frm_style frm_style_style-formidable\" id=\"frm_form_22_container\" data-token=\"db8c167a10ae9c71cf4d2cac8ee24a0c\">\n<form enctype=\"multipart\/form-data\" method=\"post\" class=\"frm-show-form \" id=\"form_contact-us2\" data-token=\"db8c167a10ae9c71cf4d2cac8ee24a0c\">\n<div class=\"frm_form_fields \">\n<fieldset>\n<legend class=\"frm_screen_reader\">Demande de devis Photogrametrie en<\/legend>\r\n\r\n<div class=\"frm_fields_container\">\n<input type=\"hidden\" name=\"frm_action\" value=\"create\" \/>\n<input type=\"hidden\" name=\"form_id\" value=\"22\" \/>\n<input type=\"hidden\" name=\"frm_hide_fields_22\" id=\"frm_hide_fields_22\" value=\"\" \/>\n<input type=\"hidden\" name=\"form_key\" value=\"contact-us2\" \/>\n<input type=\"hidden\" name=\"item_meta[0]\" value=\"\" \/>\n<input type=\"hidden\" id=\"frm_submit_entry_22\" name=\"frm_submit_entry_22\" value=\"bf7294de10\" \/><input type=\"hidden\" name=\"_wp_http_referer\" value=\"\/en\/wp-json\/wp\/v2\/pages\/8503\" \/><div id=\"frm_field_137_container\" class=\"frm_form_field form-field  frm_required_field frm_top_container frm6 frm_first\">\r\n    <label for=\"field_qh4icy2463dd76e912\" id=\"field_qh4icy2463dd76e912_label\" class=\"frm_primary_label\">Name\r\n        <span class=\"frm_required\" aria-hidden=\"true\">*<\/span>\r\n    <\/label>\r\n    <input type=\"text\" id=\"field_qh4icy2463dd76e912\" name=\"item_meta[137]\" value=\"\"  data-reqmsg=\"Ce champ ne peut pas \u00eatre vide\" aria-required=\"true\" data-invmsg=\"Name est non valide\" aria-invalid=\"false\"  \/>\r\n    \r\n    \r\n<\/div>\n<div id=\"frm_field_138_container\" class=\"frm_form_field form-field  frm_required_field frm_top_container frm6\">\r\n    <label for=\"field_e6lis6200e1bea3cd2\" id=\"field_e6lis6200e1bea3cd2_label\" class=\"frm_primary_label\">Company\r\n        <span class=\"frm_required\" aria-hidden=\"true\">*<\/span>\r\n    <\/label>\r\n    <input type=\"text\" id=\"field_e6lis6200e1bea3cd2\" name=\"item_meta[138]\" value=\"\"  data-reqmsg=\"Ce champ ne peut pas \u00eatre vide\" aria-required=\"true\" data-invmsg=\"Subject est non valide\" aria-invalid=\"false\"  \/>\r\n    \r\n    \r\n<\/div>\n<div id=\"frm_field_139_container\" class=\"frm_form_field form-field  frm_required_field frm_top_container frm6 frm_first\">\r\n    <label for=\"field_29yf4d2540abdd31\" id=\"field_29yf4d2540abdd31_label\" class=\"frm_primary_label\">E-mail\r\n        <span class=\"frm_required\" aria-hidden=\"true\">*<\/span>\r\n    <\/label>\r\n    <input type=\"email\" id=\"field_29yf4d2540abdd31\" name=\"item_meta[139]\" value=\"\"  data-reqmsg=\"Ce champ ne peut pas \u00eatre vide\" aria-required=\"true\" data-invmsg=\"Please enter a valid email address\" aria-invalid=\"false\"  \/>\r\n    \r\n    \r\n<\/div>\n<div id=\"frm_field_140_container\" class=\"frm_form_field form-field  frm_required_field frm_top_container frm6\">\r\n    <label for=\"field_fvov\" id=\"field_fvov_label\" class=\"frm_primary_label\">Phone\r\n        <span class=\"frm_required\" aria-hidden=\"true\">*<\/span>\r\n    <\/label>\r\n    <input type=\"tel\" id=\"field_fvov\" name=\"item_meta[140]\" value=\"\"  data-reqmsg=\"Ce champ ne peut pas \u00eatre vide\" aria-required=\"true\" data-invmsg=\"T\u00e9l\u00e9phone est non valide\" aria-invalid=\"false\" pattern=\"((\\+\\d{1,3}(-|.| )?\\(?\\d\\)?(-| |.)?\\d{1,5})|(\\(?\\d{2,6}\\)?))(-|.| )?(\\d{3,4})(-|.| )?(\\d{4})(( x| ext)\\d{1,5}){0,1}$\"  \/>\r\n    \r\n    \r\n<\/div>\n<div id=\"frm_field_146_container\" class=\"frm_form_field form-field  frm_required_field frm_top_container frm6 frm6 frm_first\">\r\n    <label for=\"field_plyw\" id=\"field_plyw_label\" class=\"frm_primary_label\">Plot area (area in ha \/ linear in m)\r\n        <span class=\"frm_required\" aria-hidden=\"true\">*<\/span>\r\n    <\/label>\r\n    <input type=\"text\" id=\"field_plyw\" name=\"item_meta[146]\" value=\"\"  maxlength=\"2\" data-reqmsg=\"Ce champ ne peut pas \u00eatre vide\" aria-required=\"true\" data-invmsg=\"Date de livraison souhait\u00e9e ? est non valide\" aria-invalid=\"false\"  \/>\r\n    \r\n    \r\n<\/div>\n<div id=\"frm_field_149_container\" class=\"frm_form_field form-field  frm_required_field frm_top_container frm6 frm6\">\r\n    <label for=\"field_dazza\" id=\"field_dazza_label\" class=\"frm_primary_label\">Wished date of delivery ?\r\n        <span class=\"frm_required\" aria-hidden=\"true\">*<\/span>\r\n    <\/label>\r\n    <input type=\"text\" id=\"field_dazza\" name=\"item_meta[149]\" value=\"\"  maxlength=\"2\" data-reqmsg=\"Ce champ ne peut pas \u00eatre vide\" aria-required=\"true\" data-invmsg=\"Date de livraison souhait\u00e9e ? est non valide\" aria-invalid=\"false\"  \/>\r\n    \r\n    \r\n<\/div>\n<div id=\"frm_field_145_container\" class=\"frm_form_field form-field  frm_required_field frm_top_container frm12 frm_first\">\r\n    <label for=\"field_cax302\" id=\"field_cax302_label\" class=\"frm_primary_label\">Project description\r\n        <span class=\"frm_required\" aria-hidden=\"true\">*<\/span>\r\n    <\/label>\r\n    <textarea name=\"item_meta[145]\" id=\"field_cax302\" rows=\"2\"  data-reqmsg=\"Ce champ ne peut pas \u00eatre vide\" aria-required=\"true\" data-invmsg=\"Project description is invalid\" aria-invalid=\"false\"  ><\/textarea>\r\n    \r\n    \r\n<\/div>\n\t<input type=\"hidden\" name=\"item_key\" value=\"\" \/>\n\t\t\t<div id=\"frm_field_175_container\">\n\t\t\t<label for=\"field_qeqh3\" >\n\t\t\t\tIf you are human, leave this field blank.\t\t\t<\/label>\n\t\t\t<input  id=\"field_qeqh3\" type=\"text\" class=\"frm_form_field form-field frm_verify\" name=\"item_meta[175]\" value=\"\"  \/>\n\t\t<\/div>\n\t\t<input name=\"frm_state\" type=\"hidden\" value=\"zd6kIK4NjWUHUycFekK9raSnhABnREu4Mb5E0Kg3OWQ=\" \/><div class=\"frm_submit\">\r\n\r\n<button class=\"frm_button_submit\" type=\"submit\"  >Envoyer<\/button>\r\n\r\n<\/div><\/div>\n<\/fieldset>\n<\/div>\n\n<\/form>\n<\/div>\r\n<p><\/p>\r\n<p><\/p>\r\n<p><\/p>\r\n<p><\/p>\r\n<p><\/p>\r\n<p><\/p>\r\n<figure class=\"wp-block-image\"><img alt=\"\" \/><\/figure>\r\n<p><\/p>\r\n<\/div>","protected":false},"excerpt":{"rendered":"<p>SKYCAM TUNISIE is one of the first companies to offer innovative solutions for topography and 3D modeling by drone at a lower cost. &nbsp; [vc_row row_type=&#8221;row&#8221; text_align=&#8221;left&#8221; css_animation=&#8221;&#8221;][vc_column][vc_column_text] [vc_row row_type=&#8221;row&#8221; text_align=&#8221;left&#8221; css_animation=&#8221;&#8221;][vc_column][vc_video link=&#8221;https:\/\/youtu.be\/Pkkb813L65w&#8221; align=&#8221;center&#8221;][\/vc_column][\/vc_row] [vc_row row_type=&#8221;row&#8221; text_align=&#8221;left&#8221; css_animation=&#8221;&#8221;][\/vc_row] [vc_column_text]<\/p>\n","protected":false},"author":1,"featured_media":0,"parent":0,"menu_order":0,"comment_status":"closed","ping_status":"closed","template":"","meta":{"footnotes":""},"class_list":["post-8503","page","type-page","status-publish","hentry"],"yoast_head":"<!-- This site is optimized with the Yoast SEO plugin v26.9 - https:\/\/yoast.com\/product\/yoast-seo-wordpress\/ -->\n<title>Topographie et cartographie par drone , Skycam Tunisie<\/title>\n<meta name=\"description\" content=\"Nous d\u00e9finissons ensemble la zone \u00e0 cartographier et la pr\u00e9cision n\u00e9cessaire \u00e0 votre projet, selon votre demande.\" \/>\n<meta name=\"robots\" content=\"index, follow, max-snippet:-1, max-image-preview:large, max-video-preview:-1\" \/>\n<link rel=\"canonical\" href=\"https:\/\/skycam.tn\/drone-topography\/\" \/>\n<meta property=\"og:locale\" content=\"en_US\" \/>\n<meta property=\"og:type\" content=\"article\" \/>\n<meta property=\"og:title\" content=\"Topographie et cartographie par drone , Skycam Tunisie\" \/>\n<meta property=\"og:description\" content=\"Nous d\u00e9finissons ensemble la zone \u00e0 cartographier et la pr\u00e9cision n\u00e9cessaire \u00e0 votre projet, selon votre demande.\" \/>\n<meta property=\"og:url\" content=\"https:\/\/skycam.tn\/drone-topography\/\" \/>\n<meta property=\"og:site_name\" content=\"Prise de vue aerienne Tunisie, SkyCam, Aerial photography\" \/>\n<meta property=\"article:publisher\" content=\"https:\/\/www.facebook.com\/SkyCam-Tunisia-1558355201123457\/?fref=ts\" \/>\n<meta property=\"article:modified_time\" content=\"2023-06-09T09:21:45+00:00\" \/>\n<meta property=\"og:image\" content=\"https:\/\/www.skycam.tn\/wp-content\/uploads\/2022\/04\/AmirNabeul_Orthomosaic_export_FriApr22063849558644-2.jpg\" \/>\n<meta name=\"twitter:card\" content=\"summary_large_image\" \/>\n<meta name=\"twitter:label1\" content=\"Est. reading time\" \/>\n\t<meta name=\"twitter:data1\" content=\"4 minutes\" \/>\n<script type=\"application\/ld+json\" class=\"yoast-schema-graph\">{\"@context\":\"https:\/\/schema.org\",\"@graph\":[{\"@type\":\"WebPage\",\"@id\":\"https:\/\/skycam.tn\/drone-topography\/\",\"url\":\"https:\/\/skycam.tn\/drone-topography\/\",\"name\":\"Topographie et cartographie par drone , Skycam Tunisie\",\"isPartOf\":{\"@id\":\"https:\/\/skycam.tn\/#website\"},\"primaryImageOfPage\":{\"@id\":\"https:\/\/skycam.tn\/drone-topography\/#primaryimage\"},\"image\":{\"@id\":\"https:\/\/skycam.tn\/drone-topography\/#primaryimage\"},\"thumbnailUrl\":\"https:\/\/www.skycam.tn\/wp-content\/uploads\/2022\/04\/AmirNabeul_Orthomosaic_export_FriApr22063849558644-2.jpg\",\"datePublished\":\"2019-03-14T14:02:32+00:00\",\"dateModified\":\"2023-06-09T09:21:45+00:00\",\"description\":\"Nous d\u00e9finissons ensemble la zone \u00e0 cartographier et la pr\u00e9cision n\u00e9cessaire \u00e0 votre projet, selon votre demande.\",\"breadcrumb\":{\"@id\":\"https:\/\/skycam.tn\/drone-topography\/#breadcrumb\"},\"inLanguage\":\"en-US\",\"potentialAction\":[{\"@type\":\"ReadAction\",\"target\":[\"https:\/\/skycam.tn\/drone-topography\/\"]}]},{\"@type\":\"ImageObject\",\"inLanguage\":\"en-US\",\"@id\":\"https:\/\/skycam.tn\/drone-topography\/#primaryimage\",\"url\":\"https:\/\/www.skycam.tn\/wp-content\/uploads\/2022\/04\/AmirNabeul_Orthomosaic_export_FriApr22063849558644-2.jpg\",\"contentUrl\":\"https:\/\/www.skycam.tn\/wp-content\/uploads\/2022\/04\/AmirNabeul_Orthomosaic_export_FriApr22063849558644-2.jpg\"},{\"@type\":\"BreadcrumbList\",\"@id\":\"https:\/\/skycam.tn\/drone-topography\/#breadcrumb\",\"itemListElement\":[{\"@type\":\"ListItem\",\"position\":1,\"name\":\"Accueil\",\"item\":\"https:\/\/skycam.tn\/\"},{\"@type\":\"ListItem\",\"position\":2,\"name\":\"Topographie par drone\"}]},{\"@type\":\"WebSite\",\"@id\":\"https:\/\/skycam.tn\/#website\",\"url\":\"https:\/\/skycam.tn\/\",\"name\":\"Prise de vue aerienne Tunisie, SkyCam, Aerial photography\",\"description\":\"\",\"potentialAction\":[{\"@type\":\"SearchAction\",\"target\":{\"@type\":\"EntryPoint\",\"urlTemplate\":\"https:\/\/skycam.tn\/?s={search_term_string}\"},\"query-input\":{\"@type\":\"PropertyValueSpecification\",\"valueRequired\":true,\"valueName\":\"search_term_string\"}}],\"inLanguage\":\"en-US\"}]}<\/script>\n<!-- \/ Yoast SEO plugin. -->","yoast_head_json":{"title":"Topographie et cartographie par drone , Skycam Tunisie","description":"Nous d\u00e9finissons ensemble la zone \u00e0 cartographier et la pr\u00e9cision n\u00e9cessaire \u00e0 votre projet, selon votre demande.","robots":{"index":"index","follow":"follow","max-snippet":"max-snippet:-1","max-image-preview":"max-image-preview:large","max-video-preview":"max-video-preview:-1"},"canonical":"https:\/\/skycam.tn\/drone-topography\/","og_locale":"en_US","og_type":"article","og_title":"Topographie et cartographie par drone , Skycam Tunisie","og_description":"Nous d\u00e9finissons ensemble la zone \u00e0 cartographier et la pr\u00e9cision n\u00e9cessaire \u00e0 votre projet, selon votre demande.","og_url":"https:\/\/skycam.tn\/drone-topography\/","og_site_name":"Prise de vue aerienne Tunisie, SkyCam, Aerial photography","article_publisher":"https:\/\/www.facebook.com\/SkyCam-Tunisia-1558355201123457\/?fref=ts","article_modified_time":"2023-06-09T09:21:45+00:00","og_image":[{"url":"https:\/\/www.skycam.tn\/wp-content\/uploads\/2022\/04\/AmirNabeul_Orthomosaic_export_FriApr22063849558644-2.jpg","type":"","width":"","height":""}],"twitter_card":"summary_large_image","twitter_misc":{"Est. reading time":"4 minutes"},"schema":{"@context":"https:\/\/schema.org","@graph":[{"@type":"WebPage","@id":"https:\/\/skycam.tn\/drone-topography\/","url":"https:\/\/skycam.tn\/drone-topography\/","name":"Topographie et cartographie par drone , Skycam Tunisie","isPartOf":{"@id":"https:\/\/skycam.tn\/#website"},"primaryImageOfPage":{"@id":"https:\/\/skycam.tn\/drone-topography\/#primaryimage"},"image":{"@id":"https:\/\/skycam.tn\/drone-topography\/#primaryimage"},"thumbnailUrl":"https:\/\/www.skycam.tn\/wp-content\/uploads\/2022\/04\/AmirNabeul_Orthomosaic_export_FriApr22063849558644-2.jpg","datePublished":"2019-03-14T14:02:32+00:00","dateModified":"2023-06-09T09:21:45+00:00","description":"Nous d\u00e9finissons ensemble la zone \u00e0 cartographier et la pr\u00e9cision n\u00e9cessaire \u00e0 votre projet, selon votre demande.","breadcrumb":{"@id":"https:\/\/skycam.tn\/drone-topography\/#breadcrumb"},"inLanguage":"en-US","potentialAction":[{"@type":"ReadAction","target":["https:\/\/skycam.tn\/drone-topography\/"]}]},{"@type":"ImageObject","inLanguage":"en-US","@id":"https:\/\/skycam.tn\/drone-topography\/#primaryimage","url":"https:\/\/www.skycam.tn\/wp-content\/uploads\/2022\/04\/AmirNabeul_Orthomosaic_export_FriApr22063849558644-2.jpg","contentUrl":"https:\/\/www.skycam.tn\/wp-content\/uploads\/2022\/04\/AmirNabeul_Orthomosaic_export_FriApr22063849558644-2.jpg"},{"@type":"BreadcrumbList","@id":"https:\/\/skycam.tn\/drone-topography\/#breadcrumb","itemListElement":[{"@type":"ListItem","position":1,"name":"Accueil","item":"https:\/\/skycam.tn\/"},{"@type":"ListItem","position":2,"name":"Topographie par drone"}]},{"@type":"WebSite","@id":"https:\/\/skycam.tn\/#website","url":"https:\/\/skycam.tn\/","name":"Prise de vue aerienne Tunisie, SkyCam, Aerial photography","description":"","potentialAction":[{"@type":"SearchAction","target":{"@type":"EntryPoint","urlTemplate":"https:\/\/skycam.tn\/?s={search_term_string}"},"query-input":{"@type":"PropertyValueSpecification","valueRequired":true,"valueName":"search_term_string"}}],"inLanguage":"en-US"}]}},"_links":{"self":[{"href":"https:\/\/skycam.tn\/en\/wp-json\/wp\/v2\/pages\/8503"}],"collection":[{"href":"https:\/\/skycam.tn\/en\/wp-json\/wp\/v2\/pages"}],"about":[{"href":"https:\/\/skycam.tn\/en\/wp-json\/wp\/v2\/types\/page"}],"author":[{"embeddable":true,"href":"https:\/\/skycam.tn\/en\/wp-json\/wp\/v2\/users\/1"}],"replies":[{"embeddable":true,"href":"https:\/\/skycam.tn\/en\/wp-json\/wp\/v2\/comments?post=8503"}],"version-history":[{"count":782,"href":"https:\/\/skycam.tn\/en\/wp-json\/wp\/v2\/pages\/8503\/revisions"}],"predecessor-version":[{"id":11980,"href":"https:\/\/skycam.tn\/en\/wp-json\/wp\/v2\/pages\/8503\/revisions\/11980"}],"wp:attachment":[{"href":"https:\/\/skycam.tn\/en\/wp-json\/wp\/v2\/media?parent=8503"}],"curies":[{"name":"wp","href":"https:\/\/api.w.org\/{rel}","templated":true}]}}