{"id":8043,"date":"2016-12-27T17:04:35","date_gmt":"2016-12-27T16:04:35","guid":{"rendered":"http:\/\/www.skycam.tn\/?page_id=8043"},"modified":"2022-05-06T08:37:48","modified_gmt":"2022-05-06T07:37:48","slug":"demande-de-devis","status":"publish","type":"page","link":"https:\/\/skycam.tn\/en\/demande-de-devis\/","title":{"rendered":"Request for quotation"},"content":{"rendered":"<p class=\"has-text-align-left\">Do you have an aerial photography project? We invite you to request a quote below we will contact you as soon as possible<\/p>\n\n\n\n<br>\n\n\n<div class=\"frm_forms  with_frm_style frm_style_style-formidable\" id=\"frm_form_7_container\" >\n<form enctype=\"multipart\/form-data\" method=\"post\" class=\"frm-show-form \" id=\"form_k7rls\" >\n<div class=\"frm_form_fields \">\n<fieldset>\n<legend class=\"frm_hidden\">devis en<\/legend>\r\n\r\n<div class=\"frm_fields_container\">\n<input type=\"hidden\" name=\"frm_action\" value=\"create\" \/>\n<input type=\"hidden\" name=\"form_id\" value=\"7\" \/>\n<input type=\"hidden\" name=\"frm_hide_fields_7\" id=\"frm_hide_fields_7\" value=\"\" \/>\n<input type=\"hidden\" name=\"form_key\" value=\"k7rls\" \/>\n<input type=\"hidden\" name=\"item_meta[0]\" value=\"\" \/>\n<input type=\"hidden\" id=\"frm_submit_entry_7\" name=\"frm_submit_entry_7\" value=\"535396d7cc\" \/><input type=\"hidden\" name=\"_wp_http_referer\" value=\"\/en\/wp-json\/wp\/v2\/pages\/8043\" \/><div id=\"frm_field_33_container\" class=\"frm_form_field form-field  frm_required_field frm_top_container frm12 frm_first frm12\">\r\n    <label for=\"field_gm1y2\" class=\"frm_primary_label\">Name \r\n        <span class=\"frm_required\">*<\/span>\r\n    <\/label>\r\n    <input type=\"text\" id=\"field_gm1y2\" name=\"item_meta[33]\" value=\"\"  style=\"width:400px\" data-reqmsg=\"Ce champ ne peut pas \u00eatre vide\" aria-required=\"true\" data-invmsg=\"Name est non valide\" class=\"auto_width\" aria-invalid=\"false\"  \/>\r\n    \r\n    \r\n<\/div>\n<div id=\"frm_field_35_container\" class=\"frm_form_field form-field  frm_required_field frm_top_container frm6 frm_first\">\r\n    <label for=\"field_j1xn8\" class=\"frm_primary_label\">Tel\r\n        <span class=\"frm_required\">*<\/span>\r\n    <\/label>\r\n    <input type=\"text\" id=\"field_j1xn8\" name=\"item_meta[35]\" value=\"\"  style=\"width:540px\" data-reqmsg=\"Ce champ ne peut pas \u00eatre vide\" aria-required=\"true\" data-invmsg=\"Tel est non valide\" class=\"auto_width\" aria-invalid=\"false\"  \/>\r\n    \r\n    \r\n<\/div>\n<div id=\"frm_field_36_container\" class=\"frm_form_field form-field  frm_required_field frm_top_container frm6\">\r\n    <label for=\"field_z54m3\" class=\"frm_primary_label\">E-mail\r\n        <span class=\"frm_required\">*<\/span>\r\n    <\/label>\r\n    <input type=\"email\" id=\"field_z54m3\" name=\"item_meta[36]\" value=\"\"  style=\"width:540px\" data-reqmsg=\"Ce champ ne peut pas \u00eatre vide\" aria-required=\"true\" data-invmsg=\"E-mail est non valide\" class=\"auto_width\" aria-invalid=\"false\"  \/>\r\n    \r\n    \r\n<\/div>\n<div id=\"frm_field_37_container\" class=\"frm_form_field form-field  frm_top_container frm_first frm_half\">\r\n    <label for=\"field_o1xzf\" class=\"frm_primary_label\">You Are\r\n        <span class=\"frm_required\"><\/span>\r\n    <\/label>\r\n    \t\t<select name=\"item_meta[37]\" id=\"field_o1xzf\"  data-frmval=\"Communication agency\" data-invmsg=\"You Are is invalid\" class=\"auto_width\" aria-invalid=\"false\"  >\n\t\t<option  value=\"Communication agency\" selected='selected'>Communication agency<\/option><option  value=\"Community\">Community<\/option><option  value=\"Industrial\">Industrial<\/option><option  value=\"Audiovisual production\">Audiovisual production<\/option><option  value=\"particular\">particular<\/option><option  value=\"Media\">Media<\/option><option  value=\"Other\">Other<\/option>\t<\/select>\n\t\r\n    \r\n    \r\n<\/div>\n<div id=\"frm_field_38_container\" class=\"frm_form_field form-field  frm_top_container frm_second frm_half\">\r\n    <label for=\"field_uz4z\" class=\"frm_primary_label\">You Need\r\n        <span class=\"frm_required\"><\/span>\r\n    <\/label>\r\n    \t\t<select name=\"item_meta[38]\" id=\"field_uz4z\"  data-frmval=\"Photos  and  Video\" data-invmsg=\"You Need is invalid\" class=\"auto_width\" aria-invalid=\"false\"  >\n\t\t<option  value=\"Photos  and  Video\" selected='selected'>Photos  and  Video<\/option><option  value=\"Video\">Video<\/option><option  value=\"Photogrammetry\">Photogrammetry<\/option><option  value=\"Rushes  and Video\">Rushes  and Video<\/option><option  value=\"Complete video service\">Complete video service<\/option><option  value=\"Other\">Other<\/option>\t<\/select>\n\t\r\n    \r\n    \r\n<\/div>\n<div id=\"frm_field_39_container\" class=\"frm_form_field form-field  frm_top_container\">\r\n    <label for=\"field_p5nt3\" class=\"frm_primary_label\">Message\r\n        <span class=\"frm_required\"><\/span>\r\n    <\/label>\r\n    <textarea name=\"item_meta[39]\" id=\"field_p5nt3\" rows=\"5\"  style=\"width:400px\" cols=\"44\" data-invmsg=\"Message is invalid\" class=\"auto_width\" aria-invalid=\"false\"  ><\/textarea>\r\n    \r\n    \r\n<\/div>\n<div id=\"frm_field_40_container\" class=\"frm_form_field form-field  frm_top_container\">\r\n    <label for=\"g-recaptcha-response\" class=\"frm_primary_label\">reCAPTCHA\r\n        <span class=\"frm_required\"><\/span>\r\n    <\/label>\r\n    <div  id=\"field_cd929\" class=\"g-recaptcha\" data-sitekey=\"6LefeBEUAAAAABr2tdBjI5n_0g36rAcmacpdTmIA\" data-size=\"normal\" data-theme=\"light\"><\/div>\r\n    \r\n    \r\n<\/div>\n\t<input type=\"hidden\" name=\"item_key\" value=\"\" \/>\n\t\t\t<div id=\"frm_field_177_container\">\n\t\t\t<label for=\"field_xg3gr\" >\n\t\t\t\tIf you are human, leave this field blank.\t\t\t<\/label>\n\t\t\t<input  id=\"field_xg3gr\" type=\"text\" class=\"frm_form_field form-field frm_verify\" name=\"item_meta[177]\" value=\"\"  \/>\n\t\t<\/div>\n\t\t<input name=\"frm_state\" type=\"hidden\" value=\"zd6kIK4NjWUHUycFekK9rT9VxO3BeWYtZNNdtQPk9iU=\" \/><div class=\"frm_submit\">\r\n\r\n<input type=\"submit\" value=\"Envoyer\"  \/>\r\n<img decoding=\"async\" class=\"frm_ajax_loading\" src=\"https:\/\/skycam.tn\/wp-content\/plugins\/formidable\/images\/ajax_loader.gif\" alt=\"Envoi\"\/>\r\n\r\n<\/div><\/div>\n<\/fieldset>\n<\/div>\n\n<\/form>\n<\/div>","protected":false},"excerpt":{"rendered":"<p>Do you have an aerial photography project? We invite you to request a quote below we will contact you as soon as possible<\/p>\n","protected":false},"author":1,"featured_media":0,"parent":0,"menu_order":0,"comment_status":"closed","ping_status":"closed","template":"","meta":{"footnotes":""},"class_list":["post-8043","page","type-page","status-publish","hentry"],"yoast_head":"<!-- This site is optimized with the Yoast SEO plugin v26.9 - https:\/\/yoast.com\/product\/yoast-seo-wordpress\/ -->\n<title>Demande de devis pour des vues a\u00e9riennes -SKYCAM Tunisie<\/title>\n<meta name=\"description\" content=\"Demande de devis pour avoir des id\u00e9es sur les diff\u00e9rentes vues a\u00e9riennes en Tunisie et qui sont assur\u00e9es par l&#039;agence professionnelle de photographie SKYCAM\" \/>\n<meta name=\"robots\" content=\"index, follow, max-snippet:-1, max-image-preview:large, max-video-preview:-1\" \/>\n<link rel=\"canonical\" href=\"https:\/\/skycam.tn\/demande-de-devis\/\" \/>\n<meta property=\"og:locale\" content=\"en_US\" \/>\n<meta property=\"og:type\" content=\"article\" \/>\n<meta property=\"og:title\" content=\"Demande de devis pour des vues a\u00e9riennes -SKYCAM Tunisie\" \/>\n<meta property=\"og:description\" content=\"Demande de devis pour avoir des id\u00e9es sur les diff\u00e9rentes vues a\u00e9riennes en Tunisie et qui sont assur\u00e9es par l&#039;agence professionnelle de photographie SKYCAM\" \/>\n<meta property=\"og:url\" content=\"https:\/\/skycam.tn\/demande-de-devis\/\" \/>\n<meta property=\"og:site_name\" content=\"Prise de vue aerienne Tunisie, SkyCam, Aerial photography\" \/>\n<meta property=\"article:publisher\" content=\"https:\/\/www.facebook.com\/SkyCam-Tunisia-1558355201123457\/?fref=ts\" \/>\n<meta property=\"article:modified_time\" content=\"2022-05-06T07:37:48+00:00\" \/>\n<meta name=\"twitter:card\" content=\"summary_large_image\" \/>\n<meta name=\"twitter:label1\" content=\"Est. reading time\" \/>\n\t<meta name=\"twitter:data1\" content=\"1 minute\" \/>\n<script type=\"application\/ld+json\" class=\"yoast-schema-graph\">{\"@context\":\"https:\/\/schema.org\",\"@graph\":[{\"@type\":\"WebPage\",\"@id\":\"https:\/\/skycam.tn\/demande-de-devis\/\",\"url\":\"https:\/\/skycam.tn\/demande-de-devis\/\",\"name\":\"Demande de devis pour des vues a\u00e9riennes -SKYCAM Tunisie\",\"isPartOf\":{\"@id\":\"https:\/\/skycam.tn\/#website\"},\"datePublished\":\"2016-12-27T16:04:35+00:00\",\"dateModified\":\"2022-05-06T07:37:48+00:00\",\"description\":\"Demande de devis pour avoir des id\u00e9es sur les diff\u00e9rentes vues a\u00e9riennes en Tunisie et qui sont assur\u00e9es par l'agence professionnelle de photographie SKYCAM\",\"breadcrumb\":{\"@id\":\"https:\/\/skycam.tn\/demande-de-devis\/#breadcrumb\"},\"inLanguage\":\"en-US\",\"potentialAction\":[{\"@type\":\"ReadAction\",\"target\":[\"https:\/\/skycam.tn\/demande-de-devis\/\"]}]},{\"@type\":\"BreadcrumbList\",\"@id\":\"https:\/\/skycam.tn\/demande-de-devis\/#breadcrumb\",\"itemListElement\":[{\"@type\":\"ListItem\",\"position\":1,\"name\":\"Accueil\",\"item\":\"https:\/\/skycam.tn\/\"},{\"@type\":\"ListItem\",\"position\":2,\"name\":\"Demande de devis\"}]},{\"@type\":\"WebSite\",\"@id\":\"https:\/\/skycam.tn\/#website\",\"url\":\"https:\/\/skycam.tn\/\",\"name\":\"Prise de vue aerienne Tunisie, SkyCam, Aerial photography\",\"description\":\"\",\"potentialAction\":[{\"@type\":\"SearchAction\",\"target\":{\"@type\":\"EntryPoint\",\"urlTemplate\":\"https:\/\/skycam.tn\/?s={search_term_string}\"},\"query-input\":{\"@type\":\"PropertyValueSpecification\",\"valueRequired\":true,\"valueName\":\"search_term_string\"}}],\"inLanguage\":\"en-US\"}]}<\/script>\n<!-- \/ Yoast SEO plugin. -->","yoast_head_json":{"title":"Demande de devis pour des vues a\u00e9riennes -SKYCAM Tunisie","description":"Demande de devis pour avoir des id\u00e9es sur les diff\u00e9rentes vues a\u00e9riennes en Tunisie et qui sont assur\u00e9es par l'agence professionnelle de photographie SKYCAM","robots":{"index":"index","follow":"follow","max-snippet":"max-snippet:-1","max-image-preview":"max-image-preview:large","max-video-preview":"max-video-preview:-1"},"canonical":"https:\/\/skycam.tn\/demande-de-devis\/","og_locale":"en_US","og_type":"article","og_title":"Demande de devis pour des vues a\u00e9riennes -SKYCAM Tunisie","og_description":"Demande de devis pour avoir des id\u00e9es sur les diff\u00e9rentes vues a\u00e9riennes en Tunisie et qui sont assur\u00e9es par l'agence professionnelle de photographie SKYCAM","og_url":"https:\/\/skycam.tn\/demande-de-devis\/","og_site_name":"Prise de vue aerienne Tunisie, SkyCam, Aerial photography","article_publisher":"https:\/\/www.facebook.com\/SkyCam-Tunisia-1558355201123457\/?fref=ts","article_modified_time":"2022-05-06T07:37:48+00:00","twitter_card":"summary_large_image","twitter_misc":{"Est. reading time":"1 minute"},"schema":{"@context":"https:\/\/schema.org","@graph":[{"@type":"WebPage","@id":"https:\/\/skycam.tn\/demande-de-devis\/","url":"https:\/\/skycam.tn\/demande-de-devis\/","name":"Demande de devis pour des vues a\u00e9riennes -SKYCAM Tunisie","isPartOf":{"@id":"https:\/\/skycam.tn\/#website"},"datePublished":"2016-12-27T16:04:35+00:00","dateModified":"2022-05-06T07:37:48+00:00","description":"Demande de devis pour avoir des id\u00e9es sur les diff\u00e9rentes vues a\u00e9riennes en Tunisie et qui sont assur\u00e9es par l'agence professionnelle de photographie SKYCAM","breadcrumb":{"@id":"https:\/\/skycam.tn\/demande-de-devis\/#breadcrumb"},"inLanguage":"en-US","potentialAction":[{"@type":"ReadAction","target":["https:\/\/skycam.tn\/demande-de-devis\/"]}]},{"@type":"BreadcrumbList","@id":"https:\/\/skycam.tn\/demande-de-devis\/#breadcrumb","itemListElement":[{"@type":"ListItem","position":1,"name":"Accueil","item":"https:\/\/skycam.tn\/"},{"@type":"ListItem","position":2,"name":"Demande de devis"}]},{"@type":"WebSite","@id":"https:\/\/skycam.tn\/#website","url":"https:\/\/skycam.tn\/","name":"Prise de vue aerienne Tunisie, SkyCam, Aerial photography","description":"","potentialAction":[{"@type":"SearchAction","target":{"@type":"EntryPoint","urlTemplate":"https:\/\/skycam.tn\/?s={search_term_string}"},"query-input":{"@type":"PropertyValueSpecification","valueRequired":true,"valueName":"search_term_string"}}],"inLanguage":"en-US"}]}},"_links":{"self":[{"href":"https:\/\/skycam.tn\/en\/wp-json\/wp\/v2\/pages\/8043"}],"collection":[{"href":"https:\/\/skycam.tn\/en\/wp-json\/wp\/v2\/pages"}],"about":[{"href":"https:\/\/skycam.tn\/en\/wp-json\/wp\/v2\/types\/page"}],"author":[{"embeddable":true,"href":"https:\/\/skycam.tn\/en\/wp-json\/wp\/v2\/users\/1"}],"replies":[{"embeddable":true,"href":"https:\/\/skycam.tn\/en\/wp-json\/wp\/v2\/comments?post=8043"}],"version-history":[{"count":12,"href":"https:\/\/skycam.tn\/en\/wp-json\/wp\/v2\/pages\/8043\/revisions"}],"predecessor-version":[{"id":11318,"href":"https:\/\/skycam.tn\/en\/wp-json\/wp\/v2\/pages\/8043\/revisions\/11318"}],"wp:attachment":[{"href":"https:\/\/skycam.tn\/en\/wp-json\/wp\/v2\/media?parent=8043"}],"curies":[{"name":"wp","href":"https:\/\/api.w.org\/{rel}","templated":true}]}}