{"id":7687,"date":"2014-07-14T12:13:48","date_gmt":"2014-07-14T11:13:48","guid":{"rendered":"http:\/\/www.skycam.tn\/?page_id=7687"},"modified":"2024-10-01T10:03:21","modified_gmt":"2024-10-01T09:03:21","slug":"video-aerienne","status":"publish","type":"page","link":"https:\/\/skycam.tn\/en\/portfolio\/video-aerienne\/","title":{"rendered":"Aerial videos"},"content":{"rendered":"<div class=\"wpb-content-wrapper\">[vc_row row_type=&#8221;row&#8221; text_align=&#8221;left&#8221; css_animation=&#8221;&#8221;][vc_column width=&#8221;1\/2&#8243;][vc_video link=&#8221;https:\/\/vimeo.com\/354868557&#8243;][vc_empty_space height=&#8221;20px&#8221;][vc_video link=&#8221;https:\/\/vimeo.com\/161004807&#8243;][vc_empty_space height=&#8221;20px&#8221;][vc_empty_space height=&#8221;20px&#8221;][vc_video link=&#8221;https:\/\/www.youtube.com\/watch?v=9G2XqrXbNSQ&#8221;][vc_empty_space height=&#8221;20px&#8221;][vc_video link=&#8221;https:\/\/www.youtube.com\/watch?v=Y7QCkjdJxlc&amp;t=1s&#8221;]\n[vc_empty_space height=&#8221;20px&#8221;][vc_video link=&#8221;https:\/\/youtu.be\/xrwoLQlkru8&#8243;]\n[vc_empty_space height=&#8221;20px&#8221;][vc_video link=&#8221;https:\/\/youtu.be\/g8EbOcGL2u0?si=WuZPbrMLgo1NyiZc&#8221;]\n[vc_empty_space height=&#8221;20px&#8221;][vc_video link=&#8221;https:\/\/youtu.be\/EoiiSrbm9Rk;feature=youtu.be&#8221;]\n[vc_empty_space height=&#8221;20px&#8221;][vc_video link=&#8221;https:\/\/youtu.be\/KxoJtGZB0yg?si=yXK_z_PFWuTMPl2j &#8220;]\n[vc_empty_space height=&#8221;20px&#8221;][vc_video link=&#8221;https:\/\/www.youtube.com\/watch?v=cSYa5r_b61c&#8221;]\n[vc_empty_space height=&#8221;20px&#8221;][vc_video link=&#8221;https:\/\/www.youtube.com\/watch?v=wIMfWFTYzPY&#8221;][vc_empty_space height=&#8221;20px&#8221;]\n[vc_empty_space height=&#8221;20px&#8221;]\n\n[vc_empty_space height=&#8221;20px&#8221;]\n[\/vc_column][vc_column width=&#8221;1\/2&#8243;][vc_empty_space height=&#8221;20px&#8221;][vc_video link=&#8221;https:\/\/www.youtube.com\/watch?v=-4KaxCcePTM&#8221;][vc_empty_space height=&#8221;20px&#8221;][vc_video link=&#8221;https:\/\/www.youtube.com\/watch?v=NknNAtjEVWE&#8221;][vc_empty_space height=&#8221;20px&#8221;][\/vc_column][vc_column width=&#8221;1\/2&#8243;][vc_video link=&#8221;https:\/\/www.youtube.com\/watch?v=o45du6iLAWU&#8221; align=&#8221;right&#8221;][vc_empty_space height=&#8221;20px&#8221;][vc_video link=&#8221;https:\/\/youtu.be\/jHo_WfeNqB8&#8243; src=&#8221;&#8220;https:\/\/www.youtube.com\/embed\/qxgNLuhjGaQ?rel=0&#8220;&#8221; width=&#8221;&#8220;560&#8220;&#8221; height=&#8221;&#8220;315&#8220;&#8221; frameborder=&#8221;&#8220;0&#8220;&#8221;][vc_empty_space height=&#8221;20px&#8221;][vc_video link=&#8221;https:\/\/www.youtube.com\/embed\/Gv1_Ur-uYr0&#8243;]\n[vc_empty_space height=&#8221;20px&#8221;][vc_video link=&#8221;https:\/\/youtu.be\/sF9ZV-grNd8&#8243;][vc_empty_space height=&#8221;20px&#8221;][vc_video link=&#8221;https:\/\/vimeo.com\/128862384&#8243;][vc_empty_space height=&#8221;20px&#8221;][vc_video link=&#8221;https:\/\/www.youtube.com\/watch?v=qxgNLuhjGaQ&#8221;][vc_empty_space height=&#8221;20px&#8221;]\n\n\n<p><iframe loading=\"lazy\" src=\"https:\/\/www.facebook.com\/plugins\/video.php?height=314&#038;href=https%3A%2F%2Fwww.facebook.com%2FSkycamTunisia%2Fvideos%2F1799987683488085%2F&#038;show_text=false&#038;width=560&#038;t=0\" width=\"533\" height=\"300\" style=\"border:none;overflow:hidden\" scrolling=\"no\" frameborder=\"0\" allowfullscreen=\"true\" allow=\"autoplay; clipboard-write; encrypted-media; picture-in-picture; web-share\" allowFullScreen=\"true\"><\/iframe><\/p>\n\n\n\n<p><iframe loading=\"lazy\" src=\"https:\/\/www.facebook.com\/plugins\/video.php?height=314&#038;href=https%3A%2F%2Fwww.facebook.com%2FSkycamTunisia%2Fvideos%2F752687572018226%2F&#038;show_text=false&#038;width=560&#038;t=0\" width=\"533\" height=\"300\" style=\"border:none;overflow:hidden\" scrolling=\"no\" frameborder=\"0\" allowfullscreen=\"true\" allow=\"autoplay; clipboard-write; encrypted-media; picture-in-picture; web-share\" allowFullScreen=\"true\"><\/iframe><\/p>\n\n\n[vc_empty_space height=&#8221;20px&#8221;]\n[\/vc_column][\/vc_row]<\/div>","protected":false},"excerpt":{"rendered":"<p>[vc_row row_type=&#8221;row&#8221; text_align=&#8221;left&#8221; css_animation=&#8221;&#8221;][vc_column width=&#8221;1\/2&#8243;][vc_video link=&#8221;https:\/\/vimeo.com\/354868557&#8243;][vc_empty_space height=&#8221;20px&#8221;][vc_video link=&#8221;https:\/\/vimeo.com\/161004807&#8243;][vc_empty_space height=&#8221;20px&#8221;][vc_empty_space height=&#8221;20px&#8221;][vc_video link=&#8221;https:\/\/www.youtube.com\/watch?v=9G2XqrXbNSQ&#8221;][vc_empty_space height=&#8221;20px&#8221;][vc_video link=&#8221;https:\/\/www.youtube.com\/watch?v=Y7QCkjdJxlc&amp;t=1s&#8221;] [vc_empty_space height=&#8221;20px&#8221;][vc_video link=&#8221;https:\/\/youtu.be\/xrwoLQlkru8&#8243;] [vc_empty_space height=&#8221;20px&#8221;][vc_video link=&#8221;https:\/\/youtu.be\/g8EbOcGL2u0?si=WuZPbrMLgo1NyiZc&#8221;] [vc_empty_space height=&#8221;20px&#8221;][vc_video link=&#8221;https:\/\/youtu.be\/EoiiSrbm9Rk;feature=youtu.be&#8221;] [vc_empty_space height=&#8221;20px&#8221;][vc_video link=&#8221;https:\/\/youtu.be\/KxoJtGZB0yg?si=yXK_z_PFWuTMPl2j &#8220;] [vc_empty_space height=&#8221;20px&#8221;][vc_video link=&#8221;https:\/\/www.youtube.com\/watch?v=cSYa5r_b61c&#8221;] [vc_empty_space height=&#8221;20px&#8221;][vc_video link=&#8221;https:\/\/www.youtube.com\/watch?v=wIMfWFTYzPY&#8221;][vc_empty_space height=&#8221;20px&#8221;] [vc_empty_space height=&#8221;20px&#8221;] [vc_empty_space height=&#8221;20px&#8221;] [\/vc_column][vc_column width=&#8221;1\/2&#8243;][vc_empty_space height=&#8221;20px&#8221;][vc_video link=&#8221;https:\/\/www.youtube.com\/watch?v=-4KaxCcePTM&#8221;][vc_empty_space height=&#8221;20px&#8221;][vc_video link=&#8221;https:\/\/www.youtube.com\/watch?v=NknNAtjEVWE&#8221;][vc_empty_space height=&#8221;20px&#8221;][\/vc_column][vc_column width=&#8221;1\/2&#8243;][vc_video&#8230;<\/p>\n","protected":false},"author":1,"featured_media":0,"parent":1384,"menu_order":0,"comment_status":"closed","ping_status":"closed","template":"","meta":{"footnotes":""},"class_list":["post-7687","page","type-page","status-publish","hentry"],"yoast_head":"<!-- This site is optimized with the Yoast SEO plugin v26.9 - https:\/\/yoast.com\/product\/yoast-seo-wordpress\/ -->\n<title>vid\u00e9os a\u00e9riennes par drone r\u00e9aliser par Skycam Tunisie<\/title>\n<meta name=\"description\" content=\"Plateforme de vid\u00e9os a\u00e9riennes par drone r\u00e9alis\u00e9s par skycam dans des diff\u00e9rents sections : entreprise , paysage , h\u00f4tels , \u00e9v\u00e9nement .\" \/>\n<meta name=\"robots\" content=\"index, follow, max-snippet:-1, max-image-preview:large, max-video-preview:-1\" \/>\n<link rel=\"canonical\" href=\"https:\/\/skycam.tn\/portfolio\/video-aerienne\/\" \/>\n<meta property=\"og:locale\" content=\"en_US\" \/>\n<meta property=\"og:type\" content=\"article\" \/>\n<meta property=\"og:title\" content=\"vid\u00e9os a\u00e9riennes par drone r\u00e9aliser par Skycam Tunisie\" \/>\n<meta property=\"og:description\" content=\"Plateforme de vid\u00e9os a\u00e9riennes par drone r\u00e9alis\u00e9s par skycam dans des diff\u00e9rents sections : entreprise , paysage , h\u00f4tels , \u00e9v\u00e9nement .\" \/>\n<meta property=\"og:url\" content=\"https:\/\/skycam.tn\/portfolio\/video-aerienne\/\" \/>\n<meta property=\"og:site_name\" content=\"Prise de vue aerienne Tunisie, SkyCam, Aerial photography\" \/>\n<meta property=\"article:publisher\" content=\"https:\/\/www.facebook.com\/SkyCam-Tunisia-1558355201123457\/?fref=ts\" \/>\n<meta property=\"article:modified_time\" content=\"2024-10-01T09:03:21+00:00\" \/>\n<meta name=\"twitter:card\" content=\"summary_large_image\" \/>\n<meta name=\"twitter:label1\" content=\"Est. reading time\" \/>\n\t<meta name=\"twitter:data1\" content=\"1 minute\" \/>\n<script type=\"application\/ld+json\" class=\"yoast-schema-graph\">{\"@context\":\"https:\/\/schema.org\",\"@graph\":[{\"@type\":\"WebPage\",\"@id\":\"https:\/\/skycam.tn\/portfolio\/video-aerienne\/\",\"url\":\"https:\/\/skycam.tn\/portfolio\/video-aerienne\/\",\"name\":\"vid\u00e9os a\u00e9riennes par drone r\u00e9aliser par Skycam Tunisie\",\"isPartOf\":{\"@id\":\"https:\/\/skycam.tn\/#website\"},\"datePublished\":\"2014-07-14T11:13:48+00:00\",\"dateModified\":\"2024-10-01T09:03:21+00:00\",\"description\":\"Plateforme de vid\u00e9os a\u00e9riennes par drone r\u00e9alis\u00e9s par skycam dans des diff\u00e9rents sections : entreprise , paysage , h\u00f4tels , \u00e9v\u00e9nement .\",\"breadcrumb\":{\"@id\":\"https:\/\/skycam.tn\/portfolio\/video-aerienne\/#breadcrumb\"},\"inLanguage\":\"en-US\",\"potentialAction\":[{\"@type\":\"ReadAction\",\"target\":[\"https:\/\/skycam.tn\/portfolio\/video-aerienne\/\"]}]},{\"@type\":\"BreadcrumbList\",\"@id\":\"https:\/\/skycam.tn\/portfolio\/video-aerienne\/#breadcrumb\",\"itemListElement\":[{\"@type\":\"ListItem\",\"position\":1,\"name\":\"Accueil\",\"item\":\"https:\/\/skycam.tn\/\"},{\"@type\":\"ListItem\",\"position\":2,\"name\":\"R\u00e9f\u00e9rences\",\"item\":\"https:\/\/skycam.tn\/portfolio\/\"},{\"@type\":\"ListItem\",\"position\":3,\"name\":\"Vid\u00e9os a\u00e9riennes\"}]},{\"@type\":\"WebSite\",\"@id\":\"https:\/\/skycam.tn\/#website\",\"url\":\"https:\/\/skycam.tn\/\",\"name\":\"Prise de vue aerienne Tunisie, SkyCam, Aerial photography\",\"description\":\"\",\"potentialAction\":[{\"@type\":\"SearchAction\",\"target\":{\"@type\":\"EntryPoint\",\"urlTemplate\":\"https:\/\/skycam.tn\/?s={search_term_string}\"},\"query-input\":{\"@type\":\"PropertyValueSpecification\",\"valueRequired\":true,\"valueName\":\"search_term_string\"}}],\"inLanguage\":\"en-US\"}]}<\/script>\n<!-- \/ Yoast SEO plugin. -->","yoast_head_json":{"title":"vid\u00e9os a\u00e9riennes par drone r\u00e9aliser par Skycam Tunisie","description":"Plateforme de vid\u00e9os a\u00e9riennes par drone r\u00e9alis\u00e9s par skycam dans des diff\u00e9rents sections : entreprise , paysage , h\u00f4tels , \u00e9v\u00e9nement .","robots":{"index":"index","follow":"follow","max-snippet":"max-snippet:-1","max-image-preview":"max-image-preview:large","max-video-preview":"max-video-preview:-1"},"canonical":"https:\/\/skycam.tn\/portfolio\/video-aerienne\/","og_locale":"en_US","og_type":"article","og_title":"vid\u00e9os a\u00e9riennes par drone r\u00e9aliser par Skycam Tunisie","og_description":"Plateforme de vid\u00e9os a\u00e9riennes par drone r\u00e9alis\u00e9s par skycam dans des diff\u00e9rents sections : entreprise , paysage , h\u00f4tels , \u00e9v\u00e9nement .","og_url":"https:\/\/skycam.tn\/portfolio\/video-aerienne\/","og_site_name":"Prise de vue aerienne Tunisie, SkyCam, Aerial photography","article_publisher":"https:\/\/www.facebook.com\/SkyCam-Tunisia-1558355201123457\/?fref=ts","article_modified_time":"2024-10-01T09:03:21+00:00","twitter_card":"summary_large_image","twitter_misc":{"Est. reading time":"1 minute"},"schema":{"@context":"https:\/\/schema.org","@graph":[{"@type":"WebPage","@id":"https:\/\/skycam.tn\/portfolio\/video-aerienne\/","url":"https:\/\/skycam.tn\/portfolio\/video-aerienne\/","name":"vid\u00e9os a\u00e9riennes par drone r\u00e9aliser par Skycam Tunisie","isPartOf":{"@id":"https:\/\/skycam.tn\/#website"},"datePublished":"2014-07-14T11:13:48+00:00","dateModified":"2024-10-01T09:03:21+00:00","description":"Plateforme de vid\u00e9os a\u00e9riennes par drone r\u00e9alis\u00e9s par skycam dans des diff\u00e9rents sections : entreprise , paysage , h\u00f4tels , \u00e9v\u00e9nement .","breadcrumb":{"@id":"https:\/\/skycam.tn\/portfolio\/video-aerienne\/#breadcrumb"},"inLanguage":"en-US","potentialAction":[{"@type":"ReadAction","target":["https:\/\/skycam.tn\/portfolio\/video-aerienne\/"]}]},{"@type":"BreadcrumbList","@id":"https:\/\/skycam.tn\/portfolio\/video-aerienne\/#breadcrumb","itemListElement":[{"@type":"ListItem","position":1,"name":"Accueil","item":"https:\/\/skycam.tn\/"},{"@type":"ListItem","position":2,"name":"R\u00e9f\u00e9rences","item":"https:\/\/skycam.tn\/portfolio\/"},{"@type":"ListItem","position":3,"name":"Vid\u00e9os a\u00e9riennes"}]},{"@type":"WebSite","@id":"https:\/\/skycam.tn\/#website","url":"https:\/\/skycam.tn\/","name":"Prise de vue aerienne Tunisie, SkyCam, Aerial photography","description":"","potentialAction":[{"@type":"SearchAction","target":{"@type":"EntryPoint","urlTemplate":"https:\/\/skycam.tn\/?s={search_term_string}"},"query-input":{"@type":"PropertyValueSpecification","valueRequired":true,"valueName":"search_term_string"}}],"inLanguage":"en-US"}]}},"_links":{"self":[{"href":"https:\/\/skycam.tn\/en\/wp-json\/wp\/v2\/pages\/7687"}],"collection":[{"href":"https:\/\/skycam.tn\/en\/wp-json\/wp\/v2\/pages"}],"about":[{"href":"https:\/\/skycam.tn\/en\/wp-json\/wp\/v2\/types\/page"}],"author":[{"embeddable":true,"href":"https:\/\/skycam.tn\/en\/wp-json\/wp\/v2\/users\/1"}],"replies":[{"embeddable":true,"href":"https:\/\/skycam.tn\/en\/wp-json\/wp\/v2\/comments?post=7687"}],"version-history":[{"count":95,"href":"https:\/\/skycam.tn\/en\/wp-json\/wp\/v2\/pages\/7687\/revisions"}],"predecessor-version":[{"id":12921,"href":"https:\/\/skycam.tn\/en\/wp-json\/wp\/v2\/pages\/7687\/revisions\/12921"}],"up":[{"embeddable":true,"href":"https:\/\/skycam.tn\/en\/wp-json\/wp\/v2\/pages\/1384"}],"wp:attachment":[{"href":"https:\/\/skycam.tn\/en\/wp-json\/wp\/v2\/media?parent=7687"}],"curies":[{"name":"wp","href":"https:\/\/api.w.org\/{rel}","templated":true}]}}