{"id":7399,"date":"2014-05-06T16:17:49","date_gmt":"2014-05-06T15:17:49","guid":{"rendered":"http:\/\/www.skycam.tn\/?page_id=7399"},"modified":"2020-03-17T13:31:30","modified_gmt":"2020-03-17T12:31:30","slug":"photos-aerienne","status":"publish","type":"page","link":"https:\/\/skycam.tn\/en\/portfolio\/photos-aerienne\/","title":{"rendered":"Aerial photography"},"content":{"rendered":"\n<figure class=\"wp-block-gallery columns-3 is-cropped wp-block-gallery-1 is-layout-flex wp-block-gallery-is-layout-flex\"><ul class=\"blocks-gallery-grid\"><li class=\"blocks-gallery-item\"><figure><img loading=\"lazy\" decoding=\"async\" width=\"1024\" height=\"767\" src=\"https:\/\/skycam.tn\/wp-content\/uploads\/2017\/01\/skycam.tn026-1024x767.jpg\" alt=\"\" data-id=\"8164\" data-link=\"https:\/\/skycam.tn\/skycam-tn026\/\" class=\"wp-image-8164\" srcset=\"https:\/\/skycam.tn\/wp-content\/uploads\/2017\/01\/skycam.tn026.jpg 1024w, https:\/\/skycam.tn\/wp-content\/uploads\/2017\/01\/skycam.tn026-300x225.jpg 300w, https:\/\/skycam.tn\/wp-content\/uploads\/2017\/01\/skycam.tn026-30x22.jpg 30w\" sizes=\"(max-width: 1024px) 100vw, 1024px\" \/><\/figure><\/li><li class=\"blocks-gallery-item\"><figure><img loading=\"lazy\" decoding=\"async\" width=\"1023\" height=\"767\" src=\"https:\/\/skycam.tn\/wp-content\/uploads\/2017\/01\/skycam.tn011.jpg\" alt=\"\" data-id=\"8162\" data-link=\"https:\/\/skycam.tn\/skycam-tn011\/\" class=\"wp-image-8162\" srcset=\"https:\/\/skycam.tn\/wp-content\/uploads\/2017\/01\/skycam.tn011.jpg 1023w, https:\/\/skycam.tn\/wp-content\/uploads\/2017\/01\/skycam.tn011-300x225.jpg 300w, https:\/\/skycam.tn\/wp-content\/uploads\/2017\/01\/skycam.tn011-30x22.jpg 30w\" sizes=\"(max-width: 1023px) 100vw, 1023px\" \/><\/figure><\/li><li class=\"blocks-gallery-item\"><figure><img loading=\"lazy\" decoding=\"async\" width=\"1024\" height=\"767\" src=\"https:\/\/skycam.tn\/wp-content\/uploads\/2017\/01\/skycam.tn010-1024x767.jpg\" alt=\"\" data-id=\"8161\" data-link=\"https:\/\/skycam.tn\/skycam-tn010\/\" class=\"wp-image-8161\" srcset=\"https:\/\/skycam.tn\/wp-content\/uploads\/2017\/01\/skycam.tn010.jpg 1024w, https:\/\/skycam.tn\/wp-content\/uploads\/2017\/01\/skycam.tn010-300x225.jpg 300w, https:\/\/skycam.tn\/wp-content\/uploads\/2017\/01\/skycam.tn010-30x22.jpg 30w\" sizes=\"(max-width: 1024px) 100vw, 1024px\" \/><\/figure><\/li><li class=\"blocks-gallery-item\"><figure><img loading=\"lazy\" decoding=\"async\" width=\"1023\" height=\"767\" src=\"https:\/\/skycam.tn\/wp-content\/uploads\/2017\/01\/skycam.tn008.jpg\" alt=\"\" data-id=\"8159\" data-link=\"https:\/\/skycam.tn\/skycam-tn008\/\" class=\"wp-image-8159\" srcset=\"https:\/\/skycam.tn\/wp-content\/uploads\/2017\/01\/skycam.tn008.jpg 1023w, https:\/\/skycam.tn\/wp-content\/uploads\/2017\/01\/skycam.tn008-300x225.jpg 300w, https:\/\/skycam.tn\/wp-content\/uploads\/2017\/01\/skycam.tn008-30x22.jpg 30w\" sizes=\"(max-width: 1023px) 100vw, 1023px\" \/><\/figure><\/li><li class=\"blocks-gallery-item\"><figure><img loading=\"lazy\" decoding=\"async\" width=\"1023\" height=\"767\" src=\"https:\/\/skycam.tn\/wp-content\/uploads\/2019\/03\/skycam.tn1_-1.jpg\" alt=\"\" data-id=\"8455\" data-link=\"https:\/\/skycam.tn\/skycam-tn1-2\/\" class=\"wp-image-8455\" srcset=\"https:\/\/skycam.tn\/wp-content\/uploads\/2019\/03\/skycam.tn1_-1.jpg 1023w, https:\/\/skycam.tn\/wp-content\/uploads\/2019\/03\/skycam.tn1_-1-300x225.jpg 300w, https:\/\/skycam.tn\/wp-content\/uploads\/2019\/03\/skycam.tn1_-1-768x576.jpg 768w\" sizes=\"(max-width: 1023px) 100vw, 1023px\" \/><\/figure><\/li><li class=\"blocks-gallery-item\"><figure><img loading=\"lazy\" decoding=\"async\" width=\"1023\" height=\"767\" src=\"https:\/\/skycam.tn\/wp-content\/uploads\/2017\/01\/skycam.tn040.jpg\" alt=\"\" data-id=\"8178\" data-link=\"https:\/\/skycam.tn\/skycam-tn040\/\" class=\"wp-image-8178\" srcset=\"https:\/\/skycam.tn\/wp-content\/uploads\/2017\/01\/skycam.tn040.jpg 1023w, https:\/\/skycam.tn\/wp-content\/uploads\/2017\/01\/skycam.tn040-300x225.jpg 300w, https:\/\/skycam.tn\/wp-content\/uploads\/2017\/01\/skycam.tn040-30x22.jpg 30w\" sizes=\"(max-width: 1023px) 100vw, 1023px\" \/><\/figure><\/li><li class=\"blocks-gallery-item\"><figure><img loading=\"lazy\" decoding=\"async\" width=\"1023\" height=\"767\" src=\"https:\/\/skycam.tn\/wp-content\/uploads\/2017\/01\/skycam.tn039.jpg\" alt=\"\" data-id=\"8177\" data-link=\"https:\/\/skycam.tn\/skycam-tn039\/\" class=\"wp-image-8177\" srcset=\"https:\/\/skycam.tn\/wp-content\/uploads\/2017\/01\/skycam.tn039.jpg 1023w, https:\/\/skycam.tn\/wp-content\/uploads\/2017\/01\/skycam.tn039-300x225.jpg 300w, https:\/\/skycam.tn\/wp-content\/uploads\/2017\/01\/skycam.tn039-30x22.jpg 30w\" sizes=\"(max-width: 1023px) 100vw, 1023px\" \/><\/figure><\/li><li class=\"blocks-gallery-item\"><figure><img loading=\"lazy\" decoding=\"async\" width=\"1023\" height=\"767\" src=\"https:\/\/skycam.tn\/wp-content\/uploads\/2017\/01\/skycam.tn037.jpg\" alt=\"\" data-id=\"8175\" data-link=\"https:\/\/skycam.tn\/skycam-tn037\/\" class=\"wp-image-8175\" srcset=\"https:\/\/skycam.tn\/wp-content\/uploads\/2017\/01\/skycam.tn037.jpg 1023w, https:\/\/skycam.tn\/wp-content\/uploads\/2017\/01\/skycam.tn037-300x225.jpg 300w, https:\/\/skycam.tn\/wp-content\/uploads\/2017\/01\/skycam.tn037-30x22.jpg 30w\" sizes=\"(max-width: 1023px) 100vw, 1023px\" \/><\/figure><\/li><li class=\"blocks-gallery-item\"><figure><img loading=\"lazy\" decoding=\"async\" width=\"1023\" height=\"767\" src=\"https:\/\/skycam.tn\/wp-content\/uploads\/2017\/01\/skycam.tn044.jpg\" alt=\"\" data-id=\"8182\" data-link=\"https:\/\/skycam.tn\/skycam-tn044\/\" class=\"wp-image-8182\" srcset=\"https:\/\/skycam.tn\/wp-content\/uploads\/2017\/01\/skycam.tn044.jpg 1023w, https:\/\/skycam.tn\/wp-content\/uploads\/2017\/01\/skycam.tn044-300x225.jpg 300w, https:\/\/skycam.tn\/wp-content\/uploads\/2017\/01\/skycam.tn044-30x22.jpg 30w\" sizes=\"(max-width: 1023px) 100vw, 1023px\" \/><\/figure><\/li><li class=\"blocks-gallery-item\"><figure><img loading=\"lazy\" decoding=\"async\" width=\"1023\" height=\"767\" src=\"https:\/\/skycam.tn\/wp-content\/uploads\/2017\/01\/skycam.tn045.jpg\" alt=\"\" data-id=\"8183\" data-link=\"https:\/\/skycam.tn\/skycam-tn045\/\" class=\"wp-image-8183\" srcset=\"https:\/\/skycam.tn\/wp-content\/uploads\/2017\/01\/skycam.tn045.jpg 1023w, https:\/\/skycam.tn\/wp-content\/uploads\/2017\/01\/skycam.tn045-300x225.jpg 300w, https:\/\/skycam.tn\/wp-content\/uploads\/2017\/01\/skycam.tn045-30x22.jpg 30w\" sizes=\"(max-width: 1023px) 100vw, 1023px\" \/><\/figure><\/li><li class=\"blocks-gallery-item\"><figure><img loading=\"lazy\" decoding=\"async\" width=\"1023\" height=\"767\" src=\"https:\/\/skycam.tn\/wp-content\/uploads\/2017\/01\/skycam.tn033.jpg\" alt=\"\" data-id=\"8171\" data-link=\"https:\/\/skycam.tn\/skycam-tn033\/\" class=\"wp-image-8171\" srcset=\"https:\/\/skycam.tn\/wp-content\/uploads\/2017\/01\/skycam.tn033.jpg 1023w, https:\/\/skycam.tn\/wp-content\/uploads\/2017\/01\/skycam.tn033-300x225.jpg 300w, https:\/\/skycam.tn\/wp-content\/uploads\/2017\/01\/skycam.tn033-30x22.jpg 30w\" sizes=\"(max-width: 1023px) 100vw, 1023px\" \/><\/figure><\/li><li class=\"blocks-gallery-item\"><figure><img loading=\"lazy\" decoding=\"async\" width=\"1023\" height=\"767\" src=\"https:\/\/skycam.tn\/wp-content\/uploads\/2017\/01\/skycam.tn027.jpg\" alt=\"\" data-id=\"8165\" data-link=\"https:\/\/skycam.tn\/skycam-tn027\/\" class=\"wp-image-8165\" srcset=\"https:\/\/skycam.tn\/wp-content\/uploads\/2017\/01\/skycam.tn027.jpg 1023w, https:\/\/skycam.tn\/wp-content\/uploads\/2017\/01\/skycam.tn027-300x225.jpg 300w, https:\/\/skycam.tn\/wp-content\/uploads\/2017\/01\/skycam.tn027-30x22.jpg 30w\" sizes=\"(max-width: 1023px) 100vw, 1023px\" \/><\/figure><\/li><li class=\"blocks-gallery-item\"><figure><img loading=\"lazy\" decoding=\"async\" width=\"1023\" height=\"767\" src=\"https:\/\/skycam.tn\/wp-content\/uploads\/2019\/03\/skycam.tn017.jpg\" alt=\"\" data-id=\"8665\" data-link=\"https:\/\/skycam.tn\/portfolio\/photos-aerienne\/skycam-tn017-2\/\" class=\"wp-image-8665\" srcset=\"https:\/\/skycam.tn\/wp-content\/uploads\/2019\/03\/skycam.tn017.jpg 1023w, https:\/\/skycam.tn\/wp-content\/uploads\/2019\/03\/skycam.tn017-300x225.jpg 300w, https:\/\/skycam.tn\/wp-content\/uploads\/2019\/03\/skycam.tn017-768x576.jpg 768w\" sizes=\"(max-width: 1023px) 100vw, 1023px\" \/><\/figure><\/li><li class=\"blocks-gallery-item\"><figure><img loading=\"lazy\" decoding=\"async\" width=\"1023\" height=\"767\" src=\"https:\/\/skycam.tn\/wp-content\/uploads\/2019\/03\/skycam.tn031.jpg\" alt=\"\" data-id=\"8666\" data-link=\"https:\/\/skycam.tn\/portfolio\/photos-aerienne\/skycam-tn031-2\/\" class=\"wp-image-8666\" srcset=\"https:\/\/skycam.tn\/wp-content\/uploads\/2019\/03\/skycam.tn031.jpg 1023w, https:\/\/skycam.tn\/wp-content\/uploads\/2019\/03\/skycam.tn031-300x225.jpg 300w, https:\/\/skycam.tn\/wp-content\/uploads\/2019\/03\/skycam.tn031-768x576.jpg 768w\" sizes=\"(max-width: 1023px) 100vw, 1023px\" \/><\/figure><\/li><li class=\"blocks-gallery-item\"><figure><img loading=\"lazy\" decoding=\"async\" width=\"1023\" height=\"767\" src=\"https:\/\/skycam.tn\/wp-content\/uploads\/2019\/03\/skycam.tn033.jpg\" alt=\"\" data-id=\"8667\" data-link=\"https:\/\/skycam.tn\/portfolio\/photos-aerienne\/skycam-tn033-2\/\" class=\"wp-image-8667\" srcset=\"https:\/\/skycam.tn\/wp-content\/uploads\/2019\/03\/skycam.tn033.jpg 1023w, https:\/\/skycam.tn\/wp-content\/uploads\/2019\/03\/skycam.tn033-300x225.jpg 300w, https:\/\/skycam.tn\/wp-content\/uploads\/2019\/03\/skycam.tn033-768x576.jpg 768w\" sizes=\"(max-width: 1023px) 100vw, 1023px\" \/><\/figure><\/li><li class=\"blocks-gallery-item\"><figure><img loading=\"lazy\" decoding=\"async\" width=\"1023\" height=\"767\" src=\"https:\/\/skycam.tn\/wp-content\/uploads\/2019\/03\/skycam.tn035-1024x767.jpg\" alt=\"\" data-id=\"8668\" data-link=\"https:\/\/skycam.tn\/portfolio\/photos-aerienne\/skycam-tn035-1024x767\/\" class=\"wp-image-8668\" srcset=\"https:\/\/skycam.tn\/wp-content\/uploads\/2019\/03\/skycam.tn035-1024x767.jpg 1023w, https:\/\/skycam.tn\/wp-content\/uploads\/2019\/03\/skycam.tn035-1024x767-300x225.jpg 300w, https:\/\/skycam.tn\/wp-content\/uploads\/2019\/03\/skycam.tn035-1024x767-768x576.jpg 768w\" sizes=\"(max-width: 1023px) 100vw, 1023px\" \/><\/figure><\/li><li class=\"blocks-gallery-item\"><figure><img loading=\"lazy\" decoding=\"async\" width=\"1023\" height=\"767\" src=\"https:\/\/skycam.tn\/wp-content\/uploads\/2019\/03\/skycam.tn036-1024x767.jpg\" alt=\"\" data-id=\"8669\" data-link=\"https:\/\/skycam.tn\/portfolio\/photos-aerienne\/skycam-tn036-1024x767\/\" class=\"wp-image-8669\" srcset=\"https:\/\/skycam.tn\/wp-content\/uploads\/2019\/03\/skycam.tn036-1024x767.jpg 1023w, https:\/\/skycam.tn\/wp-content\/uploads\/2019\/03\/skycam.tn036-1024x767-300x225.jpg 300w, https:\/\/skycam.tn\/wp-content\/uploads\/2019\/03\/skycam.tn036-1024x767-768x576.jpg 768w\" sizes=\"(max-width: 1023px) 100vw, 1023px\" \/><\/figure><\/li><li class=\"blocks-gallery-item\"><figure><img loading=\"lazy\" decoding=\"async\" width=\"1023\" height=\"767\" src=\"https:\/\/skycam.tn\/wp-content\/uploads\/2019\/03\/skycam.tn046.jpg\" alt=\"\" data-id=\"8670\" data-link=\"https:\/\/skycam.tn\/portfolio\/photos-aerienne\/skycam-tn046-2\/\" class=\"wp-image-8670\" srcset=\"https:\/\/skycam.tn\/wp-content\/uploads\/2019\/03\/skycam.tn046.jpg 1023w, https:\/\/skycam.tn\/wp-content\/uploads\/2019\/03\/skycam.tn046-300x225.jpg 300w, https:\/\/skycam.tn\/wp-content\/uploads\/2019\/03\/skycam.tn046-768x576.jpg 768w\" sizes=\"(max-width: 1023px) 100vw, 1023px\" \/><\/figure><\/li><li class=\"blocks-gallery-item\"><figure><img loading=\"lazy\" decoding=\"async\" width=\"1023\" height=\"767\" src=\"https:\/\/skycam.tn\/wp-content\/uploads\/2019\/03\/skycam.tn038.jpg\" alt=\"\" data-id=\"8671\" data-link=\"https:\/\/skycam.tn\/portfolio\/photos-aerienne\/skycam-tn038\/\" class=\"wp-image-8671\" srcset=\"https:\/\/skycam.tn\/wp-content\/uploads\/2019\/03\/skycam.tn038.jpg 1023w, https:\/\/skycam.tn\/wp-content\/uploads\/2019\/03\/skycam.tn038-300x225.jpg 300w, https:\/\/skycam.tn\/wp-content\/uploads\/2019\/03\/skycam.tn038-768x576.jpg 768w\" sizes=\"(max-width: 1023px) 100vw, 1023px\" \/><\/figure><\/li><li class=\"blocks-gallery-item\"><figure><img loading=\"lazy\" decoding=\"async\" width=\"1023\" height=\"767\" src=\"https:\/\/skycam.tn\/wp-content\/uploads\/2019\/03\/skycam.tn042-1024x767.jpg\" alt=\"\" data-id=\"8672\" data-link=\"https:\/\/skycam.tn\/portfolio\/photos-aerienne\/skycam-tn042-1024x767\/\" class=\"wp-image-8672\" srcset=\"https:\/\/skycam.tn\/wp-content\/uploads\/2019\/03\/skycam.tn042-1024x767.jpg 1023w, https:\/\/skycam.tn\/wp-content\/uploads\/2019\/03\/skycam.tn042-1024x767-300x225.jpg 300w, https:\/\/skycam.tn\/wp-content\/uploads\/2019\/03\/skycam.tn042-1024x767-768x576.jpg 768w\" sizes=\"(max-width: 1023px) 100vw, 1023px\" \/><\/figure><\/li><li class=\"blocks-gallery-item\"><figure><img loading=\"lazy\" decoding=\"async\" width=\"1023\" height=\"767\" src=\"https:\/\/skycam.tn\/wp-content\/uploads\/2019\/03\/skycam.tn4_.jpg\" alt=\"\" data-id=\"8451\" data-link=\"https:\/\/skycam.tn\/skycam-tn4\/\" class=\"wp-image-8451\" srcset=\"https:\/\/skycam.tn\/wp-content\/uploads\/2019\/03\/skycam.tn4_.jpg 1023w, https:\/\/skycam.tn\/wp-content\/uploads\/2019\/03\/skycam.tn4_-300x225.jpg 300w, https:\/\/skycam.tn\/wp-content\/uploads\/2019\/03\/skycam.tn4_-768x576.jpg 768w\" sizes=\"(max-width: 1023px) 100vw, 1023px\" \/><\/figure><\/li><li class=\"blocks-gallery-item\"><figure><img loading=\"lazy\" decoding=\"async\" width=\"1023\" height=\"767\" src=\"https:\/\/skycam.tn\/wp-content\/uploads\/2017\/01\/skycam.tn028.jpg\" alt=\"\" data-id=\"8166\" data-link=\"https:\/\/skycam.tn\/skycam-tn028\/\" class=\"wp-image-8166\" srcset=\"https:\/\/skycam.tn\/wp-content\/uploads\/2017\/01\/skycam.tn028.jpg 1023w, https:\/\/skycam.tn\/wp-content\/uploads\/2017\/01\/skycam.tn028-300x225.jpg 300w, https:\/\/skycam.tn\/wp-content\/uploads\/2017\/01\/skycam.tn028-30x22.jpg 30w\" sizes=\"(max-width: 1023px) 100vw, 1023px\" \/><\/figure><\/li><li class=\"blocks-gallery-item\"><figure><img loading=\"lazy\" decoding=\"async\" width=\"1023\" height=\"767\" src=\"https:\/\/skycam.tn\/wp-content\/uploads\/2019\/03\/skCam1.jpg\" alt=\"\" data-id=\"8673\" data-link=\"https:\/\/skycam.tn\/portfolio\/photos-aerienne\/skcam1\/\" class=\"wp-image-8673\" srcset=\"https:\/\/skycam.tn\/wp-content\/uploads\/2019\/03\/skCam1.jpg 1023w, https:\/\/skycam.tn\/wp-content\/uploads\/2019\/03\/skCam1-300x225.jpg 300w, https:\/\/skycam.tn\/wp-content\/uploads\/2019\/03\/skCam1-768x576.jpg 768w\" sizes=\"(max-width: 1023px) 100vw, 1023px\" \/><\/figure><\/li><li class=\"blocks-gallery-item\"><figure><img loading=\"lazy\" decoding=\"async\" width=\"1023\" height=\"767\" src=\"https:\/\/skycam.tn\/wp-content\/uploads\/2019\/03\/skCam3.jpg\" alt=\"\" data-id=\"8675\" data-link=\"https:\/\/skycam.tn\/portfolio\/photos-aerienne\/skcam3\/\" class=\"wp-image-8675\" srcset=\"https:\/\/skycam.tn\/wp-content\/uploads\/2019\/03\/skCam3.jpg 1023w, https:\/\/skycam.tn\/wp-content\/uploads\/2019\/03\/skCam3-300x225.jpg 300w, https:\/\/skycam.tn\/wp-content\/uploads\/2019\/03\/skCam3-768x576.jpg 768w\" sizes=\"(max-width: 1023px) 100vw, 1023px\" \/><\/figure><\/li><\/ul><\/figure>\n","protected":false},"excerpt":{"rendered":"","protected":false},"author":1,"featured_media":0,"parent":1384,"menu_order":0,"comment_status":"closed","ping_status":"closed","template":"","meta":{"footnotes":""},"class_list":["post-7399","page","type-page","status-publish","hentry"],"yoast_head":"<!-- This site is optimized with the Yoast SEO plugin v26.9 - https:\/\/yoast.com\/product\/yoast-seo-wordpress\/ -->\n<title>Galerie photos pour une vue a\u00e9rienne des paysages - SkyCam<\/title>\n<meta name=\"description\" content=\"une galerie photos prise par l&#039;\u00e9quipe de SkyCam pour une vue a\u00e9rienne magique de diff\u00e9rents endroits dans la Tunisie comme les paysages et les montagnes.\" \/>\n<meta name=\"robots\" content=\"index, follow, max-snippet:-1, max-image-preview:large, max-video-preview:-1\" \/>\n<link rel=\"canonical\" href=\"https:\/\/skycam.tn\/portfolio\/photos-aerienne\/\" \/>\n<meta property=\"og:locale\" content=\"en_US\" \/>\n<meta property=\"og:type\" content=\"article\" \/>\n<meta property=\"og:title\" content=\"Galerie photos pour une vue a\u00e9rienne des paysages - SkyCam\" \/>\n<meta property=\"og:description\" content=\"une galerie photos prise par l&#039;\u00e9quipe de SkyCam pour une vue a\u00e9rienne magique de diff\u00e9rents endroits dans la Tunisie comme les paysages et les montagnes.\" \/>\n<meta property=\"og:url\" content=\"https:\/\/skycam.tn\/portfolio\/photos-aerienne\/\" \/>\n<meta property=\"og:site_name\" content=\"Prise de vue aerienne Tunisie, SkyCam, Aerial photography\" \/>\n<meta property=\"article:publisher\" content=\"https:\/\/www.facebook.com\/SkyCam-Tunisia-1558355201123457\/?fref=ts\" \/>\n<meta property=\"article:modified_time\" content=\"2020-03-17T12:31:30+00:00\" \/>\n<meta property=\"og:image\" content=\"https:\/\/skycam.tn\/wp-content\/uploads\/2017\/01\/skycam.tn026-1024x767.jpg\" \/>\n<meta name=\"twitter:card\" content=\"summary_large_image\" \/>\n<script type=\"application\/ld+json\" class=\"yoast-schema-graph\">{\"@context\":\"https:\/\/schema.org\",\"@graph\":[{\"@type\":\"WebPage\",\"@id\":\"https:\/\/skycam.tn\/portfolio\/photos-aerienne\/\",\"url\":\"https:\/\/skycam.tn\/portfolio\/photos-aerienne\/\",\"name\":\"Galerie photos pour une vue a\u00e9rienne des paysages - SkyCam\",\"isPartOf\":{\"@id\":\"https:\/\/skycam.tn\/#website\"},\"primaryImageOfPage\":{\"@id\":\"https:\/\/skycam.tn\/portfolio\/photos-aerienne\/#primaryimage\"},\"image\":{\"@id\":\"https:\/\/skycam.tn\/portfolio\/photos-aerienne\/#primaryimage\"},\"thumbnailUrl\":\"https:\/\/skycam.tn\/wp-content\/uploads\/2017\/01\/skycam.tn026-1024x767.jpg\",\"datePublished\":\"2014-05-06T15:17:49+00:00\",\"dateModified\":\"2020-03-17T12:31:30+00:00\",\"description\":\"une galerie photos prise par l'\u00e9quipe de SkyCam pour une vue a\u00e9rienne magique de diff\u00e9rents endroits dans la Tunisie comme les paysages et les montagnes.\",\"breadcrumb\":{\"@id\":\"https:\/\/skycam.tn\/portfolio\/photos-aerienne\/#breadcrumb\"},\"inLanguage\":\"en-US\",\"potentialAction\":[{\"@type\":\"ReadAction\",\"target\":[\"https:\/\/skycam.tn\/portfolio\/photos-aerienne\/\"]}]},{\"@type\":\"ImageObject\",\"inLanguage\":\"en-US\",\"@id\":\"https:\/\/skycam.tn\/portfolio\/photos-aerienne\/#primaryimage\",\"url\":\"https:\/\/skycam.tn\/wp-content\/uploads\/2017\/01\/skycam.tn026-1024x767.jpg\",\"contentUrl\":\"https:\/\/skycam.tn\/wp-content\/uploads\/2017\/01\/skycam.tn026-1024x767.jpg\"},{\"@type\":\"BreadcrumbList\",\"@id\":\"https:\/\/skycam.tn\/portfolio\/photos-aerienne\/#breadcrumb\",\"itemListElement\":[{\"@type\":\"ListItem\",\"position\":1,\"name\":\"Accueil\",\"item\":\"https:\/\/skycam.tn\/\"},{\"@type\":\"ListItem\",\"position\":2,\"name\":\"R\u00e9f\u00e9rences\",\"item\":\"https:\/\/skycam.tn\/portfolio\/\"},{\"@type\":\"ListItem\",\"position\":3,\"name\":\"Photographies a\u00e9riennes\"}]},{\"@type\":\"WebSite\",\"@id\":\"https:\/\/skycam.tn\/#website\",\"url\":\"https:\/\/skycam.tn\/\",\"name\":\"Prise de vue aerienne Tunisie, SkyCam, Aerial photography\",\"description\":\"\",\"potentialAction\":[{\"@type\":\"SearchAction\",\"target\":{\"@type\":\"EntryPoint\",\"urlTemplate\":\"https:\/\/skycam.tn\/?s={search_term_string}\"},\"query-input\":{\"@type\":\"PropertyValueSpecification\",\"valueRequired\":true,\"valueName\":\"search_term_string\"}}],\"inLanguage\":\"en-US\"}]}<\/script>\n<!-- \/ Yoast SEO plugin. -->","yoast_head_json":{"title":"Galerie photos pour une vue a\u00e9rienne des paysages - SkyCam","description":"une galerie photos prise par l'\u00e9quipe de SkyCam pour une vue a\u00e9rienne magique de diff\u00e9rents endroits dans la Tunisie comme les paysages et les montagnes.","robots":{"index":"index","follow":"follow","max-snippet":"max-snippet:-1","max-image-preview":"max-image-preview:large","max-video-preview":"max-video-preview:-1"},"canonical":"https:\/\/skycam.tn\/portfolio\/photos-aerienne\/","og_locale":"en_US","og_type":"article","og_title":"Galerie photos pour une vue a\u00e9rienne des paysages - SkyCam","og_description":"une galerie photos prise par l'\u00e9quipe de SkyCam pour une vue a\u00e9rienne magique de diff\u00e9rents endroits dans la Tunisie comme les paysages et les montagnes.","og_url":"https:\/\/skycam.tn\/portfolio\/photos-aerienne\/","og_site_name":"Prise de vue aerienne Tunisie, SkyCam, Aerial photography","article_publisher":"https:\/\/www.facebook.com\/SkyCam-Tunisia-1558355201123457\/?fref=ts","article_modified_time":"2020-03-17T12:31:30+00:00","og_image":[{"url":"https:\/\/skycam.tn\/wp-content\/uploads\/2017\/01\/skycam.tn026-1024x767.jpg","type":"","width":"","height":""}],"twitter_card":"summary_large_image","schema":{"@context":"https:\/\/schema.org","@graph":[{"@type":"WebPage","@id":"https:\/\/skycam.tn\/portfolio\/photos-aerienne\/","url":"https:\/\/skycam.tn\/portfolio\/photos-aerienne\/","name":"Galerie photos pour une vue a\u00e9rienne des paysages - SkyCam","isPartOf":{"@id":"https:\/\/skycam.tn\/#website"},"primaryImageOfPage":{"@id":"https:\/\/skycam.tn\/portfolio\/photos-aerienne\/#primaryimage"},"image":{"@id":"https:\/\/skycam.tn\/portfolio\/photos-aerienne\/#primaryimage"},"thumbnailUrl":"https:\/\/skycam.tn\/wp-content\/uploads\/2017\/01\/skycam.tn026-1024x767.jpg","datePublished":"2014-05-06T15:17:49+00:00","dateModified":"2020-03-17T12:31:30+00:00","description":"une galerie photos prise par l'\u00e9quipe de SkyCam pour une vue a\u00e9rienne magique de diff\u00e9rents endroits dans la Tunisie comme les paysages et les montagnes.","breadcrumb":{"@id":"https:\/\/skycam.tn\/portfolio\/photos-aerienne\/#breadcrumb"},"inLanguage":"en-US","potentialAction":[{"@type":"ReadAction","target":["https:\/\/skycam.tn\/portfolio\/photos-aerienne\/"]}]},{"@type":"ImageObject","inLanguage":"en-US","@id":"https:\/\/skycam.tn\/portfolio\/photos-aerienne\/#primaryimage","url":"https:\/\/skycam.tn\/wp-content\/uploads\/2017\/01\/skycam.tn026-1024x767.jpg","contentUrl":"https:\/\/skycam.tn\/wp-content\/uploads\/2017\/01\/skycam.tn026-1024x767.jpg"},{"@type":"BreadcrumbList","@id":"https:\/\/skycam.tn\/portfolio\/photos-aerienne\/#breadcrumb","itemListElement":[{"@type":"ListItem","position":1,"name":"Accueil","item":"https:\/\/skycam.tn\/"},{"@type":"ListItem","position":2,"name":"R\u00e9f\u00e9rences","item":"https:\/\/skycam.tn\/portfolio\/"},{"@type":"ListItem","position":3,"name":"Photographies a\u00e9riennes"}]},{"@type":"WebSite","@id":"https:\/\/skycam.tn\/#website","url":"https:\/\/skycam.tn\/","name":"Prise de vue aerienne Tunisie, SkyCam, Aerial photography","description":"","potentialAction":[{"@type":"SearchAction","target":{"@type":"EntryPoint","urlTemplate":"https:\/\/skycam.tn\/?s={search_term_string}"},"query-input":{"@type":"PropertyValueSpecification","valueRequired":true,"valueName":"search_term_string"}}],"inLanguage":"en-US"}]}},"_links":{"self":[{"href":"https:\/\/skycam.tn\/en\/wp-json\/wp\/v2\/pages\/7399"}],"collection":[{"href":"https:\/\/skycam.tn\/en\/wp-json\/wp\/v2\/pages"}],"about":[{"href":"https:\/\/skycam.tn\/en\/wp-json\/wp\/v2\/types\/page"}],"author":[{"embeddable":true,"href":"https:\/\/skycam.tn\/en\/wp-json\/wp\/v2\/users\/1"}],"replies":[{"embeddable":true,"href":"https:\/\/skycam.tn\/en\/wp-json\/wp\/v2\/comments?post=7399"}],"version-history":[{"count":0,"href":"https:\/\/skycam.tn\/en\/wp-json\/wp\/v2\/pages\/7399\/revisions"}],"up":[{"embeddable":true,"href":"https:\/\/skycam.tn\/en\/wp-json\/wp\/v2\/pages\/1384"}],"wp:attachment":[{"href":"https:\/\/skycam.tn\/en\/wp-json\/wp\/v2\/media?parent=7399"}],"curies":[{"name":"wp","href":"https:\/\/api.w.org\/{rel}","templated":true}]}}