{"id":7313,"date":"2014-02-05T15:43:48","date_gmt":"2014-02-05T14:43:48","guid":{"rendered":"http:\/\/www.skycam.tn\/?page_id=7313"},"modified":"2020-03-05T15:43:08","modified_gmt":"2020-03-05T14:43:08","slug":"post-production-video","status":"publish","type":"page","link":"https:\/\/skycam.tn\/en\/post-production-video\/","title":{"rendered":"Video post production"},"content":{"rendered":"<div class=\"wpb-content-wrapper\">[vc_row row_type=&#8221;row&#8221; text_align=&#8221;left&#8221; css_animation=&#8221;&#8221;][vc_column][vc_column_text][\/vc_column_text][vc_column_text]We make for you all kinds of movies turnkey. Board until the television, through the steps of capturing and editing video. We implement all the technical and human resources necessary for the realization of your projects: corporate videos, product presentations , commercials , interviews, reports &#8230;.[\/vc_column_text][vc_empty_space height=&#8221;20px&#8221;][vc_single_image image=&#8221;7734&#8243; img_size=&#8221;large&#8221; alignment=&#8221;center&#8221;][vc_column_text]","protected":false},"excerpt":{"rendered":"<p>[vc_row row_type=&#8221;row&#8221; text_align=&#8221;left&#8221; css_animation=&#8221;&#8221;][vc_column][vc_column_text][\/vc_column_text][vc_column_text]We make for you all kinds of movies turnkey. Board until the television, through the steps of capturing and editing video. We implement all the technical and human resources necessary for the realization of your projects: corporate videos, product presentations , commercials&#8230;<\/p>\n","protected":false},"author":1,"featured_media":0,"parent":0,"menu_order":0,"comment_status":"open","ping_status":"closed","template":"","meta":{"footnotes":""},"class_list":["post-7313","page","type-page","status-publish","hentry"],"yoast_head":"<!-- This site is optimized with the Yoast SEO plugin v26.9 - https:\/\/yoast.com\/product\/yoast-seo-wordpress\/ -->\n<title>post production vid\u00e9o par l&#039;agence de SKYCAM Tunisie<\/title>\n<meta name=\"description\" content=\"Du conseil, jusqu\u2019\u00e0 la t\u00e9l\u00e9diffusion, en passant par les \u00e9tapes de captation et du montage, de l\u2019\u00e9talonnage et mixage vid\u00e9o. c&#039;est le post production vid\u00e9o.\" \/>\n<meta name=\"robots\" content=\"index, follow, max-snippet:-1, max-image-preview:large, max-video-preview:-1\" \/>\n<link rel=\"canonical\" href=\"https:\/\/skycam.tn\/post-production-video\/\" \/>\n<meta property=\"og:locale\" content=\"en_US\" \/>\n<meta property=\"og:type\" content=\"article\" \/>\n<meta property=\"og:title\" content=\"post production vid\u00e9o par l&#039;agence de SKYCAM Tunisie\" \/>\n<meta property=\"og:description\" content=\"Du conseil, jusqu\u2019\u00e0 la t\u00e9l\u00e9diffusion, en passant par les \u00e9tapes de captation et du montage, de l\u2019\u00e9talonnage et mixage vid\u00e9o. c&#039;est le post production vid\u00e9o.\" \/>\n<meta property=\"og:url\" content=\"https:\/\/skycam.tn\/post-production-video\/\" \/>\n<meta property=\"og:site_name\" content=\"Prise de vue aerienne Tunisie, SkyCam, Aerial photography\" \/>\n<meta property=\"article:publisher\" content=\"https:\/\/www.facebook.com\/SkyCam-Tunisia-1558355201123457\/?fref=ts\" \/>\n<meta property=\"article:modified_time\" content=\"2020-03-05T14:43:08+00:00\" \/>\n<meta name=\"twitter:card\" content=\"summary_large_image\" \/>\n<meta name=\"twitter:label1\" content=\"Est. reading time\" \/>\n\t<meta name=\"twitter:data1\" content=\"1 minute\" \/>\n<script type=\"application\/ld+json\" class=\"yoast-schema-graph\">{\"@context\":\"https:\/\/schema.org\",\"@graph\":[{\"@type\":\"WebPage\",\"@id\":\"https:\/\/skycam.tn\/post-production-video\/\",\"url\":\"https:\/\/skycam.tn\/post-production-video\/\",\"name\":\"post production vid\u00e9o par l'agence de SKYCAM Tunisie\",\"isPartOf\":{\"@id\":\"https:\/\/skycam.tn\/#website\"},\"datePublished\":\"2014-02-05T14:43:48+00:00\",\"dateModified\":\"2020-03-05T14:43:08+00:00\",\"description\":\"Du conseil, jusqu\u2019\u00e0 la t\u00e9l\u00e9diffusion, en passant par les \u00e9tapes de captation et du montage, de l\u2019\u00e9talonnage et mixage vid\u00e9o. c'est le post production vid\u00e9o.\",\"breadcrumb\":{\"@id\":\"https:\/\/skycam.tn\/post-production-video\/#breadcrumb\"},\"inLanguage\":\"en-US\",\"potentialAction\":[{\"@type\":\"ReadAction\",\"target\":[\"https:\/\/skycam.tn\/post-production-video\/\"]}]},{\"@type\":\"BreadcrumbList\",\"@id\":\"https:\/\/skycam.tn\/post-production-video\/#breadcrumb\",\"itemListElement\":[{\"@type\":\"ListItem\",\"position\":1,\"name\":\"Accueil\",\"item\":\"https:\/\/skycam.tn\/\"},{\"@type\":\"ListItem\",\"position\":2,\"name\":\"Post production vid\u00e9o\"}]},{\"@type\":\"WebSite\",\"@id\":\"https:\/\/skycam.tn\/#website\",\"url\":\"https:\/\/skycam.tn\/\",\"name\":\"Prise de vue aerienne Tunisie, SkyCam, Aerial photography\",\"description\":\"\",\"potentialAction\":[{\"@type\":\"SearchAction\",\"target\":{\"@type\":\"EntryPoint\",\"urlTemplate\":\"https:\/\/skycam.tn\/?s={search_term_string}\"},\"query-input\":{\"@type\":\"PropertyValueSpecification\",\"valueRequired\":true,\"valueName\":\"search_term_string\"}}],\"inLanguage\":\"en-US\"}]}<\/script>\n<!-- \/ Yoast SEO plugin. -->","yoast_head_json":{"title":"post production vid\u00e9o par l'agence de SKYCAM Tunisie","description":"Du conseil, jusqu\u2019\u00e0 la t\u00e9l\u00e9diffusion, en passant par les \u00e9tapes de captation et du montage, de l\u2019\u00e9talonnage et mixage vid\u00e9o. c'est le post production vid\u00e9o.","robots":{"index":"index","follow":"follow","max-snippet":"max-snippet:-1","max-image-preview":"max-image-preview:large","max-video-preview":"max-video-preview:-1"},"canonical":"https:\/\/skycam.tn\/post-production-video\/","og_locale":"en_US","og_type":"article","og_title":"post production vid\u00e9o par l'agence de SKYCAM Tunisie","og_description":"Du conseil, jusqu\u2019\u00e0 la t\u00e9l\u00e9diffusion, en passant par les \u00e9tapes de captation et du montage, de l\u2019\u00e9talonnage et mixage vid\u00e9o. c'est le post production vid\u00e9o.","og_url":"https:\/\/skycam.tn\/post-production-video\/","og_site_name":"Prise de vue aerienne Tunisie, SkyCam, Aerial photography","article_publisher":"https:\/\/www.facebook.com\/SkyCam-Tunisia-1558355201123457\/?fref=ts","article_modified_time":"2020-03-05T14:43:08+00:00","twitter_card":"summary_large_image","twitter_misc":{"Est. reading time":"1 minute"},"schema":{"@context":"https:\/\/schema.org","@graph":[{"@type":"WebPage","@id":"https:\/\/skycam.tn\/post-production-video\/","url":"https:\/\/skycam.tn\/post-production-video\/","name":"post production vid\u00e9o par l'agence de SKYCAM Tunisie","isPartOf":{"@id":"https:\/\/skycam.tn\/#website"},"datePublished":"2014-02-05T14:43:48+00:00","dateModified":"2020-03-05T14:43:08+00:00","description":"Du conseil, jusqu\u2019\u00e0 la t\u00e9l\u00e9diffusion, en passant par les \u00e9tapes de captation et du montage, de l\u2019\u00e9talonnage et mixage vid\u00e9o. c'est le post production vid\u00e9o.","breadcrumb":{"@id":"https:\/\/skycam.tn\/post-production-video\/#breadcrumb"},"inLanguage":"en-US","potentialAction":[{"@type":"ReadAction","target":["https:\/\/skycam.tn\/post-production-video\/"]}]},{"@type":"BreadcrumbList","@id":"https:\/\/skycam.tn\/post-production-video\/#breadcrumb","itemListElement":[{"@type":"ListItem","position":1,"name":"Accueil","item":"https:\/\/skycam.tn\/"},{"@type":"ListItem","position":2,"name":"Post production vid\u00e9o"}]},{"@type":"WebSite","@id":"https:\/\/skycam.tn\/#website","url":"https:\/\/skycam.tn\/","name":"Prise de vue aerienne Tunisie, SkyCam, Aerial photography","description":"","potentialAction":[{"@type":"SearchAction","target":{"@type":"EntryPoint","urlTemplate":"https:\/\/skycam.tn\/?s={search_term_string}"},"query-input":{"@type":"PropertyValueSpecification","valueRequired":true,"valueName":"search_term_string"}}],"inLanguage":"en-US"}]}},"_links":{"self":[{"href":"https:\/\/skycam.tn\/en\/wp-json\/wp\/v2\/pages\/7313"}],"collection":[{"href":"https:\/\/skycam.tn\/en\/wp-json\/wp\/v2\/pages"}],"about":[{"href":"https:\/\/skycam.tn\/en\/wp-json\/wp\/v2\/types\/page"}],"author":[{"embeddable":true,"href":"https:\/\/skycam.tn\/en\/wp-json\/wp\/v2\/users\/1"}],"replies":[{"embeddable":true,"href":"https:\/\/skycam.tn\/en\/wp-json\/wp\/v2\/comments?post=7313"}],"version-history":[{"count":0,"href":"https:\/\/skycam.tn\/en\/wp-json\/wp\/v2\/pages\/7313\/revisions"}],"wp:attachment":[{"href":"https:\/\/skycam.tn\/en\/wp-json\/wp\/v2\/media?parent=7313"}],"curies":[{"name":"wp","href":"https:\/\/api.w.org\/{rel}","templated":true}]}}