{"id":7310,"date":"2014-02-05T15:42:45","date_gmt":"2014-02-05T14:42:45","guid":{"rendered":"http:\/\/www.skycam.tn\/?page_id=7310"},"modified":"2020-04-27T12:59:47","modified_gmt":"2020-04-27T11:59:47","slug":"helicoptere","status":"publish","type":"page","link":"https:\/\/skycam.tn\/en\/helicoptere\/","title":{"rendered":"Aerial photography by helicopter"},"content":{"rendered":"<div class=\"wpb-content-wrapper\">[vc_row row_type=&#8221;row&#8221; text_align=&#8221;left&#8221; css_animation=&#8221;&#8221;][vc_column][vc_column_text][\/vc_column_text][vc_video link=&#8221;https:\/\/www.youtube.com\/watch?v=BHr5iKB1gYs&amp;feature=em-share_video_user&#8221;][vc_empty_space height=&#8221;20px&#8221;][vc_column_text]Feature films, corporate films and prestigious documentaries, images uncompromising, ultimate quality with very long focal length the Cineflex is the solution. The Cineflex system with gyro-stabilized camera mounts on board helicopter. The system can be installed quickly in 1:30 all type helicopters \u00c9cureuil AS 350 to 355 or Bell 206. The camera used is a Sony HDC 1500 3CCD &#8211; 2 \/3 &#8221; with a Fujinon Lens 42&#215;9 , 7mm and registration is 4:4:4[\/vc_column_text][vc_empty_space height=&#8221;20px&#8221;][vc_single_image image=&#8221;7731&#8243; img_size=&#8221;large&#8221; alignment=&#8221;center&#8221;][vc_column_text]","protected":false},"excerpt":{"rendered":"<p>[vc_row row_type=&#8221;row&#8221; text_align=&#8221;left&#8221; css_animation=&#8221;&#8221;][vc_column][vc_column_text][\/vc_column_text][vc_video link=&#8221;https:\/\/www.youtube.com\/watch?v=BHr5iKB1gYs&amp;feature=em-share_video_user&#8221;][vc_empty_space height=&#8221;20px&#8221;][vc_column_text]Feature films, corporate films and prestigious documentaries, images uncompromising, ultimate quality with very long focal length the Cineflex is the solution. The Cineflex system with gyro-stabilized camera mounts on board helicopter. The system can be installed quickly in 1:30 all&#8230;<\/p>\n","protected":false},"author":1,"featured_media":0,"parent":0,"menu_order":0,"comment_status":"closed","ping_status":"closed","template":"","meta":{"footnotes":""},"class_list":["post-7310","page","type-page","status-publish","hentry"],"yoast_head":"<!-- This site is optimized with the Yoast SEO plugin v26.9 - https:\/\/yoast.com\/product\/yoast-seo-wordpress\/ -->\n<title>Prise de vue a\u00e9rienne par l&#039;op\u00e9rateur h\u00e9licopt\u00e8re - SKYCAM Tunisie<\/title>\n<meta name=\"description\" content=\"Cette rubrique permet de nous pr\u00e9senter toute une galerie photos prise par l&#039;op\u00e9rateur h\u00e9licopt\u00e8re pour nous donner une id\u00e9e sur cet \u00e9quipement.\" \/>\n<meta name=\"robots\" content=\"index, follow, max-snippet:-1, max-image-preview:large, max-video-preview:-1\" \/>\n<link rel=\"canonical\" href=\"https:\/\/skycam.tn\/helicoptere\/\" \/>\n<meta property=\"og:locale\" content=\"en_US\" \/>\n<meta property=\"og:type\" content=\"article\" \/>\n<meta property=\"og:title\" content=\"Prise de vue a\u00e9rienne par l&#039;op\u00e9rateur h\u00e9licopt\u00e8re - SKYCAM Tunisie\" \/>\n<meta property=\"og:description\" content=\"Cette rubrique permet de nous pr\u00e9senter toute une galerie photos prise par l&#039;op\u00e9rateur h\u00e9licopt\u00e8re pour nous donner une id\u00e9e sur cet \u00e9quipement.\" \/>\n<meta property=\"og:url\" content=\"https:\/\/skycam.tn\/helicoptere\/\" \/>\n<meta property=\"og:site_name\" content=\"Prise de vue aerienne Tunisie, SkyCam, Aerial photography\" \/>\n<meta property=\"article:publisher\" content=\"https:\/\/www.facebook.com\/SkyCam-Tunisia-1558355201123457\/?fref=ts\" \/>\n<meta property=\"article:modified_time\" content=\"2020-04-27T11:59:47+00:00\" \/>\n<meta name=\"twitter:card\" content=\"summary_large_image\" \/>\n<meta name=\"twitter:label1\" content=\"Est. reading time\" \/>\n\t<meta name=\"twitter:data1\" content=\"1 minute\" \/>\n<script type=\"application\/ld+json\" class=\"yoast-schema-graph\">{\"@context\":\"https:\/\/schema.org\",\"@graph\":[{\"@type\":\"WebPage\",\"@id\":\"https:\/\/skycam.tn\/helicoptere\/\",\"url\":\"https:\/\/skycam.tn\/helicoptere\/\",\"name\":\"Prise de vue a\u00e9rienne par l'op\u00e9rateur h\u00e9licopt\u00e8re - SKYCAM Tunisie\",\"isPartOf\":{\"@id\":\"https:\/\/skycam.tn\/#website\"},\"datePublished\":\"2014-02-05T14:42:45+00:00\",\"dateModified\":\"2020-04-27T11:59:47+00:00\",\"description\":\"Cette rubrique permet de nous pr\u00e9senter toute une galerie photos prise par l'op\u00e9rateur h\u00e9licopt\u00e8re pour nous donner une id\u00e9e sur cet \u00e9quipement.\",\"breadcrumb\":{\"@id\":\"https:\/\/skycam.tn\/helicoptere\/#breadcrumb\"},\"inLanguage\":\"en-US\",\"potentialAction\":[{\"@type\":\"ReadAction\",\"target\":[\"https:\/\/skycam.tn\/helicoptere\/\"]}]},{\"@type\":\"BreadcrumbList\",\"@id\":\"https:\/\/skycam.tn\/helicoptere\/#breadcrumb\",\"itemListElement\":[{\"@type\":\"ListItem\",\"position\":1,\"name\":\"Accueil\",\"item\":\"https:\/\/skycam.tn\/\"},{\"@type\":\"ListItem\",\"position\":2,\"name\":\"Prise de vue a\u00e9rienne par h\u00e9licopt\u00e8re\"}]},{\"@type\":\"WebSite\",\"@id\":\"https:\/\/skycam.tn\/#website\",\"url\":\"https:\/\/skycam.tn\/\",\"name\":\"Prise de vue aerienne Tunisie, SkyCam, Aerial photography\",\"description\":\"\",\"potentialAction\":[{\"@type\":\"SearchAction\",\"target\":{\"@type\":\"EntryPoint\",\"urlTemplate\":\"https:\/\/skycam.tn\/?s={search_term_string}\"},\"query-input\":{\"@type\":\"PropertyValueSpecification\",\"valueRequired\":true,\"valueName\":\"search_term_string\"}}],\"inLanguage\":\"en-US\"}]}<\/script>\n<!-- \/ Yoast SEO plugin. -->","yoast_head_json":{"title":"Prise de vue a\u00e9rienne par l'op\u00e9rateur h\u00e9licopt\u00e8re - SKYCAM Tunisie","description":"Cette rubrique permet de nous pr\u00e9senter toute une galerie photos prise par l'op\u00e9rateur h\u00e9licopt\u00e8re pour nous donner une id\u00e9e sur cet \u00e9quipement.","robots":{"index":"index","follow":"follow","max-snippet":"max-snippet:-1","max-image-preview":"max-image-preview:large","max-video-preview":"max-video-preview:-1"},"canonical":"https:\/\/skycam.tn\/helicoptere\/","og_locale":"en_US","og_type":"article","og_title":"Prise de vue a\u00e9rienne par l'op\u00e9rateur h\u00e9licopt\u00e8re - SKYCAM Tunisie","og_description":"Cette rubrique permet de nous pr\u00e9senter toute une galerie photos prise par l'op\u00e9rateur h\u00e9licopt\u00e8re pour nous donner une id\u00e9e sur cet \u00e9quipement.","og_url":"https:\/\/skycam.tn\/helicoptere\/","og_site_name":"Prise de vue aerienne Tunisie, SkyCam, Aerial photography","article_publisher":"https:\/\/www.facebook.com\/SkyCam-Tunisia-1558355201123457\/?fref=ts","article_modified_time":"2020-04-27T11:59:47+00:00","twitter_card":"summary_large_image","twitter_misc":{"Est. reading time":"1 minute"},"schema":{"@context":"https:\/\/schema.org","@graph":[{"@type":"WebPage","@id":"https:\/\/skycam.tn\/helicoptere\/","url":"https:\/\/skycam.tn\/helicoptere\/","name":"Prise de vue a\u00e9rienne par l'op\u00e9rateur h\u00e9licopt\u00e8re - SKYCAM Tunisie","isPartOf":{"@id":"https:\/\/skycam.tn\/#website"},"datePublished":"2014-02-05T14:42:45+00:00","dateModified":"2020-04-27T11:59:47+00:00","description":"Cette rubrique permet de nous pr\u00e9senter toute une galerie photos prise par l'op\u00e9rateur h\u00e9licopt\u00e8re pour nous donner une id\u00e9e sur cet \u00e9quipement.","breadcrumb":{"@id":"https:\/\/skycam.tn\/helicoptere\/#breadcrumb"},"inLanguage":"en-US","potentialAction":[{"@type":"ReadAction","target":["https:\/\/skycam.tn\/helicoptere\/"]}]},{"@type":"BreadcrumbList","@id":"https:\/\/skycam.tn\/helicoptere\/#breadcrumb","itemListElement":[{"@type":"ListItem","position":1,"name":"Accueil","item":"https:\/\/skycam.tn\/"},{"@type":"ListItem","position":2,"name":"Prise de vue a\u00e9rienne par h\u00e9licopt\u00e8re"}]},{"@type":"WebSite","@id":"https:\/\/skycam.tn\/#website","url":"https:\/\/skycam.tn\/","name":"Prise de vue aerienne Tunisie, SkyCam, Aerial photography","description":"","potentialAction":[{"@type":"SearchAction","target":{"@type":"EntryPoint","urlTemplate":"https:\/\/skycam.tn\/?s={search_term_string}"},"query-input":{"@type":"PropertyValueSpecification","valueRequired":true,"valueName":"search_term_string"}}],"inLanguage":"en-US"}]}},"_links":{"self":[{"href":"https:\/\/skycam.tn\/en\/wp-json\/wp\/v2\/pages\/7310"}],"collection":[{"href":"https:\/\/skycam.tn\/en\/wp-json\/wp\/v2\/pages"}],"about":[{"href":"https:\/\/skycam.tn\/en\/wp-json\/wp\/v2\/types\/page"}],"author":[{"embeddable":true,"href":"https:\/\/skycam.tn\/en\/wp-json\/wp\/v2\/users\/1"}],"replies":[{"embeddable":true,"href":"https:\/\/skycam.tn\/en\/wp-json\/wp\/v2\/comments?post=7310"}],"version-history":[{"count":6,"href":"https:\/\/skycam.tn\/en\/wp-json\/wp\/v2\/pages\/7310\/revisions"}],"predecessor-version":[{"id":11695,"href":"https:\/\/skycam.tn\/en\/wp-json\/wp\/v2\/pages\/7310\/revisions\/11695"}],"wp:attachment":[{"href":"https:\/\/skycam.tn\/en\/wp-json\/wp\/v2\/media?parent=7310"}],"curies":[{"name":"wp","href":"https:\/\/api.w.org\/{rel}","templated":true}]}}