{"id":7309,"date":"2014-02-05T15:42:09","date_gmt":"2014-02-05T14:42:09","guid":{"rendered":"http:\/\/www.skycam.tn\/?page_id=7309"},"modified":"2024-04-22T09:38:15","modified_gmt":"2024-04-22T08:38:15","slug":"drone","status":"publish","type":"page","link":"https:\/\/skycam.tn\/en\/drone\/","title":{"rendered":"Aerial shots by drone"},"content":{"rendered":"<div class=\"wpb-content-wrapper\">\r\n[vc_row row_type=&#8221;row&#8221; text_align=&#8221;justify&#8221; css_animation=&#8221;&#8221;][\/vc_row][vc_column][\/vc_column][vc_column_text]\r\n\r\n[\/vc_column_text][vc_column_text]Video and aerial photography using drones can produce incredible images and unique shots for your shoots, reports or cinematographic shots.\r\nUsing Drone technology, SkyCam Tunisia offers you to produce broadcast video images (Full HD, 2K, 4K) and HR photographic images. Thanks to the stabilization systems integrated into our drones, the image remains perfectly stable and it is possible to frame (Tilt Pan) using the remote control dedicated to the cameraman. All our drones are equipped with video feedback on the ground via an HF link and projected on an LCD screen. We provide you with different drone configurations and models, most of which are designed in our workshop. They are the result of many hours of research and testing.[\/vc_column_text][vc_empty_space height=&#8221;20px&#8221;][vc_row_inner row_type=&#8221;row&#8221; text_align=&#8221;justify&#8221; css_animation=&#8221;&#8221;][vc_column_inner width=&#8221;1\/3&#8243;][vc_single_image image=&#8221;7706&#8243; img_size=&#8221;medium&#8221;][\/vc_column_inner][vc_column_inner width=&#8221;1\/3&#8243;][vc_single_image image=&#8221;7705&#8243; img_size=&#8221;medium&#8221;][\/vc_column_inner][vc_column_inner width=&#8221;1\/3&#8243;][vc_single_image image=&#8221;8158&#8243; img_size=&#8221;medium&#8221;][\/vc_column_inner][\/vc_row_inner][vc_empty_space height=&#8221;20px&#8221;][vc_column_text]\r\n<h3>DRONE ADVANTAGES<\/h3>\r\n<ul class=\"b\">\r\n<li class=\"a\">  Lower cost compared to renting a helicopter.<\/li>\r\n<li class=\"a\">  Unpublished and spectacular images.<\/li>\r\n<li class=\"a\">  Rapid installation of the system.<\/li>\r\n<li class=\"a\">  Optimal stability of the planes.<\/li>\r\n<li class=\"a\">  Possibility to program movements (GPS).<\/li><\/ul>[\/vc_column_text][vc_empty_space height=&#8221;20px&#8221;][vc_column_text]\r\n<h3><span style=\"color: #eb005d;\">FLIGHT CONDITION<\/span><\/h3>\r\n[\/vc_column_text][vc_row row_type=&#8221;row&#8221; text_align=&#8221;left&#8221; css_animation=&#8221;&#8221;][vc_column width=&#8221;1\/3&#8243;]<div class='q_icon_with_title large  circle with_border_line'><div class=\"icon_holder \" style=\" transition-delay: 200ms; -webkit-transition-delay: 200ms; -moz-transition-delay: 200ms; -o-transition-delay: 200ms;\"><span class=\"fa-stack fa-4x \" style=\"font-size: 50px;\"><i class=\"fa fa-circle fa-stack-base fa-stack-2x\" style=\"\"><\/i><i class=\"fa fa-sun-o fa-stack-1x\" style=\"color: #ef376e;\"><\/i><\/span><\/div><div class=\"icon_text_holder\"><div class=\"icon_text_inner\" style=\"\"><h4 class=\"icon_title\" style=\"color: #000000\">Weather<\/h4><p style=''>Weather conditions have a direct influence on the drone and the quality of camera movements. The maximum acceptable wind speed for smooth motion is 20 km \/ h. For the photo, the limit is pushed to 40km \/ h. Beyond that, the number of planes that can be exploited per flight will be considerably reduced. No flight possible if rain, snow, thunderstorm or wind gust.<\/p><\/div><\/div><\/div>[\/vc_column][vc_column width=&#8221;1\/3&#8243;]<div class='q_icon_with_title large  circle with_border_line'><div class=\"icon_holder \" style=\" transition-delay: 200ms; -webkit-transition-delay: 200ms; -moz-transition-delay: 200ms; -o-transition-delay: 200ms;\"><span class=\"fa-stack fa-4x \" style=\"font-size: 50px;\"><i class=\"fa fa-circle fa-stack-base fa-stack-2x\" style=\"\"><\/i><i class=\"fa fa-shield fa-stack-1x\" style=\"color: #ef376e;\"><\/i><\/span><\/div><div class=\"icon_text_holder\"><div class=\"icon_text_inner\" style=\"\"><h4 class=\"icon_title\" style=\"color: #000000\">Security<\/h4><p style=''>Aerial work using a drone is subject to safety rules. Safety of people around equipment and appliances is a priority. Also, we will avoid as much as possible that the drone does not fly over crowds or inhabited areas without prior authorization.<\/p><\/div><\/div><\/div>[\/vc_column][vc_column width=&#8221;1\/3&#8243;]<div class='q_icon_with_title large  circle with_border_line'><div class=\"icon_holder \" style=\" transition-delay: 200ms; -webkit-transition-delay: 200ms; -moz-transition-delay: 200ms; -o-transition-delay: 200ms;\"><span class=\"fa-stack fa-4x \" style=\"font-size: 50px;\"><i class=\"fa fa-circle fa-stack-base fa-stack-2x\" style=\"\"><\/i><i class=\"fa fa-flag fa-stack-1x\" style=\"color: #ef376e;\"><\/i><\/span><\/div><div class=\"icon_text_holder\"><div class=\"icon_text_inner\" style=\"\"><h4 class=\"icon_title\" style=\"color: #000000\">Authorization<\/h4><p style=''>In Tunisia the aerial shootings by Drones are compulsorily subject to strict authorizations issued by several authorities of the state, for this SkyCam Tunisia takes care of the files to obtain these authorizations as soon as possible.<\/p><\/div><\/div><\/div>[\/vc_column][\/vc_row][vc_row row_type=&#8221;row&#8221; text_align=&#8221;left&#8221; css_animation=&#8221;&#8221;][vc_column][vc_empty_space height=&#8221;20px&#8221;][\/vc_column][\/vc_row][vc_row row_type=&#8221;row&#8221; text_align=&#8221;left&#8221; css_animation=&#8221;&#8221;][vc_column][vc_single_image image=&#8221;7335&#8243; img_size=&#8221;large&#8221; alignment=&#8221;center&#8221;][\/vc_column][\/vc_row]\r\n\r\n\r\n\r\n<p><\/p>\r\n<\/div>","protected":false},"excerpt":{"rendered":"<p>[vc_row row_type=&#8221;row&#8221; text_align=&#8221;justify&#8221; css_animation=&#8221;&#8221;][\/vc_row][vc_column][\/vc_column][vc_column_text] [\/vc_column_text][vc_column_text]Video and aerial photography using drones can produce incredible images and unique shots for your shoots, reports or cinematographic shots. Using Drone technology, SkyCam Tunisia offers you to produce broadcast video images (Full HD, 2K, 4K) and HR photographic images. Thanks&#8230;<\/p>\n","protected":false},"author":1,"featured_media":0,"parent":0,"menu_order":0,"comment_status":"closed","ping_status":"closed","template":"","meta":{"footnotes":""},"class_list":["post-7309","page","type-page","status-publish","hentry"],"yoast_head":"<!-- This site is optimized with the Yoast SEO plugin v26.9 - https:\/\/yoast.com\/product\/yoast-seo-wordpress\/ -->\n<title>Photos a\u00e9riennes et vid\u00e9os drones Tunisie-Skycam<\/title>\n<meta name=\"description\" content=\"Cette rubrique permet de nous pr\u00e9senter toute une galerie photos prise par l&#039;op\u00e9rateur drone pour nous donner une id\u00e9e sur cet \u00e9quipement.\" \/>\n<meta name=\"robots\" content=\"index, follow, max-snippet:-1, max-image-preview:large, max-video-preview:-1\" \/>\n<link rel=\"canonical\" href=\"https:\/\/skycam.tn\/drone\/\" \/>\n<meta property=\"og:locale\" content=\"en_US\" \/>\n<meta property=\"og:type\" content=\"article\" \/>\n<meta property=\"og:title\" content=\"Photos a\u00e9riennes et vid\u00e9os drones Tunisie-Skycam\" \/>\n<meta property=\"og:description\" content=\"Cette rubrique permet de nous pr\u00e9senter toute une galerie photos prise par l&#039;op\u00e9rateur drone pour nous donner une id\u00e9e sur cet \u00e9quipement.\" \/>\n<meta property=\"og:url\" content=\"https:\/\/skycam.tn\/drone\/\" \/>\n<meta property=\"og:site_name\" content=\"Prise de vue aerienne Tunisie, SkyCam, Aerial photography\" \/>\n<meta property=\"article:publisher\" content=\"https:\/\/www.facebook.com\/SkyCam-Tunisia-1558355201123457\/?fref=ts\" \/>\n<meta property=\"article:modified_time\" content=\"2024-04-22T08:38:15+00:00\" \/>\n<meta name=\"twitter:card\" content=\"summary_large_image\" \/>\n<meta name=\"twitter:label1\" content=\"Est. reading time\" \/>\n\t<meta name=\"twitter:data1\" content=\"4 minutes\" \/>\n<script type=\"application\/ld+json\" class=\"yoast-schema-graph\">{\"@context\":\"https:\/\/schema.org\",\"@graph\":[{\"@type\":\"WebPage\",\"@id\":\"https:\/\/skycam.tn\/drone\/\",\"url\":\"https:\/\/skycam.tn\/drone\/\",\"name\":\"Photos a\u00e9riennes et vid\u00e9os drones Tunisie-Skycam\",\"isPartOf\":{\"@id\":\"https:\/\/skycam.tn\/#website\"},\"datePublished\":\"2014-02-05T14:42:09+00:00\",\"dateModified\":\"2024-04-22T08:38:15+00:00\",\"description\":\"Cette rubrique permet de nous pr\u00e9senter toute une galerie photos prise par l'op\u00e9rateur drone pour nous donner une id\u00e9e sur cet \u00e9quipement.\",\"breadcrumb\":{\"@id\":\"https:\/\/skycam.tn\/drone\/#breadcrumb\"},\"inLanguage\":\"en-US\",\"potentialAction\":[{\"@type\":\"ReadAction\",\"target\":[\"https:\/\/skycam.tn\/drone\/\"]}]},{\"@type\":\"BreadcrumbList\",\"@id\":\"https:\/\/skycam.tn\/drone\/#breadcrumb\",\"itemListElement\":[{\"@type\":\"ListItem\",\"position\":1,\"name\":\"Accueil\",\"item\":\"https:\/\/skycam.tn\/\"},{\"@type\":\"ListItem\",\"position\":2,\"name\":\"Prise de vue a\u00e9rienne par drone\"}]},{\"@type\":\"WebSite\",\"@id\":\"https:\/\/skycam.tn\/#website\",\"url\":\"https:\/\/skycam.tn\/\",\"name\":\"Prise de vue aerienne Tunisie, SkyCam, Aerial photography\",\"description\":\"\",\"potentialAction\":[{\"@type\":\"SearchAction\",\"target\":{\"@type\":\"EntryPoint\",\"urlTemplate\":\"https:\/\/skycam.tn\/?s={search_term_string}\"},\"query-input\":{\"@type\":\"PropertyValueSpecification\",\"valueRequired\":true,\"valueName\":\"search_term_string\"}}],\"inLanguage\":\"en-US\"}]}<\/script>\n<!-- \/ Yoast SEO plugin. -->","yoast_head_json":{"title":"Photos a\u00e9riennes et vid\u00e9os drones Tunisie-Skycam","description":"Cette rubrique permet de nous pr\u00e9senter toute une galerie photos prise par l'op\u00e9rateur drone pour nous donner une id\u00e9e sur cet \u00e9quipement.","robots":{"index":"index","follow":"follow","max-snippet":"max-snippet:-1","max-image-preview":"max-image-preview:large","max-video-preview":"max-video-preview:-1"},"canonical":"https:\/\/skycam.tn\/drone\/","og_locale":"en_US","og_type":"article","og_title":"Photos a\u00e9riennes et vid\u00e9os drones Tunisie-Skycam","og_description":"Cette rubrique permet de nous pr\u00e9senter toute une galerie photos prise par l'op\u00e9rateur drone pour nous donner une id\u00e9e sur cet \u00e9quipement.","og_url":"https:\/\/skycam.tn\/drone\/","og_site_name":"Prise de vue aerienne Tunisie, SkyCam, Aerial photography","article_publisher":"https:\/\/www.facebook.com\/SkyCam-Tunisia-1558355201123457\/?fref=ts","article_modified_time":"2024-04-22T08:38:15+00:00","twitter_card":"summary_large_image","twitter_misc":{"Est. reading time":"4 minutes"},"schema":{"@context":"https:\/\/schema.org","@graph":[{"@type":"WebPage","@id":"https:\/\/skycam.tn\/drone\/","url":"https:\/\/skycam.tn\/drone\/","name":"Photos a\u00e9riennes et vid\u00e9os drones Tunisie-Skycam","isPartOf":{"@id":"https:\/\/skycam.tn\/#website"},"datePublished":"2014-02-05T14:42:09+00:00","dateModified":"2024-04-22T08:38:15+00:00","description":"Cette rubrique permet de nous pr\u00e9senter toute une galerie photos prise par l'op\u00e9rateur drone pour nous donner une id\u00e9e sur cet \u00e9quipement.","breadcrumb":{"@id":"https:\/\/skycam.tn\/drone\/#breadcrumb"},"inLanguage":"en-US","potentialAction":[{"@type":"ReadAction","target":["https:\/\/skycam.tn\/drone\/"]}]},{"@type":"BreadcrumbList","@id":"https:\/\/skycam.tn\/drone\/#breadcrumb","itemListElement":[{"@type":"ListItem","position":1,"name":"Accueil","item":"https:\/\/skycam.tn\/"},{"@type":"ListItem","position":2,"name":"Prise de vue a\u00e9rienne par drone"}]},{"@type":"WebSite","@id":"https:\/\/skycam.tn\/#website","url":"https:\/\/skycam.tn\/","name":"Prise de vue aerienne Tunisie, SkyCam, Aerial photography","description":"","potentialAction":[{"@type":"SearchAction","target":{"@type":"EntryPoint","urlTemplate":"https:\/\/skycam.tn\/?s={search_term_string}"},"query-input":{"@type":"PropertyValueSpecification","valueRequired":true,"valueName":"search_term_string"}}],"inLanguage":"en-US"}]}},"_links":{"self":[{"href":"https:\/\/skycam.tn\/en\/wp-json\/wp\/v2\/pages\/7309"}],"collection":[{"href":"https:\/\/skycam.tn\/en\/wp-json\/wp\/v2\/pages"}],"about":[{"href":"https:\/\/skycam.tn\/en\/wp-json\/wp\/v2\/types\/page"}],"author":[{"embeddable":true,"href":"https:\/\/skycam.tn\/en\/wp-json\/wp\/v2\/users\/1"}],"replies":[{"embeddable":true,"href":"https:\/\/skycam.tn\/en\/wp-json\/wp\/v2\/comments?post=7309"}],"version-history":[{"count":31,"href":"https:\/\/skycam.tn\/en\/wp-json\/wp\/v2\/pages\/7309\/revisions"}],"predecessor-version":[{"id":12426,"href":"https:\/\/skycam.tn\/en\/wp-json\/wp\/v2\/pages\/7309\/revisions\/12426"}],"wp:attachment":[{"href":"https:\/\/skycam.tn\/en\/wp-json\/wp\/v2\/media?parent=7309"}],"curies":[{"name":"wp","href":"https:\/\/api.w.org\/{rel}","templated":true}]}}