{"id":7305,"date":"2014-02-05T15:25:45","date_gmt":"2014-02-05T14:25:45","guid":{"rendered":"http:\/\/www.skycam.tn\/?page_id=7305"},"modified":"2022-05-27T12:45:08","modified_gmt":"2022-05-27T11:45:08","slug":"tournage-tunisie","status":"publish","type":"page","link":"https:\/\/skycam.tn\/en\/helicoptere\/tournage-tunisie\/","title":{"rendered":"Movie production and audio-visual in Tunisia"},"content":{"rendered":"<div class=\"wpb-content-wrapper\">[vc_row row_type=&#8221;row&#8221; text_align=&#8221;left&#8221; css_animation=&#8221;&#8221;][vc_column][vc_column_text]<\/p>\n<p align=\"justify\">Tunisia land of many cultures, rich in varied landscapes , offering sublime designs for creative film and audio -visual. The infrastructure availability and qualified technician as well as exceptional weather and lighting conditions make Tunisia a relentless destination for foreign productions wishing shot in Tunisia. For this we provide the producer or director want to turn Tunisia logistical, technical and artistic assistance.<\/p>\n<p><img loading=\"lazy\" decoding=\"async\" class=\"aligncenter\" src=\"https:\/\/skycam.tn\/wp-content\/uploads\/2014\/05\/tournage.jpg\" alt=\"tournage1\" width=\"1100\" height=\"179\"><br \/>\n<img decoding=\"async\" class=\"aligncenter\" src=\"https:\/\/skycam.tn\/wp-content\/uploads\/2014\/05\/tournage2.jpg\" alt=\"tournage2\" width=\"1100px\"><\/p>\n<p><\/p>\n<p>[\/vc_column_text][\/vc_column][\/vc_row]\n<\/div>","protected":false},"excerpt":{"rendered":"<p>[vc_row row_type=&#8221;row&#8221; text_align=&#8221;left&#8221; css_animation=&#8221;&#8221;][vc_column][vc_column_text] Tunisia land of many cultures, rich in varied landscapes , offering sublime designs for creative film and audio -visual. The infrastructure availability and qualified technician as well as exceptional weather and lighting conditions make Tunisia a relentless destination for foreign productions&#8230;<\/p>\n","protected":false},"author":1,"featured_media":0,"parent":7310,"menu_order":0,"comment_status":"open","ping_status":"closed","template":"","meta":{"footnotes":""},"class_list":["post-7305","page","type-page","status-publish","hentry"],"yoast_head":"<!-- This site is optimized with the Yoast SEO plugin v26.9 - https:\/\/yoast.com\/product\/yoast-seo-wordpress\/ -->\n<title>Tournages des civilisations et des cultures en Tunisie par SKYCAM<\/title>\n<meta name=\"description\" content=\"SCYCAM Tunisie est sp\u00e9cialis\u00e9e dans la photographie visuelle et professionnelle pour faire des Tournages des civilisations riches en paysages.\" \/>\n<meta name=\"robots\" content=\"index, follow, max-snippet:-1, max-image-preview:large, max-video-preview:-1\" \/>\n<link rel=\"canonical\" href=\"https:\/\/skycam.tn\/helicoptere\/tournage-tunisie\/\" \/>\n<meta property=\"og:locale\" content=\"en_US\" \/>\n<meta property=\"og:type\" content=\"article\" \/>\n<meta property=\"og:title\" content=\"Tournages des civilisations et des cultures en Tunisie par SKYCAM\" \/>\n<meta property=\"og:description\" content=\"SCYCAM Tunisie est sp\u00e9cialis\u00e9e dans la photographie visuelle et professionnelle pour faire des Tournages des civilisations riches en paysages.\" \/>\n<meta property=\"og:url\" content=\"https:\/\/skycam.tn\/helicoptere\/tournage-tunisie\/\" \/>\n<meta property=\"og:site_name\" content=\"Prise de vue aerienne Tunisie, SkyCam, Aerial photography\" \/>\n<meta property=\"article:publisher\" content=\"https:\/\/www.facebook.com\/SkyCam-Tunisia-1558355201123457\/?fref=ts\" \/>\n<meta property=\"article:modified_time\" content=\"2022-05-27T11:45:08+00:00\" \/>\n<meta property=\"og:image\" content=\"https:\/\/skycam.tn\/wp-content\/uploads\/2014\/05\/tournage.jpg\" \/>\n<meta name=\"twitter:card\" content=\"summary_large_image\" \/>\n<meta name=\"twitter:label1\" content=\"Est. reading time\" \/>\n\t<meta name=\"twitter:data1\" content=\"2 minutes\" \/>\n<script type=\"application\/ld+json\" class=\"yoast-schema-graph\">{\"@context\":\"https:\/\/schema.org\",\"@graph\":[{\"@type\":\"WebPage\",\"@id\":\"https:\/\/skycam.tn\/helicoptere\/tournage-tunisie\/\",\"url\":\"https:\/\/skycam.tn\/helicoptere\/tournage-tunisie\/\",\"name\":\"Tournages des civilisations et des cultures en Tunisie par SKYCAM\",\"isPartOf\":{\"@id\":\"https:\/\/skycam.tn\/#website\"},\"primaryImageOfPage\":{\"@id\":\"https:\/\/skycam.tn\/helicoptere\/tournage-tunisie\/#primaryimage\"},\"image\":{\"@id\":\"https:\/\/skycam.tn\/helicoptere\/tournage-tunisie\/#primaryimage\"},\"thumbnailUrl\":\"https:\/\/skycam.tn\/wp-content\/uploads\/2014\/05\/tournage.jpg\",\"datePublished\":\"2014-02-05T14:25:45+00:00\",\"dateModified\":\"2022-05-27T11:45:08+00:00\",\"description\":\"SCYCAM Tunisie est sp\u00e9cialis\u00e9e dans la photographie visuelle et professionnelle pour faire des Tournages des civilisations riches en paysages.\",\"breadcrumb\":{\"@id\":\"https:\/\/skycam.tn\/helicoptere\/tournage-tunisie\/#breadcrumb\"},\"inLanguage\":\"en-US\",\"potentialAction\":[{\"@type\":\"ReadAction\",\"target\":[\"https:\/\/skycam.tn\/helicoptere\/tournage-tunisie\/\"]}]},{\"@type\":\"ImageObject\",\"inLanguage\":\"en-US\",\"@id\":\"https:\/\/skycam.tn\/helicoptere\/tournage-tunisie\/#primaryimage\",\"url\":\"https:\/\/skycam.tn\/wp-content\/uploads\/2014\/05\/tournage.jpg\",\"contentUrl\":\"https:\/\/skycam.tn\/wp-content\/uploads\/2014\/05\/tournage.jpg\"},{\"@type\":\"BreadcrumbList\",\"@id\":\"https:\/\/skycam.tn\/helicoptere\/tournage-tunisie\/#breadcrumb\",\"itemListElement\":[{\"@type\":\"ListItem\",\"position\":1,\"name\":\"Accueil\",\"item\":\"https:\/\/skycam.tn\/\"},{\"@type\":\"ListItem\",\"position\":2,\"name\":\"Prise de vue a\u00e9rienne par h\u00e9licopt\u00e8re\",\"item\":\"https:\/\/skycam.tn\/helicoptere\/\"},{\"@type\":\"ListItem\",\"position\":3,\"name\":\"Tournage en Tunisie\"}]},{\"@type\":\"WebSite\",\"@id\":\"https:\/\/skycam.tn\/#website\",\"url\":\"https:\/\/skycam.tn\/\",\"name\":\"Prise de vue aerienne Tunisie, SkyCam, Aerial photography\",\"description\":\"\",\"potentialAction\":[{\"@type\":\"SearchAction\",\"target\":{\"@type\":\"EntryPoint\",\"urlTemplate\":\"https:\/\/skycam.tn\/?s={search_term_string}\"},\"query-input\":{\"@type\":\"PropertyValueSpecification\",\"valueRequired\":true,\"valueName\":\"search_term_string\"}}],\"inLanguage\":\"en-US\"}]}<\/script>\n<!-- \/ Yoast SEO plugin. -->","yoast_head_json":{"title":"Tournages des civilisations et des cultures en Tunisie par SKYCAM","description":"SCYCAM Tunisie est sp\u00e9cialis\u00e9e dans la photographie visuelle et professionnelle pour faire des Tournages des civilisations riches en paysages.","robots":{"index":"index","follow":"follow","max-snippet":"max-snippet:-1","max-image-preview":"max-image-preview:large","max-video-preview":"max-video-preview:-1"},"canonical":"https:\/\/skycam.tn\/helicoptere\/tournage-tunisie\/","og_locale":"en_US","og_type":"article","og_title":"Tournages des civilisations et des cultures en Tunisie par SKYCAM","og_description":"SCYCAM Tunisie est sp\u00e9cialis\u00e9e dans la photographie visuelle et professionnelle pour faire des Tournages des civilisations riches en paysages.","og_url":"https:\/\/skycam.tn\/helicoptere\/tournage-tunisie\/","og_site_name":"Prise de vue aerienne Tunisie, SkyCam, Aerial photography","article_publisher":"https:\/\/www.facebook.com\/SkyCam-Tunisia-1558355201123457\/?fref=ts","article_modified_time":"2022-05-27T11:45:08+00:00","og_image":[{"url":"https:\/\/skycam.tn\/wp-content\/uploads\/2014\/05\/tournage.jpg","type":"","width":"","height":""}],"twitter_card":"summary_large_image","twitter_misc":{"Est. reading time":"2 minutes"},"schema":{"@context":"https:\/\/schema.org","@graph":[{"@type":"WebPage","@id":"https:\/\/skycam.tn\/helicoptere\/tournage-tunisie\/","url":"https:\/\/skycam.tn\/helicoptere\/tournage-tunisie\/","name":"Tournages des civilisations et des cultures en Tunisie par SKYCAM","isPartOf":{"@id":"https:\/\/skycam.tn\/#website"},"primaryImageOfPage":{"@id":"https:\/\/skycam.tn\/helicoptere\/tournage-tunisie\/#primaryimage"},"image":{"@id":"https:\/\/skycam.tn\/helicoptere\/tournage-tunisie\/#primaryimage"},"thumbnailUrl":"https:\/\/skycam.tn\/wp-content\/uploads\/2014\/05\/tournage.jpg","datePublished":"2014-02-05T14:25:45+00:00","dateModified":"2022-05-27T11:45:08+00:00","description":"SCYCAM Tunisie est sp\u00e9cialis\u00e9e dans la photographie visuelle et professionnelle pour faire des Tournages des civilisations riches en paysages.","breadcrumb":{"@id":"https:\/\/skycam.tn\/helicoptere\/tournage-tunisie\/#breadcrumb"},"inLanguage":"en-US","potentialAction":[{"@type":"ReadAction","target":["https:\/\/skycam.tn\/helicoptere\/tournage-tunisie\/"]}]},{"@type":"ImageObject","inLanguage":"en-US","@id":"https:\/\/skycam.tn\/helicoptere\/tournage-tunisie\/#primaryimage","url":"https:\/\/skycam.tn\/wp-content\/uploads\/2014\/05\/tournage.jpg","contentUrl":"https:\/\/skycam.tn\/wp-content\/uploads\/2014\/05\/tournage.jpg"},{"@type":"BreadcrumbList","@id":"https:\/\/skycam.tn\/helicoptere\/tournage-tunisie\/#breadcrumb","itemListElement":[{"@type":"ListItem","position":1,"name":"Accueil","item":"https:\/\/skycam.tn\/"},{"@type":"ListItem","position":2,"name":"Prise de vue a\u00e9rienne par h\u00e9licopt\u00e8re","item":"https:\/\/skycam.tn\/helicoptere\/"},{"@type":"ListItem","position":3,"name":"Tournage en Tunisie"}]},{"@type":"WebSite","@id":"https:\/\/skycam.tn\/#website","url":"https:\/\/skycam.tn\/","name":"Prise de vue aerienne Tunisie, SkyCam, Aerial photography","description":"","potentialAction":[{"@type":"SearchAction","target":{"@type":"EntryPoint","urlTemplate":"https:\/\/skycam.tn\/?s={search_term_string}"},"query-input":{"@type":"PropertyValueSpecification","valueRequired":true,"valueName":"search_term_string"}}],"inLanguage":"en-US"}]}},"_links":{"self":[{"href":"https:\/\/skycam.tn\/en\/wp-json\/wp\/v2\/pages\/7305"}],"collection":[{"href":"https:\/\/skycam.tn\/en\/wp-json\/wp\/v2\/pages"}],"about":[{"href":"https:\/\/skycam.tn\/en\/wp-json\/wp\/v2\/types\/page"}],"author":[{"embeddable":true,"href":"https:\/\/skycam.tn\/en\/wp-json\/wp\/v2\/users\/1"}],"replies":[{"embeddable":true,"href":"https:\/\/skycam.tn\/en\/wp-json\/wp\/v2\/comments?post=7305"}],"version-history":[{"count":2,"href":"https:\/\/skycam.tn\/en\/wp-json\/wp\/v2\/pages\/7305\/revisions"}],"predecessor-version":[{"id":11505,"href":"https:\/\/skycam.tn\/en\/wp-json\/wp\/v2\/pages\/7305\/revisions\/11505"}],"up":[{"embeddable":true,"href":"https:\/\/skycam.tn\/en\/wp-json\/wp\/v2\/pages\/7310"}],"wp:attachment":[{"href":"https:\/\/skycam.tn\/en\/wp-json\/wp\/v2\/media?parent=7305"}],"curies":[{"name":"wp","href":"https:\/\/api.w.org\/{rel}","templated":true}]}}