{"id":4699,"date":"2013-11-19T13:33:34","date_gmt":"2013-11-19T13:33:34","guid":{"rendered":"http:\/\/demo.qodeinteractive.com\/elision\/?page_id=4699"},"modified":"2026-03-18T10:07:58","modified_gmt":"2026-03-18T09:07:58","slug":"prise-de-vue-tunisie-aerial-shot-tunisia","status":"publish","type":"page","link":"https:\/\/skycam.tn\/en\/","title":{"rendered":"Home"},"content":{"rendered":"<div class=\"wpb-content-wrapper\">\n<h3 style=\"text-align: center;\">SKYCAM TUNISIA DRONE COMPANY<br \/>AT THE SERVICE OF PROFESSIONALS AND INDIVIDUALS<\/h3>\n<p>&nbsp;<\/p>\n\n[vc_row row_type=&#8221;row&#8221; text_align=&#8221;left&#8221; css_animation=&#8221;&#8221;][vc_column][vc_column_text]\n\n\n\n[vc_row row_type=&#8221;row&#8221; text_align=&#8221;left&#8221; css_animation=&#8221;&#8221;][vc_column][vc_video link=&#8221;https:\/\/vimeo.com\/354868557&#8243; align=&#8221;center&#8221;][\/vc_column][\/vc_row]\n\n\n\n[vc_row row_type=&#8221;section&#8221; type=&#8221;grid&#8221; text_align=&#8221;left&#8221; video=&#8221;&#8221; padding_top=&#8221;100&#8243; padding_bottom=&#8221;87&#8243;][vc_column][vc_row_inner row_type=&#8221;row&#8221; text_align=&#8221;left&#8221; css_animation=&#8221;&#8221;][vc_column_inner width=&#8221;1\/3&#8243;]<div class='q_icon_with_title large  circle with_border_line'><div class=\"icon_holder q_icon_animation\" style=\" transition-delay: 200ms; -webkit-transition-delay: 200ms; -moz-transition-delay: 200ms; -o-transition-delay: 200ms;\"><span class=\"fa-stack fa-4x \" style=\"font-size: 52px;\"><i class=\"fa fa-circle fa-stack-base fa-stack-2x\" style=\"color: #f6f6f6;\"><\/i><i class=\"fa fa-rocket fa-stack-1x\" style=\"\"><\/i><\/span><\/div><div class=\"icon_text_holder\"><div class=\"icon_text_inner\" style=\"\"><h4 class=\"icon_title\" style=\"\">Aerial photography drone<\/h4><p style=''>Video and aerial photography using drones can produce amazing images and unique plans for your location , reports or film plans.<\/p><a class='icon_with_title_link' href='https:\/\/skycam.tn\/en\/drone\/' target='_self' style='color: ;'>Read More<\/a><\/div><\/div><\/div>[\/vc_column_inner][vc_column_inner width=&#8221;1\/3&#8243;]<div class='q_icon_with_title large  circle'><div class=\"icon_holder q_icon_animation\" style=\" transition-delay: 400ms; -webkit-transition-delay: 400ms; -moz-transition-delay: 400ms; -o-transition-delay: 400ms;\"><span class=\"fa-stack fa-4x \" style=\"font-size: 52px;\"><i class=\"fa fa-circle fa-stack-base fa-stack-2x\" style=\"color: #f6f6f6;\"><\/i><i class=\"fa fa-lightbulb-o fa-stack-1x\" style=\"\"><\/i><\/span><\/div><div class=\"icon_text_holder\"><div class=\"icon_text_inner\" style=\"\"><h4 class=\"icon_title\" style=\"\">Aerial photography by helicopter and microlight<\/h4><p style=''>Feature films, corporate films and prestigious documentaries, images uncompromising...<\/p><a class='icon_with_title_link' href='https:\/\/skycam.tn\/en\/helicoptere\/' target='_self' style='color: ;'>Read More<\/a><\/div><\/div><\/div>[\/vc_column_inner][vc_column_inner width=&#8221;1\/3&#8243;]<div class='q_icon_with_title large  circle'><div class=\"icon_holder q_icon_animation\" style=\" transition-delay: 600ms; -webkit-transition-delay: 600ms; -moz-transition-delay: 600ms; -o-transition-delay: 600ms;\"><span class=\"fa-stack fa-4x \" style=\"font-size: 52px;\"><i class=\"fa fa-circle fa-stack-base fa-stack-2x\" style=\"color: #f6f6f6;\"><\/i><i class=\"fa fa-wrench fa-stack-1x\" style=\"\"><\/i><\/span><\/div><div class=\"icon_text_holder\"><div class=\"icon_text_inner\" style=\"\"><h4 class=\"icon_title\" style=\"\">Post production vid\u00e9o<\/h4><p style=''>We make for you all kinds of movies turnkey. Board until the television, through the steps of capturing and editing video.<\/p><a class='icon_with_title_link' href='https:\/\/skycam.tn\/en\/post-production-video\/' target='_self' style='color: ;'>Read More<\/a><\/div><\/div><\/div>[\/vc_column_inner][\/vc_row_inner][vc_row_inner row_type=&#8221;row&#8221; text_align=&#8221;left&#8221; css_animation=&#8221;&#8221;][vc_column_inner width=&#8221;1\/2&#8243;]\n<p><img loading=\"lazy\" decoding=\"async\" class=\"\" src=\"https:\/\/skycam.tn\/wp-content\/uploads\/2022\/02\/cineDesertShoot.jpg\" alt=\"\" width=\"1219\" height=\"282\"><\/p>\n[\/vc_column_inner][vc_column_inner width=&#8221;1\/2&#8243;][vc_column_text]\n<h3>Movie production and audio-visual in Tunisia<\/h3>\n<p>&nbsp;<\/p>\n<p>Tunisia land of many cultures, rich in varied landscapes , offering sublime designs for creative film and audio -visual. The infrastructure availability and qualified technician as well as exceptional weather and lighting conditions make Tunisia a relentless destination for foreign productions wishing shot in Tunisia. For this we provide the producer or director want to turn Tunisia logistical, technical and artistic assistance. [\/vc_column_text][vc_empty_space height=&#8221;20px&#8221;]<a href=\"https:\/\/skycam.tn\/tournage-tunisie\/\" target=\"_self\" class=\"qbutton  tiny\" style=\"\">VIEW..<i class=\"fa fa-angle-right fa-lg\" style=\"\"><\/i><\/a>[\/vc_column_inner][\/vc_row_inner][vc_empty_space height=&#8221;10px&#8221;][\/vc_column][\/vc_row]\n\n\n\n<figure class=\"wp-block-gallery has-nested-images columns-6 is-cropped wp-block-gallery-2 is-layout-flex wp-block-gallery-is-layout-flex\">\n<figure class=\"wp-block-image size-large is-style-default\"><img loading=\"lazy\" decoding=\"async\" width=\"198\" height=\"159\" data-id=\"10537\" src=\"https:\/\/skycam.tn\/wp-content\/uploads\/2022\/02\/Inspiring-3.png\" alt=\"\" class=\"wp-image-10537\"\/><\/figure>\n\n\n\n<figure class=\"wp-block-image size-large\"><img loading=\"lazy\" decoding=\"async\" width=\"198\" height=\"159\" data-id=\"10539\" src=\"https:\/\/skycam.tn\/wp-content\/uploads\/2022\/02\/AFT.png\" alt=\"\" class=\"wp-image-10539\"\/><\/figure>\n\n\n\n<figure class=\"wp-block-image size-large\"><img loading=\"lazy\" decoding=\"async\" width=\"198\" height=\"159\" data-id=\"10540\" src=\"https:\/\/skycam.tn\/wp-content\/uploads\/2022\/02\/American-Battle.png\" alt=\"\" class=\"wp-image-10540\"\/><\/figure>\n\n\n\n<figure class=\"wp-block-image size-large\"><img loading=\"lazy\" decoding=\"async\" width=\"198\" height=\"159\" data-id=\"10541\" src=\"https:\/\/skycam.tn\/wp-content\/uploads\/2022\/02\/Azur-City.png\" alt=\"\" class=\"wp-image-10541\"\/><\/figure>\n\n\n\n<figure class=\"wp-block-image size-large\"><img loading=\"lazy\" decoding=\"async\" width=\"198\" height=\"159\" data-id=\"10542\" src=\"https:\/\/skycam.tn\/wp-content\/uploads\/2022\/02\/Elephant.png\" alt=\"\" class=\"wp-image-10542\"\/><\/figure>\n\n\n\n<figure class=\"wp-block-image size-large\"><img loading=\"lazy\" decoding=\"async\" width=\"198\" height=\"159\" data-id=\"10544\" src=\"https:\/\/skycam.tn\/wp-content\/uploads\/2022\/02\/Magic-Life.png\" alt=\"\" class=\"wp-image-10544\"\/><\/figure>\n\n\n\n<figure class=\"wp-block-image size-large\"><img loading=\"lazy\" decoding=\"async\" width=\"198\" height=\"159\" data-id=\"10543\" src=\"https:\/\/skycam.tn\/wp-content\/uploads\/2022\/02\/France-tv.png\" alt=\"\" class=\"wp-image-10543\"\/><\/figure>\n\n\n\n<figure class=\"wp-block-image size-large\"><img loading=\"lazy\" decoding=\"async\" width=\"198\" height=\"159\" data-id=\"10546\" src=\"https:\/\/skycam.tn\/wp-content\/uploads\/2022\/02\/Watanya.png\" alt=\"\" class=\"wp-image-10546\"\/><\/figure>\n\n\n\n<figure class=\"wp-block-image size-large\"><img loading=\"lazy\" decoding=\"async\" width=\"198\" height=\"159\" data-id=\"10545\" src=\"https:\/\/skycam.tn\/wp-content\/uploads\/2022\/02\/Visiteon.png\" alt=\"\" class=\"wp-image-10545\"\/><\/figure>\n\n\n\n<figure class=\"wp-block-image size-large\"><img loading=\"lazy\" decoding=\"async\" width=\"198\" height=\"159\" data-id=\"10551\" src=\"https:\/\/skycam.tn\/wp-content\/uploads\/2022\/02\/UMED.png\" alt=\"\" class=\"wp-image-10551\"\/><\/figure>\n\n\n\n<figure class=\"wp-block-image size-large\"><img loading=\"lazy\" decoding=\"async\" width=\"198\" height=\"159\" data-id=\"10552\" src=\"https:\/\/skycam.tn\/wp-content\/uploads\/2022\/02\/ARTE.png\" alt=\"\" class=\"wp-image-10552\"\/><\/figure>\n<\/figure>\n\n\n[vc_row row_type=&#8221;row&#8221; text_align=&#8221;left&#8221; css_animation=&#8221;&#8221;][vc_column][vc_column_text]","protected":false},"excerpt":{"rendered":"<p>SKYCAM TUNISIA DRONE COMPANYAT THE SERVICE OF PROFESSIONALS AND INDIVIDUALS &nbsp; [vc_row row_type=&#8221;row&#8221; text_align=&#8221;left&#8221; css_animation=&#8221;&#8221;][vc_column][vc_video link=&#8221;https:\/\/vimeo.com\/354868557&#8243; align=&#8221;center&#8221;][\/vc_column][\/vc_row] [vc_row row_type=&#8221;section&#8221; type=&#8221;grid&#8221; text_align=&#8221;justify&#8221; video=&#8221;&#8221; padding_top=&#8221;100&#8243; padding_bottom=&#8221;87&#8243;][vc_column][vc_row_inner row_type=&#8221;row&#8221; text_align=&#8221;justify&#8221; css_animation=&#8221;&#8221;][vc_column_inner width=&#8221;1\/3&#8243;][\/vc_column_inner][vc_column_inner width=&#8221;1\/3&#8243;][\/vc_column_inner][vc_column_inner width=&#8221;1\/3&#8243;][\/vc_column_inner][\/vc_row_inner][vc_row_inner row_type=&#8221;row&#8221; text_align=&#8221;left&#8221; css_animation=&#8221;&#8221;][vc_column_inner width=&#8221;1\/2&#8243;] [\/vc_column_inner][vc_column_inner width=&#8221;1\/2&#8243;][vc_column_text] Tournage cin\u00e9matographique et audio-visuel en Tunisie &nbsp; La Tunisie&#8230;<\/p>\n","protected":false},"author":1,"featured_media":8475,"parent":0,"menu_order":0,"comment_status":"closed","ping_status":"closed","template":"","meta":{"footnotes":""},"class_list":["post-4699","page","type-page","status-publish","has-post-thumbnail","hentry"],"yoast_head":"<!-- This site is optimized with the Yoast SEO plugin v26.9 - https:\/\/yoast.com\/product\/yoast-seo-wordpress\/ -->\n<title>Prise de vue aerienne Tunisie, SkyCam, Aerial photography<\/title>\n<meta name=\"description\" content=\"SKYCAM Tunisie, sp\u00e9cialiste dans la r\u00e9alisation de prise de vue a\u00e9rienne professionnelle par les op\u00e9rateurs drone et h\u00e9licopt\u00e8re.\" \/>\n<meta name=\"robots\" content=\"index, follow, max-snippet:-1, max-image-preview:large, max-video-preview:-1\" \/>\n<link rel=\"canonical\" href=\"https:\/\/skycam.tn\/\" \/>\n<meta property=\"og:locale\" content=\"en_US\" \/>\n<meta property=\"og:type\" content=\"article\" \/>\n<meta property=\"og:title\" content=\"Prise de vue aerienne Tunisie, SkyCam, Aerial photography\" \/>\n<meta property=\"og:description\" content=\"SKYCAM Tunisie, sp\u00e9cialiste dans la r\u00e9alisation de prise de vue a\u00e9rienne professionnelle par les op\u00e9rateurs drone et h\u00e9licopt\u00e8re.\" \/>\n<meta property=\"og:url\" content=\"https:\/\/skycam.tn\/\" \/>\n<meta property=\"og:site_name\" content=\"Prise de vue aerienne Tunisie, SkyCam, Aerial photography\" \/>\n<meta property=\"article:publisher\" content=\"https:\/\/www.facebook.com\/SkyCam-Tunisia-1558355201123457\/?fref=ts\" \/>\n<meta property=\"article:modified_time\" content=\"2026-03-18T09:07:58+00:00\" \/>\n<meta property=\"og:image\" content=\"https:\/\/skycam.tn\/wp-content\/uploads\/2019\/03\/Slid1-1.jpg\" \/>\n\t<meta property=\"og:image:width\" content=\"1918\" \/>\n\t<meta property=\"og:image:height\" content=\"700\" \/>\n\t<meta property=\"og:image:type\" content=\"image\/jpeg\" \/>\n<meta name=\"twitter:card\" content=\"summary_large_image\" \/>\n<meta name=\"twitter:label1\" content=\"Est. reading time\" \/>\n\t<meta name=\"twitter:data1\" content=\"9 minutes\" \/>\n<script type=\"application\/ld+json\" class=\"yoast-schema-graph\">{\"@context\":\"https:\/\/schema.org\",\"@graph\":[{\"@type\":\"WebPage\",\"@id\":\"https:\/\/skycam.tn\/\",\"url\":\"https:\/\/skycam.tn\/\",\"name\":\"Prise de vue aerienne Tunisie, SkyCam, Aerial photography\",\"isPartOf\":{\"@id\":\"https:\/\/skycam.tn\/#website\"},\"primaryImageOfPage\":{\"@id\":\"https:\/\/skycam.tn\/#primaryimage\"},\"image\":{\"@id\":\"https:\/\/skycam.tn\/#primaryimage\"},\"thumbnailUrl\":\"https:\/\/skycam.tn\/wp-content\/uploads\/2019\/03\/Slid1-1.jpg\",\"datePublished\":\"2013-11-19T13:33:34+00:00\",\"dateModified\":\"2026-03-18T09:07:58+00:00\",\"description\":\"SKYCAM Tunisie, sp\u00e9cialiste dans la r\u00e9alisation de prise de vue a\u00e9rienne professionnelle par les op\u00e9rateurs drone et h\u00e9licopt\u00e8re.\",\"breadcrumb\":{\"@id\":\"https:\/\/skycam.tn\/#breadcrumb\"},\"inLanguage\":\"en-US\",\"potentialAction\":[{\"@type\":\"ReadAction\",\"target\":[\"https:\/\/skycam.tn\/\"]}]},{\"@type\":\"ImageObject\",\"inLanguage\":\"en-US\",\"@id\":\"https:\/\/skycam.tn\/#primaryimage\",\"url\":\"https:\/\/skycam.tn\/wp-content\/uploads\/2019\/03\/Slid1-1.jpg\",\"contentUrl\":\"https:\/\/skycam.tn\/wp-content\/uploads\/2019\/03\/Slid1-1.jpg\",\"width\":1918,\"height\":700},{\"@type\":\"BreadcrumbList\",\"@id\":\"https:\/\/skycam.tn\/#breadcrumb\",\"itemListElement\":[{\"@type\":\"ListItem\",\"position\":1,\"name\":\"Accueil\",\"item\":\"https:\/\/skycam.tn\/\"},{\"@type\":\"ListItem\",\"position\":2,\"name\":\"Accueil\"}]},{\"@type\":\"WebSite\",\"@id\":\"https:\/\/skycam.tn\/#website\",\"url\":\"https:\/\/skycam.tn\/\",\"name\":\"Prise de vue aerienne Tunisie, SkyCam, Aerial photography\",\"description\":\"\",\"potentialAction\":[{\"@type\":\"SearchAction\",\"target\":{\"@type\":\"EntryPoint\",\"urlTemplate\":\"https:\/\/skycam.tn\/?s={search_term_string}\"},\"query-input\":{\"@type\":\"PropertyValueSpecification\",\"valueRequired\":true,\"valueName\":\"search_term_string\"}}],\"inLanguage\":\"en-US\"}]}<\/script>\n<!-- \/ Yoast SEO plugin. -->","yoast_head_json":{"title":"Prise de vue aerienne Tunisie, SkyCam, Aerial photography","description":"SKYCAM Tunisie, sp\u00e9cialiste dans la r\u00e9alisation de prise de vue a\u00e9rienne professionnelle par les op\u00e9rateurs drone et h\u00e9licopt\u00e8re.","robots":{"index":"index","follow":"follow","max-snippet":"max-snippet:-1","max-image-preview":"max-image-preview:large","max-video-preview":"max-video-preview:-1"},"canonical":"https:\/\/skycam.tn\/","og_locale":"en_US","og_type":"article","og_title":"Prise de vue aerienne Tunisie, SkyCam, Aerial photography","og_description":"SKYCAM Tunisie, sp\u00e9cialiste dans la r\u00e9alisation de prise de vue a\u00e9rienne professionnelle par les op\u00e9rateurs drone et h\u00e9licopt\u00e8re.","og_url":"https:\/\/skycam.tn\/","og_site_name":"Prise de vue aerienne Tunisie, SkyCam, Aerial photography","article_publisher":"https:\/\/www.facebook.com\/SkyCam-Tunisia-1558355201123457\/?fref=ts","article_modified_time":"2026-03-18T09:07:58+00:00","og_image":[{"width":1918,"height":700,"url":"https:\/\/skycam.tn\/wp-content\/uploads\/2019\/03\/Slid1-1.jpg","type":"image\/jpeg"}],"twitter_card":"summary_large_image","twitter_misc":{"Est. reading time":"9 minutes"},"schema":{"@context":"https:\/\/schema.org","@graph":[{"@type":"WebPage","@id":"https:\/\/skycam.tn\/","url":"https:\/\/skycam.tn\/","name":"Prise de vue aerienne Tunisie, SkyCam, Aerial photography","isPartOf":{"@id":"https:\/\/skycam.tn\/#website"},"primaryImageOfPage":{"@id":"https:\/\/skycam.tn\/#primaryimage"},"image":{"@id":"https:\/\/skycam.tn\/#primaryimage"},"thumbnailUrl":"https:\/\/skycam.tn\/wp-content\/uploads\/2019\/03\/Slid1-1.jpg","datePublished":"2013-11-19T13:33:34+00:00","dateModified":"2026-03-18T09:07:58+00:00","description":"SKYCAM Tunisie, sp\u00e9cialiste dans la r\u00e9alisation de prise de vue a\u00e9rienne professionnelle par les op\u00e9rateurs drone et h\u00e9licopt\u00e8re.","breadcrumb":{"@id":"https:\/\/skycam.tn\/#breadcrumb"},"inLanguage":"en-US","potentialAction":[{"@type":"ReadAction","target":["https:\/\/skycam.tn\/"]}]},{"@type":"ImageObject","inLanguage":"en-US","@id":"https:\/\/skycam.tn\/#primaryimage","url":"https:\/\/skycam.tn\/wp-content\/uploads\/2019\/03\/Slid1-1.jpg","contentUrl":"https:\/\/skycam.tn\/wp-content\/uploads\/2019\/03\/Slid1-1.jpg","width":1918,"height":700},{"@type":"BreadcrumbList","@id":"https:\/\/skycam.tn\/#breadcrumb","itemListElement":[{"@type":"ListItem","position":1,"name":"Accueil","item":"https:\/\/skycam.tn\/"},{"@type":"ListItem","position":2,"name":"Accueil"}]},{"@type":"WebSite","@id":"https:\/\/skycam.tn\/#website","url":"https:\/\/skycam.tn\/","name":"Prise de vue aerienne Tunisie, SkyCam, Aerial photography","description":"","potentialAction":[{"@type":"SearchAction","target":{"@type":"EntryPoint","urlTemplate":"https:\/\/skycam.tn\/?s={search_term_string}"},"query-input":{"@type":"PropertyValueSpecification","valueRequired":true,"valueName":"search_term_string"}}],"inLanguage":"en-US"}]}},"_links":{"self":[{"href":"https:\/\/skycam.tn\/en\/wp-json\/wp\/v2\/pages\/4699"}],"collection":[{"href":"https:\/\/skycam.tn\/en\/wp-json\/wp\/v2\/pages"}],"about":[{"href":"https:\/\/skycam.tn\/en\/wp-json\/wp\/v2\/types\/page"}],"author":[{"embeddable":true,"href":"https:\/\/skycam.tn\/en\/wp-json\/wp\/v2\/users\/1"}],"replies":[{"embeddable":true,"href":"https:\/\/skycam.tn\/en\/wp-json\/wp\/v2\/comments?post=4699"}],"version-history":[{"count":304,"href":"https:\/\/skycam.tn\/en\/wp-json\/wp\/v2\/pages\/4699\/revisions"}],"predecessor-version":[{"id":12941,"href":"https:\/\/skycam.tn\/en\/wp-json\/wp\/v2\/pages\/4699\/revisions\/12941"}],"wp:featuredmedia":[{"embeddable":true,"href":"https:\/\/skycam.tn\/en\/wp-json\/wp\/v2\/media\/8475"}],"wp:attachment":[{"href":"https:\/\/skycam.tn\/en\/wp-json\/wp\/v2\/media?parent=4699"}],"curies":[{"name":"wp","href":"https:\/\/api.w.org\/{rel}","templated":true}]}}