{"id":1384,"date":"2013-10-16T10:17:00","date_gmt":"2013-10-16T10:17:00","guid":{"rendered":"http:\/\/demo.qodeinteractive.com\/elision\/?page_id=1384"},"modified":"2021-09-24T12:39:26","modified_gmt":"2021-09-24T11:39:26","slug":"portfolio","status":"publish","type":"page","link":"https:\/\/skycam.tn\/en\/portfolio\/","title":{"rendered":"References"},"content":{"rendered":"<div class=\"wpb-content-wrapper\">[vc_row][vc_column width=&#8221;1\/1&#8243;][vc_separator type=&#8221;transparent&#8221; up=&#8221;20&#8243; down=&#8221;20&#8243;]<div class='projects_holder_outer v5'><div class='projects_holder clearfix v5 hover_text no_space'>\n<article class='mix '><div class='image_holder'><span class='image'><\/span><div class='hover_feature_holder'><span class=\"hover_feature_holder_icons\"><span class=\"hover_feature_holder_icons_outer\"><span class=\"hover_feature_holder_icons_inner\"><a class='lightbox' title='video' href='' data-rel='prettyPhoto[pretty_photo_gallery]'><i class='fa fa-search fa-2x'><\/i><\/a><a class='preview' target='_self' href='https:\/\/skycam.tn\/en\/portfolio_page\/video\/'><i class='fa fa-link fa-2x'><\/i><\/a><\/span><\/span><\/span><div class=\"hover_feature_holder_title\"><div class=\"hover_feature_holder_title_inner\"><h4 class=\"portfolio_title\"><a href=\"https:\/\/skycam.tn\/en\/portfolio_page\/video\/\" target=\"_self\">video<\/a><\/h4><span class=\"project_category\"><\/span><\/div><\/div><\/div><\/div><\/article>\n<article class='mix photo '><div class='image_holder'><span class='image'><\/span><div class='hover_feature_holder'><span class=\"hover_feature_holder_icons\"><span class=\"hover_feature_holder_icons_outer\"><span class=\"hover_feature_holder_icons_inner\"><a class='lightbox' title='Gallerie' href='' data-rel='prettyPhoto[pretty_photo_gallery]'><i class='fa fa-search fa-2x'><\/i><\/a><a class='preview' target='_self' href='https:\/\/skycam.tn\/en\/portfolio_page\/gallerie\/'><i class='fa fa-link fa-2x'><\/i><\/a><\/span><\/span><\/span><div class=\"hover_feature_holder_title\"><div class=\"hover_feature_holder_title_inner\"><h4 class=\"portfolio_title\"><a href=\"https:\/\/skycam.tn\/en\/portfolio_page\/gallerie\/\" target=\"_self\">Gallerie<\/a><\/h4><span class=\"project_category\">gallery photo<\/span><\/div><\/div><\/div><\/div><\/article>\n<div class='filler'><\/div>\n<div class='filler'><\/div>\n<div class='filler'><\/div>\n<div class='filler'><\/div>\n<div class='filler'><\/div>\n<\/div><\/div>[vc_separator type=&#8221;transparent&#8221; up=&#8221;20&#8243; down=&#8221;20&#8243;][\/vc_column][\/vc_row]\n<\/div>","protected":false},"excerpt":{"rendered":"<p>[vc_row][vc_column width=&#8221;1\/1&#8243;][vc_separator type=&#8221;transparent&#8221; up=&#8221;20&#8243; down=&#8221;20&#8243;][vc_separator type=&#8221;transparent&#8221; up=&#8221;20&#8243; down=&#8221;20&#8243;][\/vc_column][\/vc_row]<\/p>\n","protected":false},"author":1,"featured_media":0,"parent":0,"menu_order":0,"comment_status":"open","ping_status":"closed","template":"","meta":{"footnotes":""},"class_list":["post-1384","page","type-page","status-publish","hentry"],"yoast_head":"<!-- This site is optimized with the Yoast SEO plugin v26.9 - https:\/\/yoast.com\/product\/yoast-seo-wordpress\/ -->\n<title>Photographies et vid\u00e9os des vues a\u00e9riennes op\u00e9rateur drone<\/title>\n<meta name=\"description\" content=\"Cette rubrique met en valeur des photographies et des vid\u00e9os des diff\u00e9rentes vues a\u00e9riennes en Tunisie par l&#039;op\u00e9rateur drone et h\u00e9licopt\u00e8re, SKYCAM Tunisie\" \/>\n<meta name=\"robots\" content=\"index, follow, max-snippet:-1, max-image-preview:large, max-video-preview:-1\" \/>\n<link rel=\"canonical\" href=\"https:\/\/skycam.tn\/portfolio\/\" \/>\n<meta property=\"og:locale\" content=\"en_US\" \/>\n<meta property=\"og:type\" content=\"article\" \/>\n<meta property=\"og:title\" content=\"Photographies et vid\u00e9os des vues a\u00e9riennes op\u00e9rateur drone\" \/>\n<meta property=\"og:description\" content=\"Cette rubrique met en valeur des photographies et des vid\u00e9os des diff\u00e9rentes vues a\u00e9riennes en Tunisie par l&#039;op\u00e9rateur drone et h\u00e9licopt\u00e8re, SKYCAM Tunisie\" \/>\n<meta property=\"og:url\" content=\"https:\/\/skycam.tn\/portfolio\/\" \/>\n<meta property=\"og:site_name\" content=\"Prise de vue aerienne Tunisie, SkyCam, Aerial photography\" \/>\n<meta property=\"article:publisher\" content=\"https:\/\/www.facebook.com\/SkyCam-Tunisia-1558355201123457\/?fref=ts\" \/>\n<meta property=\"article:modified_time\" content=\"2021-09-24T11:39:26+00:00\" \/>\n<meta name=\"twitter:card\" content=\"summary_large_image\" \/>\n<meta name=\"twitter:label1\" content=\"Est. reading time\" \/>\n\t<meta name=\"twitter:data1\" content=\"1 minute\" \/>\n<script type=\"application\/ld+json\" class=\"yoast-schema-graph\">{\"@context\":\"https:\/\/schema.org\",\"@graph\":[{\"@type\":\"WebPage\",\"@id\":\"https:\/\/skycam.tn\/portfolio\/\",\"url\":\"https:\/\/skycam.tn\/portfolio\/\",\"name\":\"Photographies et vid\u00e9os des vues a\u00e9riennes op\u00e9rateur drone\",\"isPartOf\":{\"@id\":\"https:\/\/skycam.tn\/#website\"},\"datePublished\":\"2013-10-16T10:17:00+00:00\",\"dateModified\":\"2021-09-24T11:39:26+00:00\",\"description\":\"Cette rubrique met en valeur des photographies et des vid\u00e9os des diff\u00e9rentes vues a\u00e9riennes en Tunisie par l'op\u00e9rateur drone et h\u00e9licopt\u00e8re, SKYCAM Tunisie\",\"breadcrumb\":{\"@id\":\"https:\/\/skycam.tn\/portfolio\/#breadcrumb\"},\"inLanguage\":\"en-US\",\"potentialAction\":[{\"@type\":\"ReadAction\",\"target\":[\"https:\/\/skycam.tn\/portfolio\/\"]}]},{\"@type\":\"BreadcrumbList\",\"@id\":\"https:\/\/skycam.tn\/portfolio\/#breadcrumb\",\"itemListElement\":[{\"@type\":\"ListItem\",\"position\":1,\"name\":\"Accueil\",\"item\":\"https:\/\/skycam.tn\/\"},{\"@type\":\"ListItem\",\"position\":2,\"name\":\"R\u00e9f\u00e9rences\"}]},{\"@type\":\"WebSite\",\"@id\":\"https:\/\/skycam.tn\/#website\",\"url\":\"https:\/\/skycam.tn\/\",\"name\":\"Prise de vue aerienne Tunisie, SkyCam, Aerial photography\",\"description\":\"\",\"potentialAction\":[{\"@type\":\"SearchAction\",\"target\":{\"@type\":\"EntryPoint\",\"urlTemplate\":\"https:\/\/skycam.tn\/?s={search_term_string}\"},\"query-input\":{\"@type\":\"PropertyValueSpecification\",\"valueRequired\":true,\"valueName\":\"search_term_string\"}}],\"inLanguage\":\"en-US\"}]}<\/script>\n<!-- \/ Yoast SEO plugin. -->","yoast_head_json":{"title":"Photographies et vid\u00e9os des vues a\u00e9riennes op\u00e9rateur drone","description":"Cette rubrique met en valeur des photographies et des vid\u00e9os des diff\u00e9rentes vues a\u00e9riennes en Tunisie par l'op\u00e9rateur drone et h\u00e9licopt\u00e8re, SKYCAM Tunisie","robots":{"index":"index","follow":"follow","max-snippet":"max-snippet:-1","max-image-preview":"max-image-preview:large","max-video-preview":"max-video-preview:-1"},"canonical":"https:\/\/skycam.tn\/portfolio\/","og_locale":"en_US","og_type":"article","og_title":"Photographies et vid\u00e9os des vues a\u00e9riennes op\u00e9rateur drone","og_description":"Cette rubrique met en valeur des photographies et des vid\u00e9os des diff\u00e9rentes vues a\u00e9riennes en Tunisie par l'op\u00e9rateur drone et h\u00e9licopt\u00e8re, SKYCAM Tunisie","og_url":"https:\/\/skycam.tn\/portfolio\/","og_site_name":"Prise de vue aerienne Tunisie, SkyCam, Aerial photography","article_publisher":"https:\/\/www.facebook.com\/SkyCam-Tunisia-1558355201123457\/?fref=ts","article_modified_time":"2021-09-24T11:39:26+00:00","twitter_card":"summary_large_image","twitter_misc":{"Est. reading time":"1 minute"},"schema":{"@context":"https:\/\/schema.org","@graph":[{"@type":"WebPage","@id":"https:\/\/skycam.tn\/portfolio\/","url":"https:\/\/skycam.tn\/portfolio\/","name":"Photographies et vid\u00e9os des vues a\u00e9riennes op\u00e9rateur drone","isPartOf":{"@id":"https:\/\/skycam.tn\/#website"},"datePublished":"2013-10-16T10:17:00+00:00","dateModified":"2021-09-24T11:39:26+00:00","description":"Cette rubrique met en valeur des photographies et des vid\u00e9os des diff\u00e9rentes vues a\u00e9riennes en Tunisie par l'op\u00e9rateur drone et h\u00e9licopt\u00e8re, SKYCAM Tunisie","breadcrumb":{"@id":"https:\/\/skycam.tn\/portfolio\/#breadcrumb"},"inLanguage":"en-US","potentialAction":[{"@type":"ReadAction","target":["https:\/\/skycam.tn\/portfolio\/"]}]},{"@type":"BreadcrumbList","@id":"https:\/\/skycam.tn\/portfolio\/#breadcrumb","itemListElement":[{"@type":"ListItem","position":1,"name":"Accueil","item":"https:\/\/skycam.tn\/"},{"@type":"ListItem","position":2,"name":"R\u00e9f\u00e9rences"}]},{"@type":"WebSite","@id":"https:\/\/skycam.tn\/#website","url":"https:\/\/skycam.tn\/","name":"Prise de vue aerienne Tunisie, SkyCam, Aerial photography","description":"","potentialAction":[{"@type":"SearchAction","target":{"@type":"EntryPoint","urlTemplate":"https:\/\/skycam.tn\/?s={search_term_string}"},"query-input":{"@type":"PropertyValueSpecification","valueRequired":true,"valueName":"search_term_string"}}],"inLanguage":"en-US"}]}},"_links":{"self":[{"href":"https:\/\/skycam.tn\/en\/wp-json\/wp\/v2\/pages\/1384"}],"collection":[{"href":"https:\/\/skycam.tn\/en\/wp-json\/wp\/v2\/pages"}],"about":[{"href":"https:\/\/skycam.tn\/en\/wp-json\/wp\/v2\/types\/page"}],"author":[{"embeddable":true,"href":"https:\/\/skycam.tn\/en\/wp-json\/wp\/v2\/users\/1"}],"replies":[{"embeddable":true,"href":"https:\/\/skycam.tn\/en\/wp-json\/wp\/v2\/comments?post=1384"}],"version-history":[{"count":10,"href":"https:\/\/skycam.tn\/en\/wp-json\/wp\/v2\/pages\/1384\/revisions"}],"predecessor-version":[{"id":10137,"href":"https:\/\/skycam.tn\/en\/wp-json\/wp\/v2\/pages\/1384\/revisions\/10137"}],"wp:attachment":[{"href":"https:\/\/skycam.tn\/en\/wp-json\/wp\/v2\/media?parent=1384"}],"curies":[{"name":"wp","href":"https:\/\/api.w.org\/{rel}","templated":true}]}}